{"id":18022,"date":"2021-03-31T23:27:31","date_gmt":"2021-03-31T23:27:31","guid":{"rendered":"https:\/\/southamericaplanet.com\/?page_id=18022"},"modified":"2022-06-15T03:59:18","modified_gmt":"2022-06-15T03:59:18","slug":"our-licenses","status":"publish","type":"page","link":"https:\/\/southamericaplanet.com\/es\/our-licenses\/","title":{"rendered":"Nuestras Licencias"},"content":{"rendered":"<p>Southamericaplanet es un tour operador 100% peruano con sede en Cusco y Lima \u2013 Per\u00fa. Somos una empresa familiar enfocada en la calidad de servicio y la sustentabilidad. Tenemos pasi\u00f3n por los proyectos sociales, la naturaleza y los clientes felices. Tenemos licencia completa: a continuaci\u00f3n se muestra una copia de todas las licencias relevantes. Estos son todos obtenidos del gobierno y de las autoridades peruanas de turismo. Cumplimos con todas las leyes peruanas, incluido el pago de impuestos adecuados y el cumplimiento de todas las leyes de derechos laborales para todo nuestro personal. Cuando elige viajar con Southamericaplanet (Amazing Holidays Sac), sabe que est\u00e1 en buenas manos. Siempre daremos un paso m\u00e1s para asegurarnos de que estas sean sus mejores vacaciones, lo cual ha sido reconocido por nuestros clientes que nos han ayudado a mantener 19 a\u00f1os en el mercado tur\u00edstico. Estamos emocionados de conocerlos a todos y llevarlos a una experiencia peruana verdaderamente \u00fanica y memorable.<\/p>\n<p>ngg_shortcode_0_placeholder<strong>GROUP SOUTH AMERICA PLANET<\/strong><\/p>\n<p><strong>1\/Amazing Holidays Tours<\/strong><\/p>\n<p><strong>RUC<\/strong>&nbsp;: 20600751850<\/p>\n<p><strong>2\/America Trek SAC<\/strong><\/p>\n<p><strong>RUC<\/strong>&nbsp;:20600794737<\/p>\n<p><strong>Office Cusco, Per\u00fa<\/strong><\/p>\n<ul>\n<li>CALLE SAN AGUSTIN #307\/ OFF. 116 dept. F\/ Operations + Trekking<\/li>\n<li><strong>Tel:<\/strong>&nbsp;+51 84 251145&nbsp; &nbsp;<\/li>\n<li><a href=\"https:\/\/goo.gl\/maps\/C2Qhk8Na9fDhWty26\" target=\"_blank\" rel=\"noopener\">Google Maps<\/a><\/li>\n<\/ul>\n<p><strong>Customer service<\/strong><\/p>\n<ul>\n<li><strong>Office:<\/strong>&nbsp;Monday to Friday. Saturday till 1pm \u2013 Sunday closed.<\/li>\n<li><strong>Business hours<\/strong>: 8 AM to 1 PM and 4 PM to 8 PM.<\/li>\n<\/ul>\n<p><strong>Contact information<\/strong><\/p>\n<ul>\n<li><strong>Email:<\/strong>&nbsp;<a href=\"mailto:info@southamericaplanet.com\" target=\"_blank\" rel=\"noopener\">info@southamericaplanet.com<\/a><\/li>\n<li><strong>Skype:<\/strong>&nbsp;southamericaplanet<\/li>\n<\/ul>\n<p><strong>Emergency number<\/strong><\/p>\n<ul>\n<li><strong>Cel phone:<\/strong>&nbsp;(+51) 984 112 504<\/li>\n<li><strong>WhatsApp:<\/strong>&nbsp;(+51) 984 577 011<\/li>\n<\/ul>\n<p><strong>Certified company<\/strong><\/p>\n","protected":false},"excerpt":{"rendered":"<p>Southamericaplanet es un tour operador 100% peruano con sede en Cusco y Lima \u2013 Per\u00fa. Somos una empresa familiar enfocada en la calidad de servicio y la sustentabilidad. Tenemos pasi\u00f3n por los&#8230;<\/p>\n","protected":false},"author":3,"featured_media":6742,"parent":0,"menu_order":20,"comment_status":"closed","ping_status":"closed","template":"","meta":{"_acf_changed":false,"ngg_post_thumbnail":0,"footnotes":""},"class_list":["post-18022","page","type-page","status-publish","has-post-thumbnail","hentry"],"acf":[],"yoast_head":"<!-- This site is optimized with the Yoast SEO plugin v26.3 - https:\/\/yoast.com\/wordpress\/plugins\/seo\/ -->\n<title>Nuestras Licencias<\/title>\n<meta name=\"robots\" content=\"index, follow, max-snippet:-1, max-image-preview:large, max-video-preview:-1\" \/>\n<link rel=\"canonical\" href=\"https:\/\/southamericaplanet.com\/es\/our-licenses\/\" \/>\n<meta property=\"og:locale\" content=\"es_ES\" \/>\n<meta property=\"og:locale:alternate\" content=\"en_US\" \/>\n<meta property=\"og:locale:alternate\" content=\"nl_NL\" \/>\n<meta property=\"og:type\" content=\"article\" \/>\n<meta property=\"og:title\" content=\"Nuestras Licencias\" \/>\n<meta property=\"og:description\" content=\"Southamericaplanet es un tour operador 100% peruano con sede en Cusco y Lima \u2013 Per\u00fa. Somos una empresa familiar enfocada en la calidad de servicio y la sustentabilidad. Tenemos pasi\u00f3n por los...\" \/>\n<meta property=\"og:url\" content=\"https:\/\/southamericaplanet.com\/es\/our-licenses\/\" \/>\n<meta property=\"article:publisher\" content=\"https:\/\/www.facebook.com\/Southamericaplanet\" \/>\n<meta property=\"article:modified_time\" content=\"2022-06-15T03:59:18+00:00\" \/>\n<meta property=\"og:image\" content=\"https:\/\/southamericaplanet.com\/wp-content\/uploads\/2018\/03\/WhatsApp-Image-2017-11-20-at-8.34.49-AM.jpeg\" \/>\n\t<meta property=\"og:image:width\" content=\"1280\" \/>\n\t<meta property=\"og:image:height\" content=\"960\" \/>\n\t<meta property=\"og:image:type\" content=\"image\/jpeg\" \/>\n<meta name=\"twitter:card\" content=\"summary_large_image\" \/>\n<meta name=\"twitter:label1\" content=\"Est. reading time\" \/>\n\t<meta name=\"twitter:data1\" content=\"1 minuto\" \/>\n<script type=\"application\/ld+json\" class=\"yoast-schema-graph\">{\"@context\":\"https:\/\/schema.org\",\"@graph\":[{\"@type\":\"WebPage\",\"@id\":\"https:\/\/southamericaplanet.com\/nl\/our-licenses\/\",\"url\":\"https:\/\/southamericaplanet.com\/nl\/our-licenses\/\",\"name\":\"Nuestras Licencias\",\"isPartOf\":{\"@id\":\"https:\/\/southamericaplanet.com\/#website\"},\"primaryImageOfPage\":{\"@id\":\"https:\/\/southamericaplanet.com\/nl\/our-licenses\/#primaryimage\"},\"image\":{\"@id\":\"https:\/\/southamericaplanet.com\/nl\/our-licenses\/#primaryimage\"},\"thumbnailUrl\":\"https:\/\/southamericaplanet.com\/wp-content\/uploads\/2018\/03\/WhatsApp-Image-2017-11-20-at-8.34.49-AM.jpeg\",\"datePublished\":\"2021-03-31T23:27:31+00:00\",\"dateModified\":\"2022-06-15T03:59:18+00:00\",\"breadcrumb\":{\"@id\":\"https:\/\/southamericaplanet.com\/nl\/our-licenses\/#breadcrumb\"},\"inLanguage\":\"es-PE\",\"potentialAction\":[{\"@type\":\"ReadAction\",\"target\":[\"https:\/\/southamericaplanet.com\/nl\/our-licenses\/\"]}]},{\"@type\":\"ImageObject\",\"inLanguage\":\"es-PE\",\"@id\":\"https:\/\/southamericaplanet.com\/nl\/our-licenses\/#primaryimage\",\"url\":\"https:\/\/southamericaplanet.com\/wp-content\/uploads\/2018\/03\/WhatsApp-Image-2017-11-20-at-8.34.49-AM.jpeg\",\"contentUrl\":\"https:\/\/southamericaplanet.com\/wp-content\/uploads\/2018\/03\/WhatsApp-Image-2017-11-20-at-8.34.49-AM.jpeg\",\"width\":1280,\"height\":960,\"caption\":\"cusco office\"},{\"@type\":\"BreadcrumbList\",\"@id\":\"https:\/\/southamericaplanet.com\/nl\/our-licenses\/#breadcrumb\",\"itemListElement\":[{\"@type\":\"ListItem\",\"position\":1,\"name\":\"Home\",\"item\":\"https:\/\/southamericaplanet.com\/nl\/\"},{\"@type\":\"ListItem\",\"position\":2,\"name\":\"Onze licenties\"}]},{\"@type\":\"WebSite\",\"@id\":\"https:\/\/southamericaplanet.com\/#website\",\"url\":\"https:\/\/southamericaplanet.com\/\",\"name\":\"South America Planet\",\"description\":\"Agente de viajes Sudam\u00e9rica, viajes a Per\u00fa, Bolivia, Argentina, Chile, Colombia, Ecuador, tambi\u00e9n trekking, operador oficial incatrail\",\"publisher\":{\"@id\":\"https:\/\/southamericaplanet.com\/#organization\"},\"potentialAction\":[{\"@type\":\"SearchAction\",\"target\":{\"@type\":\"EntryPoint\",\"urlTemplate\":\"https:\/\/southamericaplanet.com\/?s={search_term_string}\"},\"query-input\":{\"@type\":\"PropertyValueSpecification\",\"valueRequired\":true,\"valueName\":\"search_term_string\"}}],\"inLanguage\":\"es-PE\"},{\"@type\":\"Organization\",\"@id\":\"https:\/\/southamericaplanet.com\/#organization\",\"name\":\"South America Planet\",\"url\":\"https:\/\/southamericaplanet.com\/\",\"logo\":{\"@type\":\"ImageObject\",\"inLanguage\":\"es-PE\",\"@id\":\"https:\/\/southamericaplanet.com\/#\/schema\/logo\/image\/\",\"url\":\"https:\/\/southamericaplanet.com\/wp-content\/uploads\/2016\/11\/114-logo.yj6w.jpg\",\"contentUrl\":\"https:\/\/southamericaplanet.com\/wp-content\/uploads\/2016\/11\/114-logo.yj6w.jpg\",\"width\":140,\"height\":140,\"caption\":\"South America Planet\"},\"image\":{\"@id\":\"https:\/\/southamericaplanet.com\/#\/schema\/logo\/image\/\"},\"sameAs\":[\"https:\/\/www.facebook.com\/Southamericaplanet\"]}]}<\/script>\n<!-- \/ Yoast SEO plugin. -->","yoast_head_json":{"title":"Nuestras Licencias","robots":{"index":"index","follow":"follow","max-snippet":"max-snippet:-1","max-image-preview":"max-image-preview:large","max-video-preview":"max-video-preview:-1"},"canonical":"https:\/\/southamericaplanet.com\/es\/our-licenses\/","og_locale":"es_ES","og_type":"article","og_title":"[:en]Our Licenses[:es]Nuestras Licencias[:nl]Onze licenties[:] -","og_description":"Southamericaplanet es un tour operador 100% peruano con sede en Cusco y Lima \u2013 Per\u00fa. Somos una empresa familiar enfocada en la calidad de servicio y la sustentabilidad. Tenemos pasi\u00f3n por los...","og_url":"https:\/\/southamericaplanet.com\/es\/our-licenses\/","article_publisher":"https:\/\/www.facebook.com\/Southamericaplanet","article_modified_time":"2022-06-15T03:59:18+00:00","og_image":[{"width":1280,"height":960,"url":"https:\/\/southamericaplanet.com\/wp-content\/uploads\/2018\/03\/WhatsApp-Image-2017-11-20-at-8.34.49-AM.jpeg","type":"image\/jpeg"}],"twitter_card":"summary_large_image","twitter_misc":{"Est. reading time":"1 minuto"},"schema":{"@context":"https:\/\/schema.org","@graph":[{"@type":"WebPage","@id":"https:\/\/southamericaplanet.com\/nl\/our-licenses\/","url":"https:\/\/southamericaplanet.com\/nl\/our-licenses\/","name":"Nuestras Licencias","isPartOf":{"@id":"https:\/\/southamericaplanet.com\/#website"},"primaryImageOfPage":{"@id":"https:\/\/southamericaplanet.com\/nl\/our-licenses\/#primaryimage"},"image":{"@id":"https:\/\/southamericaplanet.com\/nl\/our-licenses\/#primaryimage"},"thumbnailUrl":"https:\/\/southamericaplanet.com\/wp-content\/uploads\/2018\/03\/WhatsApp-Image-2017-11-20-at-8.34.49-AM.jpeg","datePublished":"2021-03-31T23:27:31+00:00","dateModified":"2022-06-15T03:59:18+00:00","breadcrumb":{"@id":"https:\/\/southamericaplanet.com\/nl\/our-licenses\/#breadcrumb"},"inLanguage":"es-PE","potentialAction":[{"@type":"ReadAction","target":["https:\/\/southamericaplanet.com\/nl\/our-licenses\/"]}]},{"@type":"ImageObject","inLanguage":"es-PE","@id":"https:\/\/southamericaplanet.com\/nl\/our-licenses\/#primaryimage","url":"https:\/\/southamericaplanet.com\/wp-content\/uploads\/2018\/03\/WhatsApp-Image-2017-11-20-at-8.34.49-AM.jpeg","contentUrl":"https:\/\/southamericaplanet.com\/wp-content\/uploads\/2018\/03\/WhatsApp-Image-2017-11-20-at-8.34.49-AM.jpeg","width":1280,"height":960,"caption":"cusco office"},{"@type":"BreadcrumbList","@id":"https:\/\/southamericaplanet.com\/nl\/our-licenses\/#breadcrumb","itemListElement":[{"@type":"ListItem","position":1,"name":"Home","item":"https:\/\/southamericaplanet.com\/nl\/"},{"@type":"ListItem","position":2,"name":"Onze licenties"}]},{"@type":"WebSite","@id":"https:\/\/southamericaplanet.com\/#website","url":"https:\/\/southamericaplanet.com\/","name":"South America Planet","description":"Agente de viajes Sudam\u00e9rica, viajes a Per\u00fa, Bolivia, Argentina, Chile, Colombia, Ecuador, tambi\u00e9n trekking, operador oficial incatrail","publisher":{"@id":"https:\/\/southamericaplanet.com\/#organization"},"potentialAction":[{"@type":"SearchAction","target":{"@type":"EntryPoint","urlTemplate":"https:\/\/southamericaplanet.com\/?s={search_term_string}"},"query-input":{"@type":"PropertyValueSpecification","valueRequired":true,"valueName":"search_term_string"}}],"inLanguage":"es-PE"},{"@type":"Organization","@id":"https:\/\/southamericaplanet.com\/#organization","name":"South America Planet","url":"https:\/\/southamericaplanet.com\/","logo":{"@type":"ImageObject","inLanguage":"es-PE","@id":"https:\/\/southamericaplanet.com\/#\/schema\/logo\/image\/","url":"https:\/\/southamericaplanet.com\/wp-content\/uploads\/2016\/11\/114-logo.yj6w.jpg","contentUrl":"https:\/\/southamericaplanet.com\/wp-content\/uploads\/2016\/11\/114-logo.yj6w.jpg","width":140,"height":140,"caption":"South America Planet"},"image":{"@id":"https:\/\/southamericaplanet.com\/#\/schema\/logo\/image\/"},"sameAs":["https:\/\/www.facebook.com\/Southamericaplanet"]}]}},"_links":{"self":[{"href":"https:\/\/southamericaplanet.com\/es\/wp-json\/wp\/v2\/pages\/18022","targetHints":{"allow":["GET"]}}],"collection":[{"href":"https:\/\/southamericaplanet.com\/es\/wp-json\/wp\/v2\/pages"}],"about":[{"href":"https:\/\/southamericaplanet.com\/es\/wp-json\/wp\/v2\/types\/page"}],"author":[{"embeddable":true,"href":"https:\/\/southamericaplanet.com\/es\/wp-json\/wp\/v2\/users\/3"}],"replies":[{"embeddable":true,"href":"https:\/\/southamericaplanet.com\/es\/wp-json\/wp\/v2\/comments?post=18022"}],"version-history":[{"count":0,"href":"https:\/\/southamericaplanet.com\/es\/wp-json\/wp\/v2\/pages\/18022\/revisions"}],"wp:featuredmedia":[{"embeddable":true,"href":"https:\/\/southamericaplanet.com\/es\/wp-json\/wp\/v2\/media\/6742"}],"wp:attachment":[{"href":"https:\/\/southamericaplanet.com\/es\/wp-json\/wp\/v2\/media?parent=18022"}],"curies":[{"name":"wp","href":"https:\/\/api.w.org\/{rel}","templated":true}]}}