{"id":28602,"date":"2021-09-09T17:20:00","date_gmt":"2021-09-09T17:20:00","guid":{"rendered":"https:\/\/southamericaplanet.com\/?page_id=28602"},"modified":"2026-02-09T08:09:12","modified_gmt":"2026-02-09T08:09:12","slug":"travel-agent-to-south-america","status":"publish","type":"page","link":"https:\/\/southamericaplanet.com\/es\/","title":{"rendered":"Agente de viajes a Sudam\u00e9rica"},"content":{"rendered":"","protected":false},"excerpt":{"rendered":"","protected":false},"author":2,"featured_media":0,"parent":0,"menu_order":4,"comment_status":"closed","ping_status":"closed","template":"","meta":{"_acf_changed":false,"ngg_post_thumbnail":0,"footnotes":""},"class_list":["post-28602","page","type-page","status-publish","hentry"],"acf":[],"yoast_head":"<!-- This site is optimized with the Yoast SEO plugin v26.3 - https:\/\/yoast.com\/wordpress\/plugins\/seo\/ -->\n<title>Agente de viajes a Sudam\u00e9rica<\/title>\n<meta name=\"description\" content=\"La agencia de viajes mas importante de Sudam\u00e9rica. Viasjes en Per\u00fa, Bolivia, Argentina, Chile, Colombia, Ecuador. Trekkings como camino inca.\" \/>\n<meta name=\"robots\" content=\"index, follow, max-snippet:-1, max-image-preview:large, max-video-preview:-1\" \/>\n<link rel=\"canonical\" href=\"https:\/\/southamericaplanet.com\/es\/\" \/>\n<meta property=\"og:locale\" content=\"es_ES\" \/>\n<meta property=\"og:locale:alternate\" content=\"en_US\" \/>\n<meta property=\"og:locale:alternate\" content=\"nl_NL\" \/>\n<meta property=\"og:type\" content=\"article\" \/>\n<meta property=\"og:title\" content=\"Agente de viajes a Sudam\u00e9rica\" \/>\n<meta property=\"og:description\" content=\"Reeds 20 jaar erkende reisagent in Zuid-Amerika. Peru, Bolivia, Argentini\u00eb, Chili, Colombia, Ecuador reizen op maat. Inca trail operator.\" \/>\n<meta property=\"og:url\" content=\"https:\/\/southamericaplanet.com\/es\/\" \/>\n<meta property=\"article:publisher\" content=\"https:\/\/www.facebook.com\/Southamericaplanet\" \/>\n<meta property=\"article:modified_time\" content=\"2026-02-09T08:09:12+00:00\" \/>\n<meta property=\"og:image\" content=\"https:\/\/southamericaplanet.com\/wp-content\/uploads\/2022\/04\/South_America_Planet-favicon.png\" \/>\n\t<meta property=\"og:image:width\" content=\"800\" \/>\n\t<meta property=\"og:image:height\" content=\"800\" \/>\n\t<meta property=\"og:image:type\" content=\"image\/png\" \/>\n<meta name=\"twitter:card\" content=\"summary_large_image\" \/>\n<meta name=\"twitter:title\" content=\"South America Planet - Travel Agent to South America\" \/>\n<meta name=\"twitter:description\" content=\"The most important travel agent to South America. Tours in Peru, Bolivia, Argentina, Chile, Colombia, Ecuador. Also trekkings like Inca trail.\" \/>\n<meta name=\"twitter:image\" content=\"https:\/\/southamericaplanet.com\/wp-content\/uploads\/2022\/04\/South_America_Planet-favicon.png\" \/>\n<meta name=\"twitter:label1\" content=\"Est. reading time\" \/>\n\t<meta name=\"twitter:data1\" content=\"1 minuto\" \/>\n<script type=\"application\/ld+json\" class=\"yoast-schema-graph\">{\"@context\":\"https:\/\/schema.org\",\"@graph\":[{\"@type\":\"WebPage\",\"@id\":\"https:\/\/southamericaplanet.com\/nl\/\",\"url\":\"https:\/\/southamericaplanet.com\/\",\"name\":\"Agente de viajes a Sudam\u00e9rica\",\"isPartOf\":{\"@id\":\"https:\/\/southamericaplanet.com\/#website\"},\"datePublished\":\"2021-09-09T17:20:00+00:00\",\"dateModified\":\"2026-02-09T08:09:12+00:00\",\"description\":\"Reeds 20 jaar erkende reisagent in Zuid-Amerika. Peru, Bolivia, Argentini\u00eb, Chili, Colombia, Ecuador reizen op maat. Inca trail operator.\",\"breadcrumb\":{\"@id\":\"https:\/\/southamericaplanet.com\/#breadcrumb\"},\"inLanguage\":\"es-PE\",\"potentialAction\":[{\"@type\":\"ReadAction\",\"target\":[\"https:\/\/southamericaplanet.com\/\"]}]},{\"@type\":\"BreadcrumbList\",\"@id\":\"https:\/\/southamericaplanet.com\/#breadcrumb\",\"itemListElement\":[{\"@type\":\"ListItem\",\"position\":1,\"name\":\"Home\",\"item\":\"https:\/\/southamericaplanet.com\/nl\/\"},{\"@type\":\"ListItem\",\"position\":2,\"name\":\"Reisagent in Zuid-Amerika\"}]},{\"@type\":\"WebSite\",\"@id\":\"https:\/\/southamericaplanet.com\/#website\",\"url\":\"https:\/\/southamericaplanet.com\/\",\"name\":\"South America Planet\",\"description\":\"Agente de viajes Sudam\u00e9rica, viajes a Per\u00fa, Bolivia, Argentina, Chile, Colombia, Ecuador, tambi\u00e9n trekking, operador oficial incatrail\",\"publisher\":{\"@id\":\"https:\/\/southamericaplanet.com\/#organization\"},\"potentialAction\":[{\"@type\":\"SearchAction\",\"target\":{\"@type\":\"EntryPoint\",\"urlTemplate\":\"https:\/\/southamericaplanet.com\/?s={search_term_string}\"},\"query-input\":{\"@type\":\"PropertyValueSpecification\",\"valueRequired\":true,\"valueName\":\"search_term_string\"}}],\"inLanguage\":\"es-PE\"},{\"@type\":\"Organization\",\"@id\":\"https:\/\/southamericaplanet.com\/#organization\",\"name\":\"South America Planet\",\"url\":\"https:\/\/southamericaplanet.com\/\",\"logo\":{\"@type\":\"ImageObject\",\"inLanguage\":\"es-PE\",\"@id\":\"https:\/\/southamericaplanet.com\/#\/schema\/logo\/image\/\",\"url\":\"https:\/\/southamericaplanet.com\/wp-content\/uploads\/2016\/11\/114-logo.yj6w.jpg\",\"contentUrl\":\"https:\/\/southamericaplanet.com\/wp-content\/uploads\/2016\/11\/114-logo.yj6w.jpg\",\"width\":140,\"height\":140,\"caption\":\"South America Planet\"},\"image\":{\"@id\":\"https:\/\/southamericaplanet.com\/#\/schema\/logo\/image\/\"},\"sameAs\":[\"https:\/\/www.facebook.com\/Southamericaplanet\"]}]}<\/script>\n<!-- \/ Yoast SEO plugin. -->","yoast_head_json":{"title":"Agente de viajes a Sudam\u00e9rica","description":"La agencia de viajes mas importante de Sudam\u00e9rica. Viasjes en Per\u00fa, Bolivia, Argentina, Chile, Colombia, Ecuador. Trekkings como camino inca.","robots":{"index":"index","follow":"follow","max-snippet":"max-snippet:-1","max-image-preview":"max-image-preview:large","max-video-preview":"max-video-preview:-1"},"canonical":"https:\/\/southamericaplanet.com\/es\/","og_locale":"es_ES","og_type":"article","og_title":"[:en]Travel Agent to South America[:es]Agente de viajes a Sudam\u00e9rica[:nl]Reisagent in Zuid-Amerika[:] -","og_description":"Reeds 20 jaar erkende reisagent in Zuid-Amerika. Peru, Bolivia, Argentini\u00eb, Chili, Colombia, Ecuador reizen op maat. Inca trail operator.","og_url":"https:\/\/southamericaplanet.com\/es\/","article_publisher":"https:\/\/www.facebook.com\/Southamericaplanet","article_modified_time":"2026-02-09T08:09:12+00:00","og_image":[{"width":800,"height":800,"url":"https:\/\/southamericaplanet.com\/wp-content\/uploads\/2022\/04\/South_America_Planet-favicon.png","type":"image\/png"}],"twitter_card":"summary_large_image","twitter_title":"South America Planet - Travel Agent to South America","twitter_description":"The most important travel agent to South America. Tours in Peru, Bolivia, Argentina, Chile, Colombia, Ecuador. Also trekkings like Inca trail.","twitter_image":"https:\/\/southamericaplanet.com\/wp-content\/uploads\/2022\/04\/South_America_Planet-favicon.png","twitter_misc":{"Est. reading time":"1 minuto"},"schema":{"@context":"https:\/\/schema.org","@graph":[{"@type":"WebPage","@id":"https:\/\/southamericaplanet.com\/nl\/","url":"https:\/\/southamericaplanet.com\/","name":"Agente de viajes a Sudam\u00e9rica","isPartOf":{"@id":"https:\/\/southamericaplanet.com\/#website"},"datePublished":"2021-09-09T17:20:00+00:00","dateModified":"2026-02-09T08:09:12+00:00","description":"Reeds 20 jaar erkende reisagent in Zuid-Amerika. Peru, Bolivia, Argentini\u00eb, Chili, Colombia, Ecuador reizen op maat. Inca trail operator.","breadcrumb":{"@id":"https:\/\/southamericaplanet.com\/#breadcrumb"},"inLanguage":"es-PE","potentialAction":[{"@type":"ReadAction","target":["https:\/\/southamericaplanet.com\/"]}]},{"@type":"BreadcrumbList","@id":"https:\/\/southamericaplanet.com\/#breadcrumb","itemListElement":[{"@type":"ListItem","position":1,"name":"Home","item":"https:\/\/southamericaplanet.com\/nl\/"},{"@type":"ListItem","position":2,"name":"Reisagent in Zuid-Amerika"}]},{"@type":"WebSite","@id":"https:\/\/southamericaplanet.com\/#website","url":"https:\/\/southamericaplanet.com\/","name":"South America Planet","description":"Agente de viajes Sudam\u00e9rica, viajes a Per\u00fa, Bolivia, Argentina, Chile, Colombia, Ecuador, tambi\u00e9n trekking, operador oficial incatrail","publisher":{"@id":"https:\/\/southamericaplanet.com\/#organization"},"potentialAction":[{"@type":"SearchAction","target":{"@type":"EntryPoint","urlTemplate":"https:\/\/southamericaplanet.com\/?s={search_term_string}"},"query-input":{"@type":"PropertyValueSpecification","valueRequired":true,"valueName":"search_term_string"}}],"inLanguage":"es-PE"},{"@type":"Organization","@id":"https:\/\/southamericaplanet.com\/#organization","name":"South America Planet","url":"https:\/\/southamericaplanet.com\/","logo":{"@type":"ImageObject","inLanguage":"es-PE","@id":"https:\/\/southamericaplanet.com\/#\/schema\/logo\/image\/","url":"https:\/\/southamericaplanet.com\/wp-content\/uploads\/2016\/11\/114-logo.yj6w.jpg","contentUrl":"https:\/\/southamericaplanet.com\/wp-content\/uploads\/2016\/11\/114-logo.yj6w.jpg","width":140,"height":140,"caption":"South America Planet"},"image":{"@id":"https:\/\/southamericaplanet.com\/#\/schema\/logo\/image\/"},"sameAs":["https:\/\/www.facebook.com\/Southamericaplanet"]}]}},"_links":{"self":[{"href":"https:\/\/southamericaplanet.com\/es\/wp-json\/wp\/v2\/pages\/28602","targetHints":{"allow":["GET"]}}],"collection":[{"href":"https:\/\/southamericaplanet.com\/es\/wp-json\/wp\/v2\/pages"}],"about":[{"href":"https:\/\/southamericaplanet.com\/es\/wp-json\/wp\/v2\/types\/page"}],"author":[{"embeddable":true,"href":"https:\/\/southamericaplanet.com\/es\/wp-json\/wp\/v2\/users\/2"}],"replies":[{"embeddable":true,"href":"https:\/\/southamericaplanet.com\/es\/wp-json\/wp\/v2\/comments?post=28602"}],"version-history":[{"count":0,"href":"https:\/\/southamericaplanet.com\/es\/wp-json\/wp\/v2\/pages\/28602\/revisions"}],"wp:attachment":[{"href":"https:\/\/southamericaplanet.com\/es\/wp-json\/wp\/v2\/media?parent=28602"}],"curies":[{"name":"wp","href":"https:\/\/api.w.org\/{rel}","templated":true}]}}