{"id":29661,"date":"2022-02-23T23:53:03","date_gmt":"2022-02-23T23:53:03","guid":{"rendered":"https:\/\/southamericaplanet.com\/?page_id=29661"},"modified":"2026-02-09T20:19:10","modified_gmt":"2026-02-09T20:19:10","slug":"certifications","status":"publish","type":"page","link":"https:\/\/southamericaplanet.com\/es\/certifications\/","title":{"rendered":"Certifications"},"content":{"rendered":"<table style=\"border-collapse: collapse; width: 100%; height: 642px;\">\n<tbody>\n<tr style=\"height: 48px;\">\n<td style=\"width: 24.0107%; height: 48px; padding: 60px 0px;\"><img loading=\"lazy\" decoding=\"async\" class=\"aligncenter wp-image-30681 size-full\" src=\"https:\/\/southamericaplanet.com\/wp-content\/uploads\/2022\/10\/21101.png\" alt=\"\" width=\"212\" height=\"212\"><\/td>\n<td style=\"width: 75.9893%; height: 48px; padding-left: 40px;\">ISO 21101<\/p>\n<p>Turismo de aventura. Sistemas de gesti\u00f3n de la seguridad. La ISO 21101 establece los requisitos del sistema de gesti\u00f3n de seguridad para los proveedores de turismo de aventura, requiriendo una revisi\u00f3n de las actividades que ofrecen, primero para comprender los requisitos de los participantes y luego para definir los procesos de seguridad que garantizan la actividad bajo control.<\/td>\n<\/tr>\n<tr style=\"height: 120px;\">\n<td style=\"width: 24.0107%; height: 120px; padding: 60px 0px;\"><img loading=\"lazy\" decoding=\"async\" class=\"alignnone wp-image-29787 size-full\" src=\"https:\/\/southamericaplanet.com\/wp-content\/uploads\/2022\/02\/Safe.png\" alt=\"\" width=\"256\" height=\"256\"><\/td>\n<td style=\"width: 75.9893%; height: 120px; padding-left: 40px;\">\u2018Viajes seguros: protocolos globales y sello para la nueva normalidad<\/p>\n<p>El WTTC junto con nuestros miembros, gobiernos, expertos en salud y otras asociaciones de la industria est\u00e1n trabajando juntos para lograr protocolos de recuperaci\u00f3n efectivos mediante el desarrollo de planes de acci\u00f3n significativos que optimicen los esfuerzos de recuperaci\u00f3n en todo el sector.<\/td>\n<\/tr>\n<tr style=\"height: 24px;\">\n<td style=\"width: 24.0107%; height: 24px; padding: 60px 0px;\"><img loading=\"lazy\" decoding=\"async\" class=\"alignnone wp-image-29776 size-full\" src=\"https:\/\/southamericaplanet.com\/wp-content\/uploads\/2022\/02\/02.png\" alt=\"\" width=\"266\" height=\"266\"><\/td>\n<td style=\"width: 75.9893%; height: 24px;\">\n<p style=\"padding-left: 40px;\"><strong>Servicio Nacional de \u00c1reas Naturales Protegidas por el Estado<\/strong><\/p>\n<p style=\"padding-left: 40px;\">Aseguramos la conservaci\u00f3n de las \u00c1reas Naturales Protegidas, su diversidad biol\u00f3gica y el mantenimiento de sus servicios ambientales, en el marco de su gesti\u00f3n participativa y articulados a una pol\u00edtica integral de desarrollo sostenible del pa\u00eds.<\/p>\n<\/td>\n<\/tr>\n<tr style=\"height: 24px;\">\n<td style=\"width: 24.0107%; height: 24px; padding: 60px 0px;\"><img loading=\"lazy\" decoding=\"async\" class=\"wp-image-31036 alignnone\" src=\"https:\/\/southamericaplanet.com\/wp-content\/uploads\/2023\/03\/CALTUR-DISTINTIVOS_ORO_.png\" alt=\"\" width=\"250\" height=\"250\" srcset=\"https:\/\/southamericaplanet.com\/wp-content\/uploads\/2023\/03\/CALTUR-DISTINTIVOS_ORO_.png 400w, https:\/\/southamericaplanet.com\/wp-content\/uploads\/2023\/03\/CALTUR-DISTINTIVOS_ORO_-300x300.png 300w\" sizes=\"auto, (max-width: 250px) 100vw, 250px\" \/><\/td>\n<td style=\"width: 75.9893%; height: 24px;\">\n<p class=\"vc_empty_space\">&nbsp;<\/p>\n<div class=\"wpb_text_column wpb_content_element wpb_animate_when_almost_visible wpb_fadeInRight fadeInRight wpb_start_animation animated\">\n<div class=\"wpb_wrapper\">\n<p style=\"padding-left: 40px;\">El Sistema para la Aplicaci\u00f3n de Buenas Pr\u00e1cticas \u2013 SABP<\/p>\n<p style=\"padding-left: 40px;\">El Sistema de Aplicaci\u00f3n de Buenas Pr\u00e1cticas \u2013 SABP es la herramienta del Plan Nacional de Calidad Tur\u00edstica \u2013 CALTUR destinada a introducir al prestador de servicios tur\u00edsticos en procesos de mejora continua de la calidad, mediante la aplicaci\u00f3n de buenas pr\u00e1cticas de gesti\u00f3n, dise\u00f1adas espec\u00edficamente para cada tipo de servicio .<\/p>\n<\/div>\n<\/div>\n<\/td>\n<\/tr>\n<tr style=\"height: 24px;\">\n<td style=\"width: 24.0107%; height: 24px; padding: 60px 0px;\"><img loading=\"lazy\" decoding=\"async\" class=\"alignnone size-full wp-image-29783\" src=\"https:\/\/southamericaplanet.com\/wp-content\/uploads\/2022\/02\/Peru.png\" alt=\"\" width=\"256\" height=\"256\"><\/td>\n<td style=\"width: 75.9893%; height: 24px; padding-left: 40px;\">Marca Per\u00fa<\/p>\n<p>La Marca Pa\u00eds Per\u00fa es una herramienta para transmitir efectivamente la propuesta de valor, promover el turismo y las exportaciones y atraer inversiones.<\/p>\n<p>\u00bfQu\u00e9 es una marca pa\u00eds?<\/p>\n<p>La Marca Pa\u00eds Per\u00fa es una herramienta para transmitir efectivamente la propuesta de valor, promover el turismo y las exportaciones y atraer inversiones. Construir y tener una Marca Pa\u00eds motiva a diferentes sectores empresariales, es una ventaja para otros pa\u00edses, m\u00e1s cuando el pa\u00eds est\u00e1 creciendo.<\/p>\n<p>La Marca Per\u00fa es una herramienta para promocionar el Per\u00fa ante los sectores del turismo, las exportaciones y las inversiones. Campa\u00f1as publicitarias exitosas contribuyeron al buen manejo de la Marca Per\u00fa.<\/td>\n<\/tr>\n<tr style=\"height: 24px;\">\n<td style=\"width: 24.0107%; height: 24px; padding: 60px 0px;\"><img loading=\"lazy\" decoding=\"async\" class=\"alignnone size-full wp-image-29775\" src=\"https:\/\/southamericaplanet.com\/wp-content\/uploads\/2022\/02\/01.png\" alt=\"\" width=\"266\" height=\"266\"><\/td>\n<td style=\"width: 75.9893%; height: 24px; padding-left: 40px;\">Reglamento General de Protecci\u00f3n de Datos<\/p>\n<p>El presente Reglamento establece normas relativas a la protecci\u00f3n de las personas f\u00edsicas en lo que respecta al tratamiento de datos personales y normas relativas a la libre circulaci\u00f3n de datos personales. Este Reglamento protege los derechos y libertades fundamentales de las personas f\u00edsicas y, en particular, su derecho a la protecci\u00f3n de datos personales. La libre circulaci\u00f3n de datos personales dentro de la Uni\u00f3n no estar\u00e1 restringida ni prohibida por motivos relacionados con la protecci\u00f3n de las personas f\u00edsicas en lo que respecta al tratamiento de datos personales.<\/td>\n<\/tr>\n<tr style=\"height: 24px;\">\n<td style=\"width: 24.0107%; height: 24px; padding: 60px 0px;\"><img loading=\"lazy\" decoding=\"async\" class=\"alignnone size-full wp-image-29780\" src=\"https:\/\/southamericaplanet.com\/wp-content\/uploads\/2022\/02\/Cetur.png\" alt=\"\" width=\"256\" height=\"256\"><\/td>\n<td style=\"width: 75.9893%; height: 24px;\">Direcciones Regionales de Comercio Exterior y Turismo (GERCETUR)<\/p>\n<p>Encargada de organizar, promover y orientar la competitividad y el desarrollo integral de los sectores tur\u00edstico, comercio internacional y artesan\u00eda, con sostenibilidad y \u00e9nfasis en la micro y peque\u00f1a empresa, para mejorar la calidad de los productos y servicios tur\u00edsticos, comerciales y artesanales, a trav\u00e9s de procesos integradores, programas concertados y descentralizados.<\/td>\n<\/tr>\n<tr style=\"height: 24px;\">\n<td style=\"width: 24.0107%; height: 24px; padding: 60px 0px;\"><img loading=\"lazy\" decoding=\"async\" class=\"alignnone wp-image-29782 size-full\" src=\"https:\/\/southamericaplanet.com\/wp-content\/uploads\/2022\/02\/Orgullo.png\" alt=\"\" width=\"256\" height=\"256\"><\/td>\n<td style=\"width: 75.9893%; height: 24px; padding-left: 40px;\">Premio Empresa Peruana del A\u00f1o<\/p>\n<p>El premio Empresa Peruana del A\u00f1o es el reconocimiento empresarial m\u00e1s importante que se otorga a empresas l\u00edderes del pa\u00eds, como resultado de una exigente evaluaci\u00f3n que considera criterios como liderazgo, trabajo en equipo, ventas, crecimiento, responsabilidad social, participaci\u00f3n de mercado, calidad del producto o servicios e innovaci\u00f3n; contando para ello con el apoyo de un equipo de patrocinadores del premio, conformado por universidades, gremios y organismos internacionales. Este premio tiene 24 a\u00f1os de historia ininterrumpida fomentando la actividad empresarial privada en el pa\u00eds.<\/td>\n<\/tr>\n<tr style=\"height: 24px;\">\n<td style=\"width: 24.0107%; height: 24px; padding: 60px 0px;\"><img loading=\"lazy\" decoding=\"async\" class=\"alignnone size-full wp-image-29781\" src=\"https:\/\/southamericaplanet.com\/wp-content\/uploads\/2022\/02\/Destino.png\" alt=\"\" width=\"256\" height=\"256\"><\/td>\n<td style=\"width: 75.9893%; height: 24px; padding-left: 40px;\">Cusco Destino Seguro<\/p>\n<p>Se entreg\u00f3 sello \u2018Cusco Destino Seguro\u2019 a establecimientos que aplican protocolos y recomendaciones de bioseguridad. Este sello se otorga a los prestadores de servicios tur\u00edsticos que hayan pasado la inspecci\u00f3n de la Direcci\u00f3n Regional de Salud y la Direcci\u00f3n Regional de Comercio Exterior y Turismo, que garantizar\u00e1n que son seguros para atender al p\u00fablico.<\/td>\n<\/tr>\n<tr style=\"height: 24px;\">\n<td style=\"width: 24.0107%; height: 24px; padding: 60px 0px;\"><img loading=\"lazy\" decoding=\"async\" class=\"alignnone size-full wp-image-29788\" src=\"https:\/\/southamericaplanet.com\/wp-content\/uploads\/2022\/02\/Sig.png\" alt=\"\" width=\"256\" height=\"256\"><\/td>\n<td style=\"width: 75.9893%; height: 24px; padding-left: 40px;\">SIG Sistema Integrado de Gesti\u00f3n<\/p>\n<p>Un sistema de gesti\u00f3n integrado es un sistema \u00fanico dise\u00f1ado para gestionar m\u00faltiples aspectos de las operaciones de una organizaci\u00f3n de acuerdo con m\u00faltiples est\u00e1ndares, como los relacionados con la gesti\u00f3n de la calidad, el medio ambiente y la seguridad y salud en el trabajo.<\/td>\n<\/tr>\n<tr style=\"height: 24px;\">\n<td style=\"width: 24.0107%; height: 24px; padding: 60px 0px;\"><img loading=\"lazy\" decoding=\"async\" class=\"alignnone size-full wp-image-29777\" src=\"https:\/\/southamericaplanet.com\/wp-content\/uploads\/2022\/02\/Asoor.png\" alt=\"\" width=\"256\" height=\"256\"><\/td>\n<td style=\"width: 75.9893%; height: 24px; padding-left: 40px;\">Asociaci\u00f3n de Operadores Oficiales \u2013 Red Camino Inca<\/p>\n<p>Asociaci\u00f3n de operadores oficiales de la red Camino Inca Cusco.<\/td>\n<\/tr>\n<tr style=\"height: 24px;\">\n<td style=\"width: 24.0107%; height: 24px; padding: 60px 0px;\"><img loading=\"lazy\" decoding=\"async\" class=\"alignnone size-full wp-image-29779\" src=\"https:\/\/southamericaplanet.com\/wp-content\/uploads\/2022\/02\/CCL.png\" alt=\"\" width=\"256\" height=\"256\"><\/td>\n<td style=\"width: 75.9893%; height: 24px; padding-left: 40px;\">C\u00e1mara de Comercio de Lima CCL<\/p>\n<p>Instituci\u00f3n l\u00edder con m\u00e1s de 132 a\u00f1os de experiencia; Actualmente contamos con m\u00e1s de 15.000 empresas asociadas con las que estamos comprometidos a facilitar oportunidades de negocio, brindando asistencia y servicios que ayuden a impulsar su competitividad.<\/td>\n<\/tr>\n<tr style=\"height: 24px;\">\n<td style=\"width: 24.0107%; height: 24px; padding: 60px 0px;\"><img loading=\"lazy\" decoding=\"async\" class=\"aligncenter size-full wp-image-31218\" src=\"https:\/\/southamericaplanet.com\/wp-content\/uploads\/2024\/09\/AVT.jpg\" alt=\"\" width=\"232\" height=\"248\"><\/td>\n<td style=\"width: 75.9893%; height: 24px; padding-left: 40px;\">Las agencias de viajes formales deben usar una credencial<\/p>\n<p>Este logotipo, permite a los usuarios identificar qu\u00e9 empresa se encuentra en condiciones formales para comercializar y prestar servicios tur\u00edsticos de manera legal. Por ello, deber\u00edan utilizarlo en sus establecimientos, sus p\u00e1ginas web e incluso en sus redes sociales.<\/td>\n<\/tr>\n<tr style=\"height: 24px;\">\n<td style=\"width: 24.0107%; height: 24px; padding: 60px 0px;\"><img loading=\"lazy\" decoding=\"async\" class=\"wp-image-30298 size-full alignnone\" src=\"https:\/\/southamericaplanet.com\/wp-content\/uploads\/2022\/04\/ESNNA.png\" alt=\"\" width=\"256\" height=\"256\"><\/td>\n<td style=\"width: 75.9893%; height: 24px; padding-left: 40px;\"><strong>Programa ESNNA<\/strong><\/p>\n<p>Dicho programa de pol\u00edticas de desarrollo social y protecci\u00f3n de poblaciones vulnerables es una iniciativa amplia y compleja del Ministerio de Comercio Exterior y Turismo (Mincetur).<\/td>\n<\/tr>\n<\/tbody>\n<\/table>\n","protected":false},"excerpt":{"rendered":"<p>ISO 21101 Turismo de aventura. Sistemas de gesti\u00f3n de la seguridad. La ISO 21101 establece los requisitos del sistema de gesti\u00f3n de seguridad para los proveedores de turismo de aventura, requiriendo una&#8230;<\/p>\n","protected":false},"author":4,"featured_media":0,"parent":0,"menu_order":21,"comment_status":"closed","ping_status":"closed","template":"","meta":{"_acf_changed":false,"ngg_post_thumbnail":0,"footnotes":""},"class_list":["post-29661","page","type-page","status-publish","hentry"],"acf":[],"yoast_head":"<!-- This site is optimized with the Yoast SEO plugin v26.3 - https:\/\/yoast.com\/wordpress\/plugins\/seo\/ -->\n<title>Certifications<\/title>\n<meta name=\"robots\" content=\"index, follow, max-snippet:-1, max-image-preview:large, max-video-preview:-1\" \/>\n<link rel=\"canonical\" href=\"https:\/\/southamericaplanet.com\/es\/certifications\/\" \/>\n<meta property=\"og:locale\" content=\"es_ES\" \/>\n<meta property=\"og:locale:alternate\" content=\"en_US\" \/>\n<meta property=\"og:locale:alternate\" content=\"nl_NL\" \/>\n<meta property=\"og:type\" content=\"article\" \/>\n<meta property=\"og:title\" content=\"Certifications\" \/>\n<meta property=\"og:description\" content=\"ISO 21101 Turismo de aventura. Sistemas de gesti\u00f3n de la seguridad. La ISO 21101 establece los requisitos del sistema de gesti\u00f3n de seguridad para los proveedores de turismo de aventura, requiriendo una...\" \/>\n<meta property=\"og:url\" content=\"https:\/\/southamericaplanet.com\/es\/certifications\/\" \/>\n<meta property=\"article:publisher\" content=\"https:\/\/www.facebook.com\/Southamericaplanet\" \/>\n<meta property=\"article:modified_time\" content=\"2026-02-09T20:19:10+00:00\" \/>\n<meta property=\"og:image\" content=\"https:\/\/southamericaplanet.com\/wp-content\/uploads\/2022\/10\/21101.png\" \/>\n\t<meta property=\"og:image:width\" content=\"212\" \/>\n\t<meta property=\"og:image:height\" content=\"212\" \/>\n\t<meta property=\"og:image:type\" content=\"image\/png\" \/>\n<meta name=\"twitter:card\" content=\"summary_large_image\" \/>\n<meta name=\"twitter:label1\" content=\"Est. reading time\" \/>\n\t<meta name=\"twitter:data1\" content=\"7 minutos\" \/>\n<script type=\"application\/ld+json\" class=\"yoast-schema-graph\">{\"@context\":\"https:\/\/schema.org\",\"@graph\":[{\"@type\":\"WebPage\",\"@id\":\"https:\/\/southamericaplanet.com\/nl\/certifications\/\",\"url\":\"https:\/\/southamericaplanet.com\/nl\/certifications\/\",\"name\":\"Certifications\",\"isPartOf\":{\"@id\":\"https:\/\/southamericaplanet.com\/#website\"},\"primaryImageOfPage\":{\"@id\":\"https:\/\/southamericaplanet.com\/nl\/certifications\/#primaryimage\"},\"image\":{\"@id\":\"https:\/\/southamericaplanet.com\/nl\/certifications\/#primaryimage\"},\"thumbnailUrl\":\"https:\/\/southamericaplanet.com\/wp-content\/uploads\/2022\/10\/21101.png\",\"datePublished\":\"2022-02-23T23:53:03+00:00\",\"dateModified\":\"2026-02-09T20:19:10+00:00\",\"breadcrumb\":{\"@id\":\"https:\/\/southamericaplanet.com\/nl\/certifications\/#breadcrumb\"},\"inLanguage\":\"es-PE\",\"potentialAction\":[{\"@type\":\"ReadAction\",\"target\":[\"https:\/\/southamericaplanet.com\/nl\/certifications\/\"]}]},{\"@type\":\"ImageObject\",\"inLanguage\":\"es-PE\",\"@id\":\"https:\/\/southamericaplanet.com\/nl\/certifications\/#primaryimage\",\"url\":\"https:\/\/southamericaplanet.com\/wp-content\/uploads\/2022\/10\/21101.png\",\"contentUrl\":\"https:\/\/southamericaplanet.com\/wp-content\/uploads\/2022\/10\/21101.png\"},{\"@type\":\"BreadcrumbList\",\"@id\":\"https:\/\/southamericaplanet.com\/nl\/certifications\/#breadcrumb\",\"itemListElement\":[{\"@type\":\"ListItem\",\"position\":1,\"name\":\"Home\",\"item\":\"https:\/\/southamericaplanet.com\/nl\/\"},{\"@type\":\"ListItem\",\"position\":2,\"name\":\"certificaten\"}]},{\"@type\":\"WebSite\",\"@id\":\"https:\/\/southamericaplanet.com\/#website\",\"url\":\"https:\/\/southamericaplanet.com\/\",\"name\":\"South America Planet\",\"description\":\"Agente de viajes Sudam\u00e9rica, viajes a Per\u00fa, Bolivia, Argentina, Chile, Colombia, Ecuador, tambi\u00e9n trekking, operador oficial incatrail\",\"publisher\":{\"@id\":\"https:\/\/southamericaplanet.com\/#organization\"},\"potentialAction\":[{\"@type\":\"SearchAction\",\"target\":{\"@type\":\"EntryPoint\",\"urlTemplate\":\"https:\/\/southamericaplanet.com\/?s={search_term_string}\"},\"query-input\":{\"@type\":\"PropertyValueSpecification\",\"valueRequired\":true,\"valueName\":\"search_term_string\"}}],\"inLanguage\":\"es-PE\"},{\"@type\":\"Organization\",\"@id\":\"https:\/\/southamericaplanet.com\/#organization\",\"name\":\"South America Planet\",\"url\":\"https:\/\/southamericaplanet.com\/\",\"logo\":{\"@type\":\"ImageObject\",\"inLanguage\":\"es-PE\",\"@id\":\"https:\/\/southamericaplanet.com\/#\/schema\/logo\/image\/\",\"url\":\"https:\/\/southamericaplanet.com\/wp-content\/uploads\/2016\/11\/114-logo.yj6w.jpg\",\"contentUrl\":\"https:\/\/southamericaplanet.com\/wp-content\/uploads\/2016\/11\/114-logo.yj6w.jpg\",\"width\":140,\"height\":140,\"caption\":\"South America Planet\"},\"image\":{\"@id\":\"https:\/\/southamericaplanet.com\/#\/schema\/logo\/image\/\"},\"sameAs\":[\"https:\/\/www.facebook.com\/Southamericaplanet\"]}]}<\/script>\n<!-- \/ Yoast SEO plugin. -->","yoast_head_json":{"title":"Certifications","robots":{"index":"index","follow":"follow","max-snippet":"max-snippet:-1","max-image-preview":"max-image-preview:large","max-video-preview":"max-video-preview:-1"},"canonical":"https:\/\/southamericaplanet.com\/es\/certifications\/","og_locale":"es_ES","og_type":"article","og_title":"[:en]Certifications[:es]Certifications[:nl]certificaten[:] -","og_description":"ISO 21101 Turismo de aventura. Sistemas de gesti\u00f3n de la seguridad. La ISO 21101 establece los requisitos del sistema de gesti\u00f3n de seguridad para los proveedores de turismo de aventura, requiriendo una...","og_url":"https:\/\/southamericaplanet.com\/es\/certifications\/","article_publisher":"https:\/\/www.facebook.com\/Southamericaplanet","article_modified_time":"2026-02-09T20:19:10+00:00","og_image":[{"width":212,"height":212,"url":"https:\/\/southamericaplanet.com\/wp-content\/uploads\/2022\/10\/21101.png","type":"image\/png"}],"twitter_card":"summary_large_image","twitter_misc":{"Est. reading time":"7 minutos"},"schema":{"@context":"https:\/\/schema.org","@graph":[{"@type":"WebPage","@id":"https:\/\/southamericaplanet.com\/nl\/certifications\/","url":"https:\/\/southamericaplanet.com\/nl\/certifications\/","name":"Certifications","isPartOf":{"@id":"https:\/\/southamericaplanet.com\/#website"},"primaryImageOfPage":{"@id":"https:\/\/southamericaplanet.com\/nl\/certifications\/#primaryimage"},"image":{"@id":"https:\/\/southamericaplanet.com\/nl\/certifications\/#primaryimage"},"thumbnailUrl":"https:\/\/southamericaplanet.com\/wp-content\/uploads\/2022\/10\/21101.png","datePublished":"2022-02-23T23:53:03+00:00","dateModified":"2026-02-09T20:19:10+00:00","breadcrumb":{"@id":"https:\/\/southamericaplanet.com\/nl\/certifications\/#breadcrumb"},"inLanguage":"es-PE","potentialAction":[{"@type":"ReadAction","target":["https:\/\/southamericaplanet.com\/nl\/certifications\/"]}]},{"@type":"ImageObject","inLanguage":"es-PE","@id":"https:\/\/southamericaplanet.com\/nl\/certifications\/#primaryimage","url":"https:\/\/southamericaplanet.com\/wp-content\/uploads\/2022\/10\/21101.png","contentUrl":"https:\/\/southamericaplanet.com\/wp-content\/uploads\/2022\/10\/21101.png"},{"@type":"BreadcrumbList","@id":"https:\/\/southamericaplanet.com\/nl\/certifications\/#breadcrumb","itemListElement":[{"@type":"ListItem","position":1,"name":"Home","item":"https:\/\/southamericaplanet.com\/nl\/"},{"@type":"ListItem","position":2,"name":"certificaten"}]},{"@type":"WebSite","@id":"https:\/\/southamericaplanet.com\/#website","url":"https:\/\/southamericaplanet.com\/","name":"South America Planet","description":"Agente de viajes Sudam\u00e9rica, viajes a Per\u00fa, Bolivia, Argentina, Chile, Colombia, Ecuador, tambi\u00e9n trekking, operador oficial incatrail","publisher":{"@id":"https:\/\/southamericaplanet.com\/#organization"},"potentialAction":[{"@type":"SearchAction","target":{"@type":"EntryPoint","urlTemplate":"https:\/\/southamericaplanet.com\/?s={search_term_string}"},"query-input":{"@type":"PropertyValueSpecification","valueRequired":true,"valueName":"search_term_string"}}],"inLanguage":"es-PE"},{"@type":"Organization","@id":"https:\/\/southamericaplanet.com\/#organization","name":"South America Planet","url":"https:\/\/southamericaplanet.com\/","logo":{"@type":"ImageObject","inLanguage":"es-PE","@id":"https:\/\/southamericaplanet.com\/#\/schema\/logo\/image\/","url":"https:\/\/southamericaplanet.com\/wp-content\/uploads\/2016\/11\/114-logo.yj6w.jpg","contentUrl":"https:\/\/southamericaplanet.com\/wp-content\/uploads\/2016\/11\/114-logo.yj6w.jpg","width":140,"height":140,"caption":"South America Planet"},"image":{"@id":"https:\/\/southamericaplanet.com\/#\/schema\/logo\/image\/"},"sameAs":["https:\/\/www.facebook.com\/Southamericaplanet"]}]}},"_links":{"self":[{"href":"https:\/\/southamericaplanet.com\/es\/wp-json\/wp\/v2\/pages\/29661","targetHints":{"allow":["GET"]}}],"collection":[{"href":"https:\/\/southamericaplanet.com\/es\/wp-json\/wp\/v2\/pages"}],"about":[{"href":"https:\/\/southamericaplanet.com\/es\/wp-json\/wp\/v2\/types\/page"}],"author":[{"embeddable":true,"href":"https:\/\/southamericaplanet.com\/es\/wp-json\/wp\/v2\/users\/4"}],"replies":[{"embeddable":true,"href":"https:\/\/southamericaplanet.com\/es\/wp-json\/wp\/v2\/comments?post=29661"}],"version-history":[{"count":0,"href":"https:\/\/southamericaplanet.com\/es\/wp-json\/wp\/v2\/pages\/29661\/revisions"}],"wp:attachment":[{"href":"https:\/\/southamericaplanet.com\/es\/wp-json\/wp\/v2\/media?parent=29661"}],"curies":[{"name":"wp","href":"https:\/\/api.w.org\/{rel}","templated":true}]}}