{"id":30077,"date":"2022-03-23T20:35:13","date_gmt":"2022-03-23T20:35:13","guid":{"rendered":"https:\/\/southamericaplanet.com\/es\/?page_id=30077"},"modified":"2026-01-15T15:08:33","modified_gmt":"2026-01-15T15:08:33","slug":"quienes-somos-y-por-que-elegirnos","status":"publish","type":"page","link":"https:\/\/southamericaplanet.com\/es\/quienes-somos-y-por-que-elegirnos\/","title":{"rendered":"\u00bfQui\u00e9nes somos y Por qu\u00e9 elegirnos?"},"content":{"rendered":"<p>Somos una agencia de viajes que brinda experiencias aut\u00e9nticas e innovadoras con una relaci\u00f3n respetuosa de las costumbres socio-culturales, del medio ambiente y de las normas de los pa\u00edses que promocionamos. Nos caracteriza la personalizaci\u00f3n de nuestros servicios tur\u00edsticos, con empat\u00eda, actitud y profesionalismo; transformando en realidad los sue\u00f1os de los clientes y superando sus expectativas. <strong>Somos \u201cAgencia de Viajes y Turismo Registrada\u201d,<\/strong><\/p>\n<p><strong>Vicky<\/strong> (peruana que ha trabajado en turismo en Cusco y Arequipa durante muchos a\u00f1os)<\/p>\n<p><strong>Dirk<\/strong> (belga que viaj\u00f3 por Am\u00e9rica del Sur durante muchos a\u00f1os como gu\u00eda tur\u00edstico).<\/p>\n<p><strong>\u00bfPor qu\u00e9 elegirnos?<\/strong><\/p>\n<ul>\n<li>Nuestra experiencia en el sector con casi 20 a\u00f1os de servicios<\/li>\n<li>Comprometidos con el turismo responsable<\/li>\n<li>Calidad de servicio<\/li>\n<li>Buenas pr\u00e1cticas ambientales<\/li>\n<li>Responsables con las necesidades y expectativas de nuestras partes interesadas.<\/li>\n<li>Atenci\u00f3n permanente 24\/7<\/li>\n<li>Innovaci\u00f3n constante en el dise\u00f1o y desarrollo de nuestros productos y la prestaci\u00f3n de nuestros servicios.<\/li>\n<li>Reconocimiento como la empresa del a\u00f1o<\/li>\n<\/ul>\n<p><strong>Excelente staff preparado <\/strong><\/p>\n<ul>\n<li><strong>Nuestros especialistas de las varias Gestiones Ventas, Reservas, Operaciones<\/strong>, son de grande experiencia y est\u00e1n bien capacitados para comprender los requisitos y las preocupaciones de nuestros clientes y c\u00f3mo comunicarse con usted de manera clara, saben gestionar la reserva seg\u00fan lo que podan los clientes y hacen un seguimiento h24 a todos los pasajeros nunca ser\u00e1n solos y saben tener siempre la soluci\u00f3n a portada de mano. &nbsp;&nbsp;<\/li>\n<li><strong>Nuestros gu\u00edas<\/strong> todos hablan ingl\u00e9s. Expresan su pasi\u00f3n y entusiasmo por compartir con nuestros clientes.&nbsp;Nuestros gu\u00edas tur\u00edsticos reciben capacitaci\u00f3n constante en primeros auxilios para garantizar seguridad en las caminatas.&nbsp;<\/li>\n<li><strong>\u00a1Chefs en el Camino Inca son \u00fanicos!<\/strong>Es dif\u00edcil de creer que puedan preparar comidas tan agradables con las condiciones y el equipo proporcionados en la caminata.&nbsp;<\/li>\n<li><strong>Los porteadores en el Camino Inca <\/strong>Llevan todo el equipo necesario \u00a1Sin porteadores, el Camino Inca ser\u00eda casi imposible para la mayor\u00eda de las personas!&nbsp;Le dar\u00e1n la bienvenida a cada sitio, siempre con una sonrisa.<\/li>\n<li><strong>Los Proveedores <\/strong>comprometidos con nosotros por garantizar en todos los atractivos tur\u00edsticos una experiencia inolvidable segura y en respecto del ambiente y las comunidades<\/li>\n<li>El Grupo Identificado siempre con la satisfacci\u00f3n de sus clientes, Con los m\u00e1s altos est\u00e1ndares de calidad, ofrecemos una respuesta c\u00e1lida, r\u00e1pida y precisa a sus requerimientos para garantizar el \u00e9xito de sus programas. <strong>Gracias<\/strong> al trabajo de todo el equipo de <strong>South Am\u00e9rica Planet<\/strong>.<\/li>\n<\/ul>\n<p><img loading=\"lazy\" decoding=\"async\" class=\"aligncenter size-full wp-image-30104\" style=\"box-shadow: none; padding: 0; margin-top: 2em;\" src=\"https:\/\/southamericaplanet.com\/wp-content\/uploads\/2022\/03\/001-2.png\" alt=\"\" width=\"1080\" height=\"1080\" srcset=\"https:\/\/southamericaplanet.com\/wp-content\/uploads\/2022\/03\/001-2.png 1080w, https:\/\/southamericaplanet.com\/wp-content\/uploads\/2022\/03\/001-2-300x300.png 300w, https:\/\/southamericaplanet.com\/wp-content\/uploads\/2022\/03\/001-2-1024x1024.png 1024w, https:\/\/southamericaplanet.com\/wp-content\/uploads\/2022\/03\/001-2-768x768.png 768w\" sizes=\"auto, (max-width: 1080px) 100vw, 1080px\" \/><br \/>\n<span style=\"font-size: 12pt;\"><strong>GRUPO SOUTH AMERICA PLANET<\/strong><\/span><\/p>\n<p><span style=\"font-size: 12pt;\"><strong>Amazing Holidays Tours<\/strong><\/span><\/p>\n<p style=\"text-align: left;\"><span style=\"font-size: 12pt;\"><strong>RUC<\/strong> : 20600751850<\/span><\/p>\n<p style=\"text-align: left;\"><span style=\"font-size: 12pt;\"><strong>America Trek SAC<\/strong><\/span><\/p>\n<p style=\"text-align: left;\"><span style=\"font-size: 12pt;\"><strong>RUC<\/strong> :20600794737<\/span><\/p>\n<p><span style=\"font-size: 12pt;\"><strong>Oficina en Cusco, Per\u00fa<\/strong><\/span><\/p>\n<ul>\n<li><span style=\"font-size: 12pt;\">CALLE SAN AGUSTIN #307\/ OFF. 116 dept. F\/ Operacion + Trekking<\/span><\/li>\n<li><span style=\"font-size: 12pt;\"><strong>Tel\u00e9fono:<\/strong> +51 84 251145&nbsp; &nbsp;<\/span><\/li>\n<li><span style=\"font-size: 12pt;\"><a href=\"https:\/\/goo.gl\/maps\/C2Qhk8Na9fDhWty26\" target=\"_blank\" rel=\"noopener\">Google Maps<\/a><\/span><\/li>\n<\/ul>\n<p><span style=\"font-size: 12pt;\"><strong>Atenci\u00f3n al Cliente<\/strong><\/span><\/p>\n<ul>\n<li><span style=\"font-size: 12pt;\"><strong>Oficina:<\/strong> De Lunes a Viernes. S\u00e1bado hasta 1pm &#8211; Domingos Cerrado.<\/span><\/li>\n<li><span style=\"font-size: 12pt;\"><strong>Horario de atenci\u00f3n:<\/strong> 8 AM a 1 PM y 4 PM a 8 PM.<\/span><\/li>\n<\/ul>\n<p><span style=\"font-size: 12pt;\"><strong>Datos de Contacto<\/strong><\/span><\/p>\n<ul>\n<li><span style=\"font-size: 12pt;\"><strong>Email:<\/strong> <a href=\"mailto:info@southamericaplanet.com\" target=\"_blank\" rel=\"noopener\">info@southamericaplanet.com<\/a><\/span><\/li>\n<li><span style=\"font-size: 12pt;\"><strong>Skype:<\/strong> southamericaplanet<\/span><\/li>\n<\/ul>\n<p><span style=\"font-size: 12pt;\"><strong>N\u00famero de Emergencia<\/strong><\/span><\/p>\n<ul>\n<li><span style=\"font-size: 12pt;\"><strong>Celular:<\/strong> (+51) 984 112 504<\/span><\/li>\n<li><span style=\"font-size: 12pt;\"><span style=\"font-size: 12pt;\"><strong>WhatsApp:<\/strong> (+51) 984 577 011<\/span><\/span><\/li>\n<\/ul>\n<p><strong style=\"font-size: 12pt;\">Empresa Certificada<\/strong><br \/>\n<img loading=\"lazy\" decoding=\"async\" class=\"alignleft wp-image-30681\" style=\"box-shadow: none; padding: 0; margin-top: 1em; margin-bottom: 1em; max-width: 200px;\" src=\"https:\/\/southamericaplanet.com\/wp-content\/uploads\/2022\/10\/NQA21101.png\" alt=\"\" width=\"108\" height=\"168\"><\/p>\n","protected":false},"excerpt":{"rendered":"<p>Somos una agencia de viajes que brinda experiencias aut\u00e9nticas e innovadoras con una relaci\u00f3n respetuosa de las costumbres socio-culturales, del medio ambiente y de las normas de los pa\u00edses que promocionamos. Nos&#8230;<\/p>\n","protected":false},"author":4,"featured_media":0,"parent":0,"menu_order":19,"comment_status":"closed","ping_status":"closed","template":"","meta":{"_acf_changed":false,"ngg_post_thumbnail":0,"footnotes":""},"class_list":["post-30077","page","type-page","status-publish","hentry"],"acf":[],"yoast_head":"<!-- This site is optimized with the Yoast SEO plugin v26.3 - https:\/\/yoast.com\/wordpress\/plugins\/seo\/ -->\n<title>\u00bfQui\u00e9nes somos y Por qu\u00e9 elegirnos?<\/title>\n<meta name=\"robots\" content=\"index, follow, max-snippet:-1, max-image-preview:large, max-video-preview:-1\" \/>\n<link rel=\"canonical\" href=\"https:\/\/southamericaplanet.com\/es\/quienes-somos-y-por-que-elegirnos\/\" \/>\n<meta property=\"og:locale\" content=\"es_ES\" \/>\n<meta property=\"og:locale:alternate\" content=\"en_US\" \/>\n<meta property=\"og:locale:alternate\" content=\"nl_NL\" \/>\n<meta property=\"og:type\" content=\"article\" \/>\n<meta property=\"og:title\" content=\"\u00bfQui\u00e9nes somos y Por qu\u00e9 elegirnos?\" \/>\n<meta property=\"og:description\" content=\"Somos una agencia de viajes que brinda experiencias aut\u00e9nticas e innovadoras con una relaci\u00f3n respetuosa de las costumbres socio-culturales, del medio ambiente y de las normas de los pa\u00edses que promocionamos. Nos...\" \/>\n<meta property=\"og:url\" content=\"https:\/\/southamericaplanet.com\/es\/quienes-somos-y-por-que-elegirnos\/\" \/>\n<meta property=\"article:publisher\" content=\"https:\/\/www.facebook.com\/Southamericaplanet\" \/>\n<meta property=\"article:modified_time\" content=\"2026-01-15T15:08:33+00:00\" \/>\n<meta property=\"og:image\" content=\"https:\/\/southamericaplanet.com\/wp-content\/uploads\/2022\/03\/001-2.png\" \/>\n\t<meta property=\"og:image:width\" content=\"1080\" \/>\n\t<meta property=\"og:image:height\" content=\"1080\" \/>\n\t<meta property=\"og:image:type\" content=\"image\/png\" \/>\n<meta name=\"twitter:card\" content=\"summary_large_image\" \/>\n<meta name=\"twitter:label1\" content=\"Est. reading time\" \/>\n\t<meta name=\"twitter:data1\" content=\"3 minutos\" \/>\n<script type=\"application\/ld+json\" class=\"yoast-schema-graph\">{\"@context\":\"https:\/\/schema.org\",\"@graph\":[{\"@type\":\"WebPage\",\"@id\":\"https:\/\/southamericaplanet.com\/nl\/quienes-somos-y-por-que-elegirnos\/\",\"url\":\"https:\/\/southamericaplanet.com\/nl\/quienes-somos-y-por-que-elegirnos\/\",\"name\":\"\u00bfQui\u00e9nes somos y Por qu\u00e9 elegirnos?\",\"isPartOf\":{\"@id\":\"https:\/\/southamericaplanet.com\/#website\"},\"primaryImageOfPage\":{\"@id\":\"https:\/\/southamericaplanet.com\/nl\/quienes-somos-y-por-que-elegirnos\/#primaryimage\"},\"image\":{\"@id\":\"https:\/\/southamericaplanet.com\/nl\/quienes-somos-y-por-que-elegirnos\/#primaryimage\"},\"thumbnailUrl\":\"https:\/\/southamericaplanet.com\/wp-content\/uploads\/2022\/03\/001-2.png\",\"datePublished\":\"2022-03-23T20:35:13+00:00\",\"dateModified\":\"2026-01-15T15:08:33+00:00\",\"breadcrumb\":{\"@id\":\"https:\/\/southamericaplanet.com\/nl\/quienes-somos-y-por-que-elegirnos\/#breadcrumb\"},\"inLanguage\":\"es-PE\",\"potentialAction\":[{\"@type\":\"ReadAction\",\"target\":[\"https:\/\/southamericaplanet.com\/nl\/quienes-somos-y-por-que-elegirnos\/\"]}]},{\"@type\":\"ImageObject\",\"inLanguage\":\"es-PE\",\"@id\":\"https:\/\/southamericaplanet.com\/nl\/quienes-somos-y-por-que-elegirnos\/#primaryimage\",\"url\":\"https:\/\/southamericaplanet.com\/wp-content\/uploads\/2022\/03\/001-2.png\",\"contentUrl\":\"https:\/\/southamericaplanet.com\/wp-content\/uploads\/2022\/03\/001-2.png\"},{\"@type\":\"BreadcrumbList\",\"@id\":\"https:\/\/southamericaplanet.com\/nl\/quienes-somos-y-por-que-elegirnos\/#breadcrumb\",\"itemListElement\":[{\"@type\":\"ListItem\",\"position\":1,\"name\":\"Home\",\"item\":\"https:\/\/southamericaplanet.com\/nl\/\"},{\"@type\":\"ListItem\",\"position\":2,\"name\":\"Wie zijn wij en waarom kiezen wij voor ons?\"}]},{\"@type\":\"WebSite\",\"@id\":\"https:\/\/southamericaplanet.com\/#website\",\"url\":\"https:\/\/southamericaplanet.com\/\",\"name\":\"South America Planet\",\"description\":\"Agente de viajes Sudam\u00e9rica, viajes a Per\u00fa, Bolivia, Argentina, Chile, Colombia, Ecuador, tambi\u00e9n trekking, operador oficial incatrail\",\"publisher\":{\"@id\":\"https:\/\/southamericaplanet.com\/#organization\"},\"potentialAction\":[{\"@type\":\"SearchAction\",\"target\":{\"@type\":\"EntryPoint\",\"urlTemplate\":\"https:\/\/southamericaplanet.com\/?s={search_term_string}\"},\"query-input\":{\"@type\":\"PropertyValueSpecification\",\"valueRequired\":true,\"valueName\":\"search_term_string\"}}],\"inLanguage\":\"es-PE\"},{\"@type\":\"Organization\",\"@id\":\"https:\/\/southamericaplanet.com\/#organization\",\"name\":\"South America Planet\",\"url\":\"https:\/\/southamericaplanet.com\/\",\"logo\":{\"@type\":\"ImageObject\",\"inLanguage\":\"es-PE\",\"@id\":\"https:\/\/southamericaplanet.com\/#\/schema\/logo\/image\/\",\"url\":\"https:\/\/southamericaplanet.com\/wp-content\/uploads\/2016\/11\/114-logo.yj6w.jpg\",\"contentUrl\":\"https:\/\/southamericaplanet.com\/wp-content\/uploads\/2016\/11\/114-logo.yj6w.jpg\",\"width\":140,\"height\":140,\"caption\":\"South America Planet\"},\"image\":{\"@id\":\"https:\/\/southamericaplanet.com\/#\/schema\/logo\/image\/\"},\"sameAs\":[\"https:\/\/www.facebook.com\/Southamericaplanet\"]}]}<\/script>\n<!-- \/ Yoast SEO plugin. -->","yoast_head_json":{"title":"\u00bfQui\u00e9nes somos y Por qu\u00e9 elegirnos?","robots":{"index":"index","follow":"follow","max-snippet":"max-snippet:-1","max-image-preview":"max-image-preview:large","max-video-preview":"max-video-preview:-1"},"canonical":"https:\/\/southamericaplanet.com\/es\/quienes-somos-y-por-que-elegirnos\/","og_locale":"es_ES","og_type":"article","og_title":"[:en]Who are we and why choose us?[:es]\u00bfQui\u00e9nes somos y Por qu\u00e9 elegirnos?[:nl]Wie zijn wij en waarom kiezen wij voor ons?[:] -","og_description":"Somos una agencia de viajes que brinda experiencias aut\u00e9nticas e innovadoras con una relaci\u00f3n respetuosa de las costumbres socio-culturales, del medio ambiente y de las normas de los pa\u00edses que promocionamos. Nos...","og_url":"https:\/\/southamericaplanet.com\/es\/quienes-somos-y-por-que-elegirnos\/","article_publisher":"https:\/\/www.facebook.com\/Southamericaplanet","article_modified_time":"2026-01-15T15:08:33+00:00","og_image":[{"width":1080,"height":1080,"url":"https:\/\/southamericaplanet.com\/wp-content\/uploads\/2022\/03\/001-2.png","type":"image\/png"}],"twitter_card":"summary_large_image","twitter_misc":{"Est. reading time":"3 minutos"},"schema":{"@context":"https:\/\/schema.org","@graph":[{"@type":"WebPage","@id":"https:\/\/southamericaplanet.com\/nl\/quienes-somos-y-por-que-elegirnos\/","url":"https:\/\/southamericaplanet.com\/nl\/quienes-somos-y-por-que-elegirnos\/","name":"\u00bfQui\u00e9nes somos y Por qu\u00e9 elegirnos?","isPartOf":{"@id":"https:\/\/southamericaplanet.com\/#website"},"primaryImageOfPage":{"@id":"https:\/\/southamericaplanet.com\/nl\/quienes-somos-y-por-que-elegirnos\/#primaryimage"},"image":{"@id":"https:\/\/southamericaplanet.com\/nl\/quienes-somos-y-por-que-elegirnos\/#primaryimage"},"thumbnailUrl":"https:\/\/southamericaplanet.com\/wp-content\/uploads\/2022\/03\/001-2.png","datePublished":"2022-03-23T20:35:13+00:00","dateModified":"2026-01-15T15:08:33+00:00","breadcrumb":{"@id":"https:\/\/southamericaplanet.com\/nl\/quienes-somos-y-por-que-elegirnos\/#breadcrumb"},"inLanguage":"es-PE","potentialAction":[{"@type":"ReadAction","target":["https:\/\/southamericaplanet.com\/nl\/quienes-somos-y-por-que-elegirnos\/"]}]},{"@type":"ImageObject","inLanguage":"es-PE","@id":"https:\/\/southamericaplanet.com\/nl\/quienes-somos-y-por-que-elegirnos\/#primaryimage","url":"https:\/\/southamericaplanet.com\/wp-content\/uploads\/2022\/03\/001-2.png","contentUrl":"https:\/\/southamericaplanet.com\/wp-content\/uploads\/2022\/03\/001-2.png"},{"@type":"BreadcrumbList","@id":"https:\/\/southamericaplanet.com\/nl\/quienes-somos-y-por-que-elegirnos\/#breadcrumb","itemListElement":[{"@type":"ListItem","position":1,"name":"Home","item":"https:\/\/southamericaplanet.com\/nl\/"},{"@type":"ListItem","position":2,"name":"Wie zijn wij en waarom kiezen wij voor ons?"}]},{"@type":"WebSite","@id":"https:\/\/southamericaplanet.com\/#website","url":"https:\/\/southamericaplanet.com\/","name":"South America Planet","description":"Agente de viajes Sudam\u00e9rica, viajes a Per\u00fa, Bolivia, Argentina, Chile, Colombia, Ecuador, tambi\u00e9n trekking, operador oficial incatrail","publisher":{"@id":"https:\/\/southamericaplanet.com\/#organization"},"potentialAction":[{"@type":"SearchAction","target":{"@type":"EntryPoint","urlTemplate":"https:\/\/southamericaplanet.com\/?s={search_term_string}"},"query-input":{"@type":"PropertyValueSpecification","valueRequired":true,"valueName":"search_term_string"}}],"inLanguage":"es-PE"},{"@type":"Organization","@id":"https:\/\/southamericaplanet.com\/#organization","name":"South America Planet","url":"https:\/\/southamericaplanet.com\/","logo":{"@type":"ImageObject","inLanguage":"es-PE","@id":"https:\/\/southamericaplanet.com\/#\/schema\/logo\/image\/","url":"https:\/\/southamericaplanet.com\/wp-content\/uploads\/2016\/11\/114-logo.yj6w.jpg","contentUrl":"https:\/\/southamericaplanet.com\/wp-content\/uploads\/2016\/11\/114-logo.yj6w.jpg","width":140,"height":140,"caption":"South America Planet"},"image":{"@id":"https:\/\/southamericaplanet.com\/#\/schema\/logo\/image\/"},"sameAs":["https:\/\/www.facebook.com\/Southamericaplanet"]}]}},"_links":{"self":[{"href":"https:\/\/southamericaplanet.com\/es\/wp-json\/wp\/v2\/pages\/30077","targetHints":{"allow":["GET"]}}],"collection":[{"href":"https:\/\/southamericaplanet.com\/es\/wp-json\/wp\/v2\/pages"}],"about":[{"href":"https:\/\/southamericaplanet.com\/es\/wp-json\/wp\/v2\/types\/page"}],"author":[{"embeddable":true,"href":"https:\/\/southamericaplanet.com\/es\/wp-json\/wp\/v2\/users\/4"}],"replies":[{"embeddable":true,"href":"https:\/\/southamericaplanet.com\/es\/wp-json\/wp\/v2\/comments?post=30077"}],"version-history":[{"count":0,"href":"https:\/\/southamericaplanet.com\/es\/wp-json\/wp\/v2\/pages\/30077\/revisions"}],"wp:attachment":[{"href":"https:\/\/southamericaplanet.com\/es\/wp-json\/wp\/v2\/media?parent=30077"}],"curies":[{"name":"wp","href":"https:\/\/api.w.org\/{rel}","templated":true}]}}