{"id":30118,"date":"2022-03-23T21:54:56","date_gmt":"2022-03-23T21:54:56","guid":{"rendered":"https:\/\/southamericaplanet.com\/es\/?page_id=30118"},"modified":"2026-01-14T15:11:33","modified_gmt":"2026-01-14T15:11:33","slug":"mision-vision-y-valores","status":"publish","type":"page","link":"https:\/\/southamericaplanet.com\/es\/mision-vision-y-valores\/","title":{"rendered":"Misi\u00f3n, Visi\u00f3n y Valores"},"content":{"rendered":"<p><strong>Misi\u00f3n: <\/strong><\/p>\n<p>Somos una agencia de viajes que brinda experiencias aut\u00e9nticas e innovadoras con una relaci\u00f3n respetuosa de las costumbres socio-culturales, del medio ambiente y de las normas de los pa\u00edses que promocionamos. Nos caracteriza la personalizaci\u00f3n de nuestros servicios tur\u00edsticos, con empat\u00eda, actitud y profesionalismo; transformando en realidad los sue\u00f1os de los clientes y superando sus expectativas.<\/p>\n<p><strong>Visi\u00f3n:<\/strong><\/p>\n<p>Ser referentes a nivel nacional e internacional, reconocidos por nuestra experiencia, confianza, calidad, innovaci\u00f3n y valores; comprometidos con la conservaci\u00f3n de los recursos naturales y culturales; impulsando el desarrollo de un turismo sostenible y sustentable.<\/p>\n<p><strong>Valores:<\/strong><\/p>\n<p><strong>Confianza: <\/strong>Genera un v\u00ednculo cercano con el cliente para hacer de sus sue\u00f1os una experiencia inolvidable. Con el proveedor y con los trabajadores en el cumplimiento de nuestros compromisos. La confianza se gana con trabajo, compromiso y profesionalismo.<\/p>\n<p><strong>Honestidad: <\/strong>Establecemos precios justos al cliente, de esta manera garantizamos clientes felices, satisfechos y fidelizados.<\/p>\n<p><strong>Puntualidad: <\/strong>Lleguemos a tiempo a los servicios programados. Cumplir con los compromisos asumidos en el tiempo establecido.<\/p>\n<p><strong>Respeto: <\/strong>Respeto a las normas, al medio ambiente, a la cultura, a las tradiciones de los lugares visitados y a todas las partes interesadas.<\/p>\n<p><strong>Trabajo en Equipo: <\/strong>Todos en SAP somos importantes y necesarios. El trabajo en equipo integrado, responsable y concatenado nos garantizar\u00e1 el \u00e9xito.<\/p>\n<p><strong>Seguridad y salud: <\/strong>Promovemos una cultura preventiva para la mejora de las condiciones de seguridad protegiendo la vida, la salud, la integridad f\u00edsica de los colaboradores, visitantes, prestadores de servicios y miembros de las comunidades receptoras.<\/p>\n<p><img loading=\"lazy\" decoding=\"async\" class=\"aligncenter size-full wp-image-30104\" style=\"box-shadow: none; padding: 0; margin-top: 2em;\" src=\"https:\/\/southamericaplanet.com\/wp-content\/uploads\/2022\/03\/001-2.png\" alt=\"\" width=\"1080\" height=\"1080\" srcset=\"https:\/\/southamericaplanet.com\/wp-content\/uploads\/2022\/03\/001-2.png 1080w, https:\/\/southamericaplanet.com\/wp-content\/uploads\/2022\/03\/001-2-300x300.png 300w, https:\/\/southamericaplanet.com\/wp-content\/uploads\/2022\/03\/001-2-1024x1024.png 1024w, https:\/\/southamericaplanet.com\/wp-content\/uploads\/2022\/03\/001-2-768x768.png 768w\" sizes=\"auto, (max-width: 1080px) 100vw, 1080px\" \/><br \/>\n<span style=\"font-size: 12pt;\"><strong>GRUPO SOUTH AMERICA PLANET<\/strong><\/span><\/p>\n<p><span style=\"font-size: 12pt;\"><strong>Amazing Holidays Tours<\/strong><\/span><\/p>\n<p style=\"text-align: left;\"><span style=\"font-size: 12pt;\"><strong>RUC<\/strong> : 20600751850<\/span><\/p>\n<p style=\"text-align: left;\"><span style=\"font-size: 12pt;\"><strong>America Trek SAC<\/strong><\/span><\/p>\n<p style=\"text-align: left;\"><span style=\"font-size: 12pt;\"><strong>RUC<\/strong> :20600794737<\/span><\/p>\n<p><span style=\"font-size: 12pt;\"><strong>Oficina en Cusco, Per\u00fa<\/strong><\/span><\/p>\n<ul>\n<li><span style=\"font-size: 12pt;\">CALLE SAN AGUSTIN #307\/ OFF. 116 dept. F\/ Operacion + Trekking<\/span><\/li>\n<li><span style=\"font-size: 12pt;\"><strong>Tel\u00e9fono:<\/strong> +51 84 251145&nbsp; &nbsp;<\/span><\/li>\n<li><span style=\"font-size: 12pt;\"><a href=\"https:\/\/goo.gl\/maps\/C2Qhk8Na9fDhWty26\" target=\"_blank\" rel=\"noopener\">Google Maps<\/a><\/span><\/li>\n<\/ul>\n<p><span style=\"font-size: 12pt;\"><strong>Atenci\u00f3n al Cliente<\/strong><\/span><\/p>\n<ul>\n<li><span style=\"font-size: 12pt;\"><strong>Oficina:<\/strong> De Lunes a Viernes. S\u00e1bado hasta 1pm &#8211; Domingos Cerrado.<\/span><\/li>\n<li><span style=\"font-size: 12pt;\"><strong>Horario de atenci\u00f3n:<\/strong> 8 AM a 1 PM y 4 PM a 8 PM.<\/span><\/li>\n<\/ul>\n<p><span style=\"font-size: 12pt;\"><strong>Datos de Contacto<\/strong><\/span><\/p>\n<ul>\n<li><span style=\"font-size: 12pt;\"><strong>Email:<\/strong> <a href=\"mailto:info@southamericaplanet.com\" target=\"_blank\" rel=\"noopener\">info@southamericaplanet.com<\/a><\/span><\/li>\n<li><span style=\"font-size: 12pt;\"><strong>Skype:<\/strong> southamericaplanet<\/span><\/li>\n<\/ul>\n<p><span style=\"font-size: 12pt;\"><strong>N\u00famero de Emergencia<\/strong><\/span><\/p>\n<ul>\n<li><span style=\"font-size: 12pt;\"><strong>Celular:<\/strong> (+51) 984 112 504<\/span><\/li>\n<li><span style=\"font-size: 12pt;\"><span style=\"font-size: 12pt;\"><strong>WhatsApp:<\/strong> (+51) 984 577 011<\/span><\/span><\/li>\n<\/ul>\n<p><strong style=\"font-size: 12pt;\">Empresa Certificada<\/strong><br \/>\n<img loading=\"lazy\" decoding=\"async\" class=\"alignleft wp-image-30681\" style=\"box-shadow: none; padding: 0; margin-top: 1em; margin-bottom: 1em; max-width: 200px;\" src=\"https:\/\/southamericaplanet.com\/wp-content\/uploads\/2022\/10\/NQA21101.png\" alt=\"\" width=\"108\" height=\"168\"><\/p>\n","protected":false},"excerpt":{"rendered":"<p>Misi\u00f3n: Somos una agencia de viajes que brinda experiencias aut\u00e9nticas e innovadoras con una relaci\u00f3n respetuosa de las costumbres socio-culturales, del medio ambiente y de las normas de los pa\u00edses que promocionamos&#8230;.<\/p>\n","protected":false},"author":4,"featured_media":0,"parent":0,"menu_order":18,"comment_status":"closed","ping_status":"closed","template":"","meta":{"_acf_changed":false,"ngg_post_thumbnail":0,"footnotes":""},"class_list":["post-30118","page","type-page","status-publish","hentry"],"acf":[],"yoast_head":"<!-- This site is optimized with the Yoast SEO plugin v26.3 - https:\/\/yoast.com\/wordpress\/plugins\/seo\/ -->\n<title>Misi\u00f3n, Visi\u00f3n y Valores<\/title>\n<meta name=\"robots\" content=\"index, follow, max-snippet:-1, max-image-preview:large, max-video-preview:-1\" \/>\n<link rel=\"canonical\" href=\"https:\/\/southamericaplanet.com\/es\/mision-vision-y-valores\/\" \/>\n<meta property=\"og:locale\" content=\"es_ES\" \/>\n<meta property=\"og:locale:alternate\" content=\"en_US\" \/>\n<meta property=\"og:locale:alternate\" content=\"nl_NL\" \/>\n<meta property=\"og:type\" content=\"article\" \/>\n<meta property=\"og:title\" content=\"Misi\u00f3n, Visi\u00f3n y Valores\" \/>\n<meta property=\"og:description\" content=\"Misi\u00f3n: Somos una agencia de viajes que brinda experiencias aut\u00e9nticas e innovadoras con una relaci\u00f3n respetuosa de las costumbres socio-culturales, del medio ambiente y de las normas de los pa\u00edses que promocionamos....\" \/>\n<meta property=\"og:url\" content=\"https:\/\/southamericaplanet.com\/es\/mision-vision-y-valores\/\" \/>\n<meta property=\"article:publisher\" content=\"https:\/\/www.facebook.com\/Southamericaplanet\" \/>\n<meta property=\"article:modified_time\" content=\"2026-01-14T15:11:33+00:00\" \/>\n<meta property=\"og:image\" content=\"https:\/\/southamericaplanet.com\/wp-content\/uploads\/2022\/03\/001-2.png\" \/>\n\t<meta property=\"og:image:width\" content=\"1080\" \/>\n\t<meta property=\"og:image:height\" content=\"1080\" \/>\n\t<meta property=\"og:image:type\" content=\"image\/png\" \/>\n<meta name=\"twitter:card\" content=\"summary_large_image\" \/>\n<meta name=\"twitter:label1\" content=\"Est. reading time\" \/>\n\t<meta name=\"twitter:data1\" content=\"3 minutos\" \/>\n<script type=\"application\/ld+json\" class=\"yoast-schema-graph\">{\"@context\":\"https:\/\/schema.org\",\"@graph\":[{\"@type\":\"WebPage\",\"@id\":\"https:\/\/southamericaplanet.com\/nl\/mision-vision-y-valores\/\",\"url\":\"https:\/\/southamericaplanet.com\/nl\/mision-vision-y-valores\/\",\"name\":\"Misi\u00f3n, Visi\u00f3n y Valores\",\"isPartOf\":{\"@id\":\"https:\/\/southamericaplanet.com\/#website\"},\"primaryImageOfPage\":{\"@id\":\"https:\/\/southamericaplanet.com\/nl\/mision-vision-y-valores\/#primaryimage\"},\"image\":{\"@id\":\"https:\/\/southamericaplanet.com\/nl\/mision-vision-y-valores\/#primaryimage\"},\"thumbnailUrl\":\"https:\/\/southamericaplanet.com\/wp-content\/uploads\/2022\/03\/001-2.png\",\"datePublished\":\"2022-03-23T21:54:56+00:00\",\"dateModified\":\"2026-01-14T15:11:33+00:00\",\"breadcrumb\":{\"@id\":\"https:\/\/southamericaplanet.com\/nl\/mision-vision-y-valores\/#breadcrumb\"},\"inLanguage\":\"es-PE\",\"potentialAction\":[{\"@type\":\"ReadAction\",\"target\":[\"https:\/\/southamericaplanet.com\/nl\/mision-vision-y-valores\/\"]}]},{\"@type\":\"ImageObject\",\"inLanguage\":\"es-PE\",\"@id\":\"https:\/\/southamericaplanet.com\/nl\/mision-vision-y-valores\/#primaryimage\",\"url\":\"https:\/\/southamericaplanet.com\/wp-content\/uploads\/2022\/03\/001-2.png\",\"contentUrl\":\"https:\/\/southamericaplanet.com\/wp-content\/uploads\/2022\/03\/001-2.png\"},{\"@type\":\"BreadcrumbList\",\"@id\":\"https:\/\/southamericaplanet.com\/nl\/mision-vision-y-valores\/#breadcrumb\",\"itemListElement\":[{\"@type\":\"ListItem\",\"position\":1,\"name\":\"Home\",\"item\":\"https:\/\/southamericaplanet.com\/nl\/\"},{\"@type\":\"ListItem\",\"position\":2,\"name\":\"Visie, Missie en Waarden\"}]},{\"@type\":\"WebSite\",\"@id\":\"https:\/\/southamericaplanet.com\/#website\",\"url\":\"https:\/\/southamericaplanet.com\/\",\"name\":\"South America Planet\",\"description\":\"Agente de viajes Sudam\u00e9rica, viajes a Per\u00fa, Bolivia, Argentina, Chile, Colombia, Ecuador, tambi\u00e9n trekking, operador oficial incatrail\",\"publisher\":{\"@id\":\"https:\/\/southamericaplanet.com\/#organization\"},\"potentialAction\":[{\"@type\":\"SearchAction\",\"target\":{\"@type\":\"EntryPoint\",\"urlTemplate\":\"https:\/\/southamericaplanet.com\/?s={search_term_string}\"},\"query-input\":{\"@type\":\"PropertyValueSpecification\",\"valueRequired\":true,\"valueName\":\"search_term_string\"}}],\"inLanguage\":\"es-PE\"},{\"@type\":\"Organization\",\"@id\":\"https:\/\/southamericaplanet.com\/#organization\",\"name\":\"South America Planet\",\"url\":\"https:\/\/southamericaplanet.com\/\",\"logo\":{\"@type\":\"ImageObject\",\"inLanguage\":\"es-PE\",\"@id\":\"https:\/\/southamericaplanet.com\/#\/schema\/logo\/image\/\",\"url\":\"https:\/\/southamericaplanet.com\/wp-content\/uploads\/2016\/11\/114-logo.yj6w.jpg\",\"contentUrl\":\"https:\/\/southamericaplanet.com\/wp-content\/uploads\/2016\/11\/114-logo.yj6w.jpg\",\"width\":140,\"height\":140,\"caption\":\"South America Planet\"},\"image\":{\"@id\":\"https:\/\/southamericaplanet.com\/#\/schema\/logo\/image\/\"},\"sameAs\":[\"https:\/\/www.facebook.com\/Southamericaplanet\"]}]}<\/script>\n<!-- \/ Yoast SEO plugin. -->","yoast_head_json":{"title":"Misi\u00f3n, Visi\u00f3n y Valores","robots":{"index":"index","follow":"follow","max-snippet":"max-snippet:-1","max-image-preview":"max-image-preview:large","max-video-preview":"max-video-preview:-1"},"canonical":"https:\/\/southamericaplanet.com\/es\/mision-vision-y-valores\/","og_locale":"es_ES","og_type":"article","og_title":"[:en]Vision, Mission and Values[:es]Misi\u00f3n, Visi\u00f3n y Valores[:nl]Visie, Missie en Waarden[:] -","og_description":"Misi\u00f3n: Somos una agencia de viajes que brinda experiencias aut\u00e9nticas e innovadoras con una relaci\u00f3n respetuosa de las costumbres socio-culturales, del medio ambiente y de las normas de los pa\u00edses que promocionamos....","og_url":"https:\/\/southamericaplanet.com\/es\/mision-vision-y-valores\/","article_publisher":"https:\/\/www.facebook.com\/Southamericaplanet","article_modified_time":"2026-01-14T15:11:33+00:00","og_image":[{"width":1080,"height":1080,"url":"https:\/\/southamericaplanet.com\/wp-content\/uploads\/2022\/03\/001-2.png","type":"image\/png"}],"twitter_card":"summary_large_image","twitter_misc":{"Est. reading time":"3 minutos"},"schema":{"@context":"https:\/\/schema.org","@graph":[{"@type":"WebPage","@id":"https:\/\/southamericaplanet.com\/nl\/mision-vision-y-valores\/","url":"https:\/\/southamericaplanet.com\/nl\/mision-vision-y-valores\/","name":"Misi\u00f3n, Visi\u00f3n y Valores","isPartOf":{"@id":"https:\/\/southamericaplanet.com\/#website"},"primaryImageOfPage":{"@id":"https:\/\/southamericaplanet.com\/nl\/mision-vision-y-valores\/#primaryimage"},"image":{"@id":"https:\/\/southamericaplanet.com\/nl\/mision-vision-y-valores\/#primaryimage"},"thumbnailUrl":"https:\/\/southamericaplanet.com\/wp-content\/uploads\/2022\/03\/001-2.png","datePublished":"2022-03-23T21:54:56+00:00","dateModified":"2026-01-14T15:11:33+00:00","breadcrumb":{"@id":"https:\/\/southamericaplanet.com\/nl\/mision-vision-y-valores\/#breadcrumb"},"inLanguage":"es-PE","potentialAction":[{"@type":"ReadAction","target":["https:\/\/southamericaplanet.com\/nl\/mision-vision-y-valores\/"]}]},{"@type":"ImageObject","inLanguage":"es-PE","@id":"https:\/\/southamericaplanet.com\/nl\/mision-vision-y-valores\/#primaryimage","url":"https:\/\/southamericaplanet.com\/wp-content\/uploads\/2022\/03\/001-2.png","contentUrl":"https:\/\/southamericaplanet.com\/wp-content\/uploads\/2022\/03\/001-2.png"},{"@type":"BreadcrumbList","@id":"https:\/\/southamericaplanet.com\/nl\/mision-vision-y-valores\/#breadcrumb","itemListElement":[{"@type":"ListItem","position":1,"name":"Home","item":"https:\/\/southamericaplanet.com\/nl\/"},{"@type":"ListItem","position":2,"name":"Visie, Missie en Waarden"}]},{"@type":"WebSite","@id":"https:\/\/southamericaplanet.com\/#website","url":"https:\/\/southamericaplanet.com\/","name":"South America Planet","description":"Agente de viajes Sudam\u00e9rica, viajes a Per\u00fa, Bolivia, Argentina, Chile, Colombia, Ecuador, tambi\u00e9n trekking, operador oficial incatrail","publisher":{"@id":"https:\/\/southamericaplanet.com\/#organization"},"potentialAction":[{"@type":"SearchAction","target":{"@type":"EntryPoint","urlTemplate":"https:\/\/southamericaplanet.com\/?s={search_term_string}"},"query-input":{"@type":"PropertyValueSpecification","valueRequired":true,"valueName":"search_term_string"}}],"inLanguage":"es-PE"},{"@type":"Organization","@id":"https:\/\/southamericaplanet.com\/#organization","name":"South America Planet","url":"https:\/\/southamericaplanet.com\/","logo":{"@type":"ImageObject","inLanguage":"es-PE","@id":"https:\/\/southamericaplanet.com\/#\/schema\/logo\/image\/","url":"https:\/\/southamericaplanet.com\/wp-content\/uploads\/2016\/11\/114-logo.yj6w.jpg","contentUrl":"https:\/\/southamericaplanet.com\/wp-content\/uploads\/2016\/11\/114-logo.yj6w.jpg","width":140,"height":140,"caption":"South America Planet"},"image":{"@id":"https:\/\/southamericaplanet.com\/#\/schema\/logo\/image\/"},"sameAs":["https:\/\/www.facebook.com\/Southamericaplanet"]}]}},"_links":{"self":[{"href":"https:\/\/southamericaplanet.com\/es\/wp-json\/wp\/v2\/pages\/30118","targetHints":{"allow":["GET"]}}],"collection":[{"href":"https:\/\/southamericaplanet.com\/es\/wp-json\/wp\/v2\/pages"}],"about":[{"href":"https:\/\/southamericaplanet.com\/es\/wp-json\/wp\/v2\/types\/page"}],"author":[{"embeddable":true,"href":"https:\/\/southamericaplanet.com\/es\/wp-json\/wp\/v2\/users\/4"}],"replies":[{"embeddable":true,"href":"https:\/\/southamericaplanet.com\/es\/wp-json\/wp\/v2\/comments?post=30118"}],"version-history":[{"count":0,"href":"https:\/\/southamericaplanet.com\/es\/wp-json\/wp\/v2\/pages\/30118\/revisions"}],"wp:attachment":[{"href":"https:\/\/southamericaplanet.com\/es\/wp-json\/wp\/v2\/media?parent=30118"}],"curies":[{"name":"wp","href":"https:\/\/api.w.org\/{rel}","templated":true}]}}