{"id":30137,"date":"2022-03-24T16:41:40","date_gmt":"2022-03-24T16:41:40","guid":{"rendered":"https:\/\/southamericaplanet.com\/es\/?page_id=30137"},"modified":"2026-01-14T15:00:17","modified_gmt":"2026-01-14T15:00:17","slug":"informacion-legal","status":"publish","type":"page","link":"https:\/\/southamericaplanet.com\/es\/informacion-legal\/","title":{"rendered":"Informaci\u00f3n Legal"},"content":{"rendered":"<p><strong>South America Planet<\/strong><\/p>\n<p>Tenemos licencia completa, a continuaci\u00f3n, se muestra una copia de todas las licencias relevantes. Todos estos se obtienen del gobierno y de las autoridades peruanas de turismo.<\/p>\n<p>&nbsp;<\/p>\n<p>Cumplimos con todas las leyes peruanas, incluido el pago de los impuestos correspondientes y el cumplimiento de todas las leyes de derechos laborales de todo nuestro personal. Cuando elige viajar con SOITH AMERICA PLANET sabe que est\u00e1 en buenas manos. Siempre daremos un paso m\u00e1s para asegurarnos de que estas sean sus mejores vacaciones<\/p>\n<p><strong>Amazing Holidays Tours<\/strong><\/p>\n<p><strong>RUC<\/strong> : 20600751850<\/p>\n<p><img loading=\"lazy\" decoding=\"async\" class=\"aligncenter size-full wp-image-30138\" src=\"https:\/\/southamericaplanet.com\/wp-content\/uploads\/2022\/03\/Imagen1_1.png\" alt=\"\" width=\"628\" height=\"191\" srcset=\"https:\/\/southamericaplanet.com\/wp-content\/uploads\/2022\/03\/Imagen1_1.png 628w, https:\/\/southamericaplanet.com\/wp-content\/uploads\/2022\/03\/Imagen1_1-300x91.png 300w\" sizes=\"auto, (max-width: 628px) 100vw, 628px\" \/><img loading=\"lazy\" decoding=\"async\" class=\"aligncenter size-full wp-image-30139\" src=\"https:\/\/southamericaplanet.com\/wp-content\/uploads\/2022\/03\/Imagen2_2.png\" alt=\"\" width=\"624\" height=\"247\" srcset=\"https:\/\/southamericaplanet.com\/wp-content\/uploads\/2022\/03\/Imagen2_2.png 624w, https:\/\/southamericaplanet.com\/wp-content\/uploads\/2022\/03\/Imagen2_2-300x119.png 300w\" sizes=\"auto, (max-width: 624px) 100vw, 624px\" \/><\/p>\n<p><img loading=\"lazy\" decoding=\"async\" class=\"aligncenter wp-image-30227\" src=\"https:\/\/southamericaplanet.com\/wp-content\/uploads\/2022\/04\/Licencia_Funcionamiento.jpeg\" alt=\"\" width=\"500\" height=\"707\" srcset=\"https:\/\/southamericaplanet.com\/wp-content\/uploads\/2022\/04\/Licencia_Funcionamiento.jpeg 393w, https:\/\/southamericaplanet.com\/wp-content\/uploads\/2022\/04\/Licencia_Funcionamiento-212x300.jpeg 212w\" sizes=\"auto, (max-width: 500px) 100vw, 500px\" \/><\/p>\n<p><img loading=\"lazy\" decoding=\"async\" class=\"aligncenter size-full wp-image-30484\" src=\"https:\/\/southamericaplanet.com\/wp-content\/uploads\/2022\/06\/CERTIFICADO-GERCETUR-AMZ062-1.png\" alt=\"\" width=\"713\" height=\"1024\" srcset=\"https:\/\/southamericaplanet.com\/wp-content\/uploads\/2022\/06\/CERTIFICADO-GERCETUR-AMZ062-1.png 713w, https:\/\/southamericaplanet.com\/wp-content\/uploads\/2022\/06\/CERTIFICADO-GERCETUR-AMZ062-1-209x300.png 209w\" sizes=\"auto, (max-width: 713px) 100vw, 713px\" \/><\/p>\n<p><strong>America Trek SAC<\/strong><\/p>\n<p><strong>RUC<\/strong> :20600794737<\/p>\n<p><img loading=\"lazy\" decoding=\"async\" class=\"aligncenter size-full wp-image-30140\" src=\"https:\/\/southamericaplanet.com\/wp-content\/uploads\/2022\/03\/Imagen5_3.png\" alt=\"\" width=\"642\" height=\"202\" srcset=\"https:\/\/southamericaplanet.com\/wp-content\/uploads\/2022\/03\/Imagen5_3.png 642w, https:\/\/southamericaplanet.com\/wp-content\/uploads\/2022\/03\/Imagen5_3-300x94.png 300w\" sizes=\"auto, (max-width: 642px) 100vw, 642px\" \/><img loading=\"lazy\" decoding=\"async\" class=\"aligncenter size-full wp-image-30141\" src=\"https:\/\/southamericaplanet.com\/wp-content\/uploads\/2022\/03\/Imagen6_4.png\" alt=\"\" width=\"642\" height=\"249\" srcset=\"https:\/\/southamericaplanet.com\/wp-content\/uploads\/2022\/03\/Imagen6_4.png 642w, https:\/\/southamericaplanet.com\/wp-content\/uploads\/2022\/03\/Imagen6_4-300x116.png 300w\" sizes=\"auto, (max-width: 642px) 100vw, 642px\" \/><\/p>\n<p>&nbsp;<\/p>\n<p><strong>Liciencia de Funcionamiento<\/strong><\/p>\n<p><img loading=\"lazy\" decoding=\"async\" class=\"aligncenter size-full wp-image-30142\" src=\"https:\/\/southamericaplanet.com\/wp-content\/uploads\/2022\/03\/Imagen7_5.png\" alt=\"\" width=\"610\" height=\"754\" srcset=\"https:\/\/southamericaplanet.com\/wp-content\/uploads\/2022\/03\/Imagen7_5.png 610w, https:\/\/southamericaplanet.com\/wp-content\/uploads\/2022\/03\/Imagen7_5-243x300.png 243w\" sizes=\"auto, (max-width: 610px) 100vw, 610px\" \/><\/p>\n<p>&nbsp;<\/p>\n<p><strong>Operador de Turismo &#8211; DIRCETUR<\/strong><\/p>\n<p><img loading=\"lazy\" decoding=\"async\" class=\"aligncenter size-full wp-image-30143\" src=\"https:\/\/southamericaplanet.com\/wp-content\/uploads\/2022\/03\/Imagen8_6.png\" alt=\"\" width=\"602\" height=\"740\" srcset=\"https:\/\/southamericaplanet.com\/wp-content\/uploads\/2022\/03\/Imagen8_6.png 602w, https:\/\/southamericaplanet.com\/wp-content\/uploads\/2022\/03\/Imagen8_6-244x300.png 244w\" sizes=\"auto, (max-width: 602px) 100vw, 602px\" \/><\/p>\n<p>&nbsp;<\/p>\n<p><img loading=\"lazy\" decoding=\"async\" class=\"aligncenter size-full wp-image-30104\" style=\"box-shadow: none; padding: 0; margin-top: 2em;\" src=\"https:\/\/southamericaplanet.com\/wp-content\/uploads\/2022\/03\/001-2.png\" alt=\"\" width=\"1080\" height=\"1080\" srcset=\"https:\/\/southamericaplanet.com\/wp-content\/uploads\/2022\/03\/001-2.png 1080w, https:\/\/southamericaplanet.com\/wp-content\/uploads\/2022\/03\/001-2-300x300.png 300w, https:\/\/southamericaplanet.com\/wp-content\/uploads\/2022\/03\/001-2-1024x1024.png 1024w, https:\/\/southamericaplanet.com\/wp-content\/uploads\/2022\/03\/001-2-768x768.png 768w\" sizes=\"auto, (max-width: 1080px) 100vw, 1080px\" \/><br \/>\n<span style=\"font-size: 12pt;\"><strong>GRUPO SOUTH AMERICA PLANET<\/strong><\/span><\/p>\n<p><span style=\"font-size: 12pt;\"><strong>Amazing Holidays Tours<\/strong><\/span><\/p>\n<p style=\"text-align: left;\"><span style=\"font-size: 12pt;\"><strong>RUC<\/strong> : 20600751850<\/span><\/p>\n<p style=\"text-align: left;\"><span style=\"font-size: 12pt;\"><strong>America Trek SAC<\/strong><\/span><\/p>\n<p style=\"text-align: left;\"><span style=\"font-size: 12pt;\"><strong>RUC<\/strong> :20600794737<\/span><\/p>\n<p><span style=\"font-size: 12pt;\"><strong>Oficina en Cusco, Per\u00fa<\/strong><\/span><\/p>\n<ul>\n<li><span style=\"font-size: 12pt;\">CALLE SAN AGUSTIN #307\/ OFF. 116 dept. F\/ Operacion + Trekking<\/span><\/li>\n<li><span style=\"font-size: 12pt;\"><strong>Tel\u00e9fono:<\/strong> +51 84 251145&nbsp; &nbsp;<\/span><\/li>\n<li><span style=\"font-size: 12pt;\"><a href=\"https:\/\/goo.gl\/maps\/C2Qhk8Na9fDhWty26\" target=\"_blank\" rel=\"noopener\">Google Maps<\/a><\/span><\/li>\n<\/ul>\n<p><span style=\"font-size: 12pt;\"><strong>Atenci\u00f3n al Cliente<\/strong><\/span><\/p>\n<ul>\n<li><span style=\"font-size: 12pt;\"><strong>Oficina:<\/strong> De Lunes a Viernes. S\u00e1bado hasta 1pm &#8211; Domingos Cerrado.<\/span><\/li>\n<li><span style=\"font-size: 12pt;\"><strong>Horario de atenci\u00f3n:<\/strong> 8 AM a 1 PM y 4 PM a 8 PM.<\/span><\/li>\n<\/ul>\n<p><span style=\"font-size: 12pt;\"><strong>Datos de Contacto<\/strong><\/span><\/p>\n<ul>\n<li><span style=\"font-size: 12pt;\"><strong>Email:<\/strong> <a href=\"mailto:info@southamericaplanet.com\" target=\"_blank\" rel=\"noopener\">info@southamericaplanet.com<\/a><\/span><\/li>\n<li><span style=\"font-size: 12pt;\"><strong>Skype:<\/strong> southamericaplanet<\/span><\/li>\n<\/ul>\n<p><span style=\"font-size: 12pt;\"><strong>N\u00famero de Emergencia<\/strong><\/span><\/p>\n<ul>\n<li><span style=\"font-size: 12pt;\"><strong>Celular:<\/strong> (+51) 984 112 504<\/span><\/li>\n<li><span style=\"font-size: 12pt;\"><span style=\"font-size: 12pt;\"><strong>WhatsApp:<\/strong> (+51) 984 577 011<\/span><\/span><\/li>\n<\/ul>\n<p><strong style=\"font-size: 12pt;\">Empresa Certificada<\/strong><br \/>\n<img loading=\"lazy\" decoding=\"async\" class=\"alignleft wp-image-30681\" style=\"box-shadow: none; padding: 0; margin-top: 1em; margin-bottom: 1em; max-width: 200px;\" src=\"https:\/\/southamericaplanet.com\/wp-content\/uploads\/2022\/10\/NQA21101.png\" alt=\"\" width=\"108\" height=\"168\"><\/p>\n","protected":false},"excerpt":{"rendered":"<p>South America Planet Tenemos licencia completa, a continuaci\u00f3n, se muestra una copia de todas las licencias relevantes. Todos estos se obtienen del gobierno y de las autoridades peruanas de turismo. &nbsp; Cumplimos&#8230;<\/p>\n","protected":false},"author":4,"featured_media":0,"parent":0,"menu_order":16,"comment_status":"closed","ping_status":"closed","template":"","meta":{"_acf_changed":false,"ngg_post_thumbnail":0,"footnotes":""},"class_list":["post-30137","page","type-page","status-publish","hentry"],"acf":[],"yoast_head":"<!-- This site is optimized with the Yoast SEO plugin v26.3 - https:\/\/yoast.com\/wordpress\/plugins\/seo\/ -->\n<title>Informaci\u00f3n Legal<\/title>\n<meta name=\"robots\" content=\"index, follow, max-snippet:-1, max-image-preview:large, max-video-preview:-1\" \/>\n<link rel=\"canonical\" href=\"https:\/\/southamericaplanet.com\/es\/informacion-legal\/\" \/>\n<meta property=\"og:locale\" content=\"es_ES\" \/>\n<meta property=\"og:locale:alternate\" content=\"en_US\" \/>\n<meta property=\"og:locale:alternate\" content=\"nl_NL\" \/>\n<meta property=\"og:type\" content=\"article\" \/>\n<meta property=\"og:title\" content=\"Informaci\u00f3n Legal\" \/>\n<meta property=\"og:description\" content=\"South America Planet Tenemos licencia completa, a continuaci\u00f3n, se muestra una copia de todas las licencias relevantes. Todos estos se obtienen del gobierno y de las autoridades peruanas de turismo. &nbsp; Cumplimos...\" \/>\n<meta property=\"og:url\" content=\"https:\/\/southamericaplanet.com\/es\/informacion-legal\/\" \/>\n<meta property=\"article:publisher\" content=\"https:\/\/www.facebook.com\/Southamericaplanet\" \/>\n<meta property=\"article:modified_time\" content=\"2026-01-14T15:00:17+00:00\" \/>\n<meta property=\"og:image\" content=\"https:\/\/southamericaplanet.com\/wp-content\/uploads\/2022\/03\/Imagen1_1.png\" \/>\n\t<meta property=\"og:image:width\" content=\"628\" \/>\n\t<meta property=\"og:image:height\" content=\"191\" \/>\n\t<meta property=\"og:image:type\" content=\"image\/png\" \/>\n<meta name=\"twitter:card\" content=\"summary_large_image\" \/>\n<meta name=\"twitter:label1\" content=\"Est. reading time\" \/>\n\t<meta name=\"twitter:data1\" content=\"3 minutos\" \/>\n<script type=\"application\/ld+json\" class=\"yoast-schema-graph\">{\"@context\":\"https:\/\/schema.org\",\"@graph\":[{\"@type\":\"WebPage\",\"@id\":\"https:\/\/southamericaplanet.com\/nl\/informacion-legal\/\",\"url\":\"https:\/\/southamericaplanet.com\/nl\/informacion-legal\/\",\"name\":\"Informaci\u00f3n Legal\",\"isPartOf\":{\"@id\":\"https:\/\/southamericaplanet.com\/#website\"},\"primaryImageOfPage\":{\"@id\":\"https:\/\/southamericaplanet.com\/nl\/informacion-legal\/#primaryimage\"},\"image\":{\"@id\":\"https:\/\/southamericaplanet.com\/nl\/informacion-legal\/#primaryimage\"},\"thumbnailUrl\":\"https:\/\/southamericaplanet.com\/wp-content\/uploads\/2022\/03\/Imagen1_1.png\",\"datePublished\":\"2022-03-24T16:41:40+00:00\",\"dateModified\":\"2026-01-14T15:00:17+00:00\",\"breadcrumb\":{\"@id\":\"https:\/\/southamericaplanet.com\/nl\/informacion-legal\/#breadcrumb\"},\"inLanguage\":\"es-PE\",\"potentialAction\":[{\"@type\":\"ReadAction\",\"target\":[\"https:\/\/southamericaplanet.com\/nl\/informacion-legal\/\"]}]},{\"@type\":\"ImageObject\",\"inLanguage\":\"es-PE\",\"@id\":\"https:\/\/southamericaplanet.com\/nl\/informacion-legal\/#primaryimage\",\"url\":\"https:\/\/southamericaplanet.com\/wp-content\/uploads\/2022\/03\/Imagen1_1.png\",\"contentUrl\":\"https:\/\/southamericaplanet.com\/wp-content\/uploads\/2022\/03\/Imagen1_1.png\"},{\"@type\":\"BreadcrumbList\",\"@id\":\"https:\/\/southamericaplanet.com\/nl\/informacion-legal\/#breadcrumb\",\"itemListElement\":[{\"@type\":\"ListItem\",\"position\":1,\"name\":\"Home\",\"item\":\"https:\/\/southamericaplanet.com\/nl\/\"},{\"@type\":\"ListItem\",\"position\":2,\"name\":\"Legale informatie\"}]},{\"@type\":\"WebSite\",\"@id\":\"https:\/\/southamericaplanet.com\/#website\",\"url\":\"https:\/\/southamericaplanet.com\/\",\"name\":\"South America Planet\",\"description\":\"Agente de viajes Sudam\u00e9rica, viajes a Per\u00fa, Bolivia, Argentina, Chile, Colombia, Ecuador, tambi\u00e9n trekking, operador oficial incatrail\",\"publisher\":{\"@id\":\"https:\/\/southamericaplanet.com\/#organization\"},\"potentialAction\":[{\"@type\":\"SearchAction\",\"target\":{\"@type\":\"EntryPoint\",\"urlTemplate\":\"https:\/\/southamericaplanet.com\/?s={search_term_string}\"},\"query-input\":{\"@type\":\"PropertyValueSpecification\",\"valueRequired\":true,\"valueName\":\"search_term_string\"}}],\"inLanguage\":\"es-PE\"},{\"@type\":\"Organization\",\"@id\":\"https:\/\/southamericaplanet.com\/#organization\",\"name\":\"South America Planet\",\"url\":\"https:\/\/southamericaplanet.com\/\",\"logo\":{\"@type\":\"ImageObject\",\"inLanguage\":\"es-PE\",\"@id\":\"https:\/\/southamericaplanet.com\/#\/schema\/logo\/image\/\",\"url\":\"https:\/\/southamericaplanet.com\/wp-content\/uploads\/2016\/11\/114-logo.yj6w.jpg\",\"contentUrl\":\"https:\/\/southamericaplanet.com\/wp-content\/uploads\/2016\/11\/114-logo.yj6w.jpg\",\"width\":140,\"height\":140,\"caption\":\"South America Planet\"},\"image\":{\"@id\":\"https:\/\/southamericaplanet.com\/#\/schema\/logo\/image\/\"},\"sameAs\":[\"https:\/\/www.facebook.com\/Southamericaplanet\"]}]}<\/script>\n<!-- \/ Yoast SEO plugin. -->","yoast_head_json":{"title":"Informaci\u00f3n Legal","robots":{"index":"index","follow":"follow","max-snippet":"max-snippet:-1","max-image-preview":"max-image-preview:large","max-video-preview":"max-video-preview:-1"},"canonical":"https:\/\/southamericaplanet.com\/es\/informacion-legal\/","og_locale":"es_ES","og_type":"article","og_title":"[:en]Legal information[:es]Informaci\u00f3n Legal[:nl]Legale informatie[:] -","og_description":"South America Planet Tenemos licencia completa, a continuaci\u00f3n, se muestra una copia de todas las licencias relevantes. Todos estos se obtienen del gobierno y de las autoridades peruanas de turismo. &nbsp; Cumplimos...","og_url":"https:\/\/southamericaplanet.com\/es\/informacion-legal\/","article_publisher":"https:\/\/www.facebook.com\/Southamericaplanet","article_modified_time":"2026-01-14T15:00:17+00:00","og_image":[{"width":628,"height":191,"url":"https:\/\/southamericaplanet.com\/wp-content\/uploads\/2022\/03\/Imagen1_1.png","type":"image\/png"}],"twitter_card":"summary_large_image","twitter_misc":{"Est. reading time":"3 minutos"},"schema":{"@context":"https:\/\/schema.org","@graph":[{"@type":"WebPage","@id":"https:\/\/southamericaplanet.com\/nl\/informacion-legal\/","url":"https:\/\/southamericaplanet.com\/nl\/informacion-legal\/","name":"Informaci\u00f3n Legal","isPartOf":{"@id":"https:\/\/southamericaplanet.com\/#website"},"primaryImageOfPage":{"@id":"https:\/\/southamericaplanet.com\/nl\/informacion-legal\/#primaryimage"},"image":{"@id":"https:\/\/southamericaplanet.com\/nl\/informacion-legal\/#primaryimage"},"thumbnailUrl":"https:\/\/southamericaplanet.com\/wp-content\/uploads\/2022\/03\/Imagen1_1.png","datePublished":"2022-03-24T16:41:40+00:00","dateModified":"2026-01-14T15:00:17+00:00","breadcrumb":{"@id":"https:\/\/southamericaplanet.com\/nl\/informacion-legal\/#breadcrumb"},"inLanguage":"es-PE","potentialAction":[{"@type":"ReadAction","target":["https:\/\/southamericaplanet.com\/nl\/informacion-legal\/"]}]},{"@type":"ImageObject","inLanguage":"es-PE","@id":"https:\/\/southamericaplanet.com\/nl\/informacion-legal\/#primaryimage","url":"https:\/\/southamericaplanet.com\/wp-content\/uploads\/2022\/03\/Imagen1_1.png","contentUrl":"https:\/\/southamericaplanet.com\/wp-content\/uploads\/2022\/03\/Imagen1_1.png"},{"@type":"BreadcrumbList","@id":"https:\/\/southamericaplanet.com\/nl\/informacion-legal\/#breadcrumb","itemListElement":[{"@type":"ListItem","position":1,"name":"Home","item":"https:\/\/southamericaplanet.com\/nl\/"},{"@type":"ListItem","position":2,"name":"Legale informatie"}]},{"@type":"WebSite","@id":"https:\/\/southamericaplanet.com\/#website","url":"https:\/\/southamericaplanet.com\/","name":"South America Planet","description":"Agente de viajes Sudam\u00e9rica, viajes a Per\u00fa, Bolivia, Argentina, Chile, Colombia, Ecuador, tambi\u00e9n trekking, operador oficial incatrail","publisher":{"@id":"https:\/\/southamericaplanet.com\/#organization"},"potentialAction":[{"@type":"SearchAction","target":{"@type":"EntryPoint","urlTemplate":"https:\/\/southamericaplanet.com\/?s={search_term_string}"},"query-input":{"@type":"PropertyValueSpecification","valueRequired":true,"valueName":"search_term_string"}}],"inLanguage":"es-PE"},{"@type":"Organization","@id":"https:\/\/southamericaplanet.com\/#organization","name":"South America Planet","url":"https:\/\/southamericaplanet.com\/","logo":{"@type":"ImageObject","inLanguage":"es-PE","@id":"https:\/\/southamericaplanet.com\/#\/schema\/logo\/image\/","url":"https:\/\/southamericaplanet.com\/wp-content\/uploads\/2016\/11\/114-logo.yj6w.jpg","contentUrl":"https:\/\/southamericaplanet.com\/wp-content\/uploads\/2016\/11\/114-logo.yj6w.jpg","width":140,"height":140,"caption":"South America Planet"},"image":{"@id":"https:\/\/southamericaplanet.com\/#\/schema\/logo\/image\/"},"sameAs":["https:\/\/www.facebook.com\/Southamericaplanet"]}]}},"_links":{"self":[{"href":"https:\/\/southamericaplanet.com\/es\/wp-json\/wp\/v2\/pages\/30137","targetHints":{"allow":["GET"]}}],"collection":[{"href":"https:\/\/southamericaplanet.com\/es\/wp-json\/wp\/v2\/pages"}],"about":[{"href":"https:\/\/southamericaplanet.com\/es\/wp-json\/wp\/v2\/types\/page"}],"author":[{"embeddable":true,"href":"https:\/\/southamericaplanet.com\/es\/wp-json\/wp\/v2\/users\/4"}],"replies":[{"embeddable":true,"href":"https:\/\/southamericaplanet.com\/es\/wp-json\/wp\/v2\/comments?post=30137"}],"version-history":[{"count":0,"href":"https:\/\/southamericaplanet.com\/es\/wp-json\/wp\/v2\/pages\/30137\/revisions"}],"wp:attachment":[{"href":"https:\/\/southamericaplanet.com\/es\/wp-json\/wp\/v2\/media?parent=30137"}],"curies":[{"name":"wp","href":"https:\/\/api.w.org\/{rel}","templated":true}]}}