{"id":30161,"date":"2022-03-24T19:54:20","date_gmt":"2022-03-24T19:54:20","guid":{"rendered":"https:\/\/southamericaplanet.com\/es\/?page_id=30161"},"modified":"2026-01-15T15:09:21","modified_gmt":"2026-01-15T15:09:21","slug":"medio-ambiente","status":"publish","type":"page","link":"https:\/\/southamericaplanet.com\/es\/medio-ambiente\/","title":{"rendered":"Medio Ambiente"},"content":{"rendered":"<p><strong>SOUTH AMERICA PLANET COMPROMETIDOS CON EL MEDIO AMBIENTE<\/strong><\/p>\n<p>Debemos preservar el medio ambiente para no generar serios problemas a las futuras generaciones. En muchos casos, la producci\u00f3n de energ\u00eda el\u00e9ctrica requiere la quema de grandes cantidades de combustible, lo que empeora el calentamiento global. Estamos reduciendo al m\u00e1ximo el consumo de electricidad en las oficinas y en todas las operaciones, con las siguientes medidas:<\/p>\n<ul>\n<li>Utilizar focos ahorradores.<\/li>\n<li>Exigir al personal de oficina el uso estrictamente necesario de la electricidad, sin dejar luces, artefactos, etc encendidos por descuido o en modo stand-by.<\/li>\n<li>Orientar al personal de campo (porteadores, cocineros, gu\u00edas, etc) y tambi\u00e9n a todos nuestros socios, para que en sus actividades ya sea laborales e incluso personales, ahorren energ\u00eda el\u00e9ctrica en todo momento y asimismo, con mucha cortes\u00eda, indiquen a los clientes sobre esta pr\u00e1ctica.<\/li>\n<li>Hacer un correcto uso de sistemas de calefacci\u00f3n, aire acondicionado y similares.<\/li>\n<li>Usar energ\u00edas renovables, tales como solar t\u00e9rmica para cargar nuestras l\u00e1mparas y en otras situaciones.<\/li>\n<li>Desechar de manera correcta equipos el\u00e9ctricos y\/o electr\u00f3nicos, pilas, bater\u00edas, fluorescentes y similares, entreg\u00e1ndolos a recolectores autorizados.<\/li>\n<li>Establecemos un control eficaz del consumo que hacen nuestros asociados, por ejemplo, vans, buses tur\u00edsticos, entre otros.<\/li>\n<li>En el dise\u00f1o de paquetes de viajes, disminuimos al m\u00ednimo el uso de transportes que utilicen combustible: aviones, buses, camionetas van, etc. Motivamos a los clientes a hacer m\u00e1s caminatas, para que disfruten de los paisajes y se ejerciten, a la vez que contribuyen a la sostenibilidad ecol\u00f3gica.<\/li>\n<li>Evitamos cualquier contaminaci\u00f3n del agua con aceites quemados.<\/li>\n<li>Cumplimos con los est\u00e1ndares exigidos por certificaciones internacionales como ISO 14001.<\/li>\n<\/ul>\n<p><strong>En relaci\u00f3n al cuidado del agua, cumplimos las siguientes normas:<\/strong><\/p>\n<ul>\n<li>Todo el personal, tanto de oficina como de campo, est\u00e1 muy consciente de que el ahorro de agua es vital para todos.<\/li>\n<li>Orientamos a todo el personal de campo y turistas a que no contaminen ninguna reserva, como lagos, r\u00edos, el mar, etc, durante los tours.<\/li>\n<li>Solamente permitimos el uso de productos lavables biodegradables (jab\u00f3n, shampoo, protector solar, detergente, etc) en nuestros paquetes de aventura, como forma de proteger los recursos h\u00eddricos, y sugerimos a nuestros clientes que hagan la transici\u00f3n permanente a ese tipo de consumo.<\/li>\n<\/ul>\n<p><strong>Respecto al uso de papel, las medidas eficaces que aplicamos son las siguientes:<\/strong><\/p>\n<ul>\n<li>Aumentar al m\u00e1ximo su reutilizaci\u00f3n en la empresa. Por ejemplo, imprimir documentos en borrador por las dos caras, conservar el m\u00e1ximo tiempo informaci\u00f3n \u00fatil como mapas, itinerarios, d\u00edpticos o tr\u00edpticos, etc, evitando su reimpresi\u00f3n cont\u00ednua (esto aplica tanto para personal de oficina como de campo).<\/li>\n<li>Tambi\u00e9n se recomienda digitalizar al m\u00e1ximo todo tipo de informaci\u00f3n.<\/li>\n<li>Comprar solamente art\u00edculos de papeler\u00eda y cart\u00f3n que sean reciclables: bolsas de papel, hojas bond, blocks, cuadernos, f\u00f3lderes, libros, etc.<\/li>\n<li>Separar todo el papel en un tacho de basura se\u00f1alizado, para que pueda ser llevado a una planta recicladora especializada.<\/li>\n<li>Desechar de manera adecuada objetos t\u00f3xicos como impresoras, t\u00f3ner, cartuchos de tinta y similares, entreg\u00e1ndolos a recolectores autorizados.<\/li>\n<li>Llevar un registro de la cantidad utilizada, ya sea mensual, bimestral, etc.<\/li>\n<li>Asimismo, tambi\u00e9n apoyaremos la restauraci\u00f3n de bosques afectados por agresiones contra la ecolog\u00eda.<\/li>\n<\/ul>\n<p><strong>En cuanto a las compras que hace SOUTH AMERICA PLANET :<\/strong><\/p>\n<ul>\n<li>Adquirimos solamente productos de pl\u00e1stico reutilizable u otros materiales que no sean desechables (por ejemplo, el acero quir\u00fargico). As\u00ed lo venimos haciendo de acuerdo a la&nbsp;pol\u00edtica de prohibici\u00f3n de pl\u00e1stico (sernamp) descartable&nbsp;en lugares tur\u00edsticos.<\/li>\n<\/ul>\n<p>Certificaci\u00f3n Sello Verde Cusco, distintivo del compromiso de la entidad con la protecci\u00f3n ambiental mediante el ahorro del agua y energ\u00eda; la aplicaci\u00f3n de las 3 R\u00b4s, reducir, reutilizar y reciclar; el cuidado de las \u00e1reas verdes que contribuyen en la minimizaci\u00f3n progresiva de impactos ambientales significativos y permite el cierre del ciclo de vida de los materiales contaminantes.<\/p>\n<p><strong>Certificado<\/strong><\/p>\n<p><img loading=\"lazy\" decoding=\"async\" class=\"aligncenter size-full wp-image-30166\" src=\"https:\/\/southamericaplanet.com\/wp-content\/uploads\/2022\/03\/Imagen1_001.png\" alt=\"\" width=\"634\" height=\"845\" srcset=\"https:\/\/southamericaplanet.com\/wp-content\/uploads\/2022\/03\/Imagen1_001.png 634w, https:\/\/southamericaplanet.com\/wp-content\/uploads\/2022\/03\/Imagen1_001-225x300.png 225w\" sizes=\"auto, (max-width: 634px) 100vw, 634px\" \/><\/p>\n<p>&nbsp;<\/p>\n<p>Tambien contamos con la certificacion de <strong>SERNANP Servicio Nacional de \u00c1reas Naturales Protegidas<\/strong> por el Estado. Por esta razon estamos comprometidos con la <strong>Gesti\u00f3n de los Residuos S\u00f3lidos<\/strong> promoviendo la minimizaci\u00f3n y reutilizaci\u00f3n de envases pl\u00e1sticos y otros contaminantes.<\/p>\n<p><iframe loading=\"lazy\" title=\"YouTube video player\" src=\"https:\/\/www.youtube.com\/embed\/0pedl8oCHyk?si=bpSdu37WQaduUoRM\" width=\"100%\" height=\"356\" frameborder=\"0\" allowfullscreen=\"allowfullscreen\"><\/iframe><\/p>\n<p>&nbsp;<\/p>\n<p><iframe loading=\"lazy\" style=\"border: none; overflow: hidden;\" src=\"https:\/\/www.facebook.com\/plugins\/post.php?href=https%3A%2F%2Fwww.facebook.com%2FSouthamericaplanet%2Fposts%2F7443134592370807&#038;show_text=true&#038;width=500\" width=\"100%\" height=\"750\" frameborder=\"0\" scrolling=\"no\" allowfullscreen=\"allowfullscreen\"><\/iframe><\/p>\n<p>&nbsp;<\/p>\n<p><strong>Jornada de limpieza de Residuos S\u00f3lidos 2024<\/strong><\/p>\n<p>Iniciativa corporativa del sector privado de <strong>Operadores de Camino Inca<\/strong>: Conservando la majestuosidad del Patrimonio Natural, Proteger el h\u00e1bitat del Gallito de las Rocas.<\/p>\n<p><iframe loading=\"lazy\" title=\"YouTube video player\" src=\"https:\/\/www.youtube.com\/embed\/wc2vyCM1zSo?si=D1bNZPQnX5NVzStP\" width=\"100%\" height=\"356\" frameborder=\"0\" allowfullscreen=\"allowfullscreen\"><\/iframe><\/p>\n<p>&nbsp;<\/p>\n<p><img loading=\"lazy\" decoding=\"async\" class=\"aligncenter size-full wp-image-30104\" style=\"box-shadow: none; padding: 0; margin-top: 2em;\" src=\"https:\/\/southamericaplanet.com\/wp-content\/uploads\/2022\/03\/001-2.png\" alt=\"\" width=\"1080\" height=\"1080\" srcset=\"https:\/\/southamericaplanet.com\/wp-content\/uploads\/2022\/03\/001-2.png 1080w, https:\/\/southamericaplanet.com\/wp-content\/uploads\/2022\/03\/001-2-300x300.png 300w, https:\/\/southamericaplanet.com\/wp-content\/uploads\/2022\/03\/001-2-1024x1024.png 1024w, https:\/\/southamericaplanet.com\/wp-content\/uploads\/2022\/03\/001-2-768x768.png 768w\" sizes=\"auto, (max-width: 1080px) 100vw, 1080px\" \/><br \/>\n<span style=\"font-size: 12pt;\"><strong>GRUPO SOUTH AMERICA PLANET<\/strong><\/span><\/p>\n<p><span style=\"font-size: 12pt;\"><strong>Amazing Holidays Tours<\/strong><\/span><\/p>\n<p style=\"text-align: left;\"><span style=\"font-size: 12pt;\"><strong>RUC<\/strong> : 20600751850<\/span><\/p>\n<p style=\"text-align: left;\"><span style=\"font-size: 12pt;\"><strong>America Trek SAC<\/strong><\/span><\/p>\n<p style=\"text-align: left;\"><span style=\"font-size: 12pt;\"><strong>RUC<\/strong> :20600794737<\/span><\/p>\n<p><span style=\"font-size: 12pt;\"><strong>Oficina en Cusco, Per\u00fa<\/strong><\/span><\/p>\n<ul>\n<li><span style=\"font-size: 12pt;\">CALLE SAN AGUSTIN #307\/ OFF. 116 dept. F\/ Operacion + Trekking<\/span><\/li>\n<li><span style=\"font-size: 12pt;\"><strong>Tel\u00e9fono:<\/strong> +51 84 251145&nbsp; &nbsp;<\/span><\/li>\n<li><span style=\"font-size: 12pt;\"><a href=\"https:\/\/goo.gl\/maps\/C2Qhk8Na9fDhWty26\" target=\"_blank\" rel=\"noopener\">Google Maps<\/a><\/span><\/li>\n<\/ul>\n<p><span style=\"font-size: 12pt;\"><strong>Atenci\u00f3n al Cliente<\/strong><\/span><\/p>\n<ul>\n<li><span style=\"font-size: 12pt;\"><strong>Oficina:<\/strong> De Lunes a Viernes. S\u00e1bado hasta 1pm &#8211; Domingos Cerrado.<\/span><\/li>\n<li><span style=\"font-size: 12pt;\"><strong>Horario de atenci\u00f3n:<\/strong> 8 AM a 1 PM y 4 PM a 8 PM.<\/span><\/li>\n<\/ul>\n<p><span style=\"font-size: 12pt;\"><strong>Datos de Contacto<\/strong><\/span><\/p>\n<ul>\n<li><span style=\"font-size: 12pt;\"><strong>Email:<\/strong> <a href=\"mailto:info@southamericaplanet.com\" target=\"_blank\" rel=\"noopener\">info@southamericaplanet.com<\/a><\/span><\/li>\n<li><span style=\"font-size: 12pt;\"><strong>Skype:<\/strong> southamericaplanet<\/span><\/li>\n<\/ul>\n<p><span style=\"font-size: 12pt;\"><strong>N\u00famero de Emergencia<\/strong><\/span><\/p>\n<ul>\n<li><span style=\"font-size: 12pt;\"><strong>Celular:<\/strong> (+51) 984 112 504<\/span><\/li>\n<li><span style=\"font-size: 12pt;\"><span style=\"font-size: 12pt;\"><strong>WhatsApp:<\/strong> (+51) 984 577 011<\/span><\/span><\/li>\n<\/ul>\n<p><strong style=\"font-size: 12pt;\">Empresa Certificada<\/strong><br \/>\n<img loading=\"lazy\" decoding=\"async\" class=\"alignleft wp-image-30681\" style=\"box-shadow: none; padding: 0; margin-top: 1em; margin-bottom: 1em; max-width: 200px;\" src=\"https:\/\/southamericaplanet.com\/wp-content\/uploads\/2022\/10\/NQA21101.png\" alt=\"\" width=\"108\" height=\"168\"><\/p>\n","protected":false},"excerpt":{"rendered":"<p>SOUTH AMERICA PLANET COMPROMETIDOS CON EL MEDIO AMBIENTE Debemos preservar el medio ambiente para no generar serios problemas a las futuras generaciones. En muchos casos, la producci\u00f3n de energ\u00eda el\u00e9ctrica requiere la&#8230;<\/p>\n","protected":false},"author":4,"featured_media":0,"parent":0,"menu_order":14,"comment_status":"closed","ping_status":"closed","template":"","meta":{"_acf_changed":false,"ngg_post_thumbnail":0,"footnotes":""},"class_list":["post-30161","page","type-page","status-publish","hentry"],"acf":[],"yoast_head":"<!-- This site is optimized with the Yoast SEO plugin v26.3 - https:\/\/yoast.com\/wordpress\/plugins\/seo\/ -->\n<title>Medio Ambiente<\/title>\n<meta name=\"robots\" content=\"index, follow, max-snippet:-1, max-image-preview:large, max-video-preview:-1\" \/>\n<link rel=\"canonical\" href=\"https:\/\/southamericaplanet.com\/es\/medio-ambiente\/\" \/>\n<meta property=\"og:locale\" content=\"es_ES\" \/>\n<meta property=\"og:locale:alternate\" content=\"en_US\" \/>\n<meta property=\"og:locale:alternate\" content=\"nl_NL\" \/>\n<meta property=\"og:type\" content=\"article\" \/>\n<meta property=\"og:title\" content=\"Medio Ambiente\" \/>\n<meta property=\"og:description\" content=\"SOUTH AMERICA PLANET COMPROMETIDOS CON EL MEDIO AMBIENTE Debemos preservar el medio ambiente para no generar serios problemas a las futuras generaciones. En muchos casos, la producci\u00f3n de energ\u00eda el\u00e9ctrica requiere la...\" \/>\n<meta property=\"og:url\" content=\"https:\/\/southamericaplanet.com\/es\/medio-ambiente\/\" \/>\n<meta property=\"article:publisher\" content=\"https:\/\/www.facebook.com\/Southamericaplanet\" \/>\n<meta property=\"article:modified_time\" content=\"2026-01-15T15:09:21+00:00\" \/>\n<meta property=\"og:image\" content=\"https:\/\/southamericaplanet.com\/wp-content\/uploads\/2022\/03\/Imagen1_001.png\" \/>\n\t<meta property=\"og:image:width\" content=\"634\" \/>\n\t<meta property=\"og:image:height\" content=\"845\" \/>\n\t<meta property=\"og:image:type\" content=\"image\/png\" \/>\n<meta name=\"twitter:card\" content=\"summary_large_image\" \/>\n<meta name=\"twitter:label1\" content=\"Est. reading time\" \/>\n\t<meta name=\"twitter:data1\" content=\"4 minutos\" \/>\n<script type=\"application\/ld+json\" class=\"yoast-schema-graph\">{\"@context\":\"https:\/\/schema.org\",\"@graph\":[{\"@type\":\"WebPage\",\"@id\":\"https:\/\/southamericaplanet.com\/medio-ambiente\/\",\"url\":\"https:\/\/southamericaplanet.com\/medio-ambiente\/\",\"name\":\"Medio Ambiente\",\"isPartOf\":{\"@id\":\"https:\/\/southamericaplanet.com\/#website\"},\"primaryImageOfPage\":{\"@id\":\"https:\/\/southamericaplanet.com\/medio-ambiente\/#primaryimage\"},\"image\":{\"@id\":\"https:\/\/southamericaplanet.com\/medio-ambiente\/#primaryimage\"},\"thumbnailUrl\":\"https:\/\/southamericaplanet.com\/wp-content\/uploads\/2022\/03\/Imagen1_001.png\",\"datePublished\":\"2022-03-24T19:54:20+00:00\",\"dateModified\":\"2026-01-15T15:09:21+00:00\",\"breadcrumb\":{\"@id\":\"https:\/\/southamericaplanet.com\/medio-ambiente\/#breadcrumb\"},\"inLanguage\":\"es-PE\",\"potentialAction\":[{\"@type\":\"ReadAction\",\"target\":[\"https:\/\/southamericaplanet.com\/medio-ambiente\/\"]}]},{\"@type\":\"ImageObject\",\"inLanguage\":\"es-PE\",\"@id\":\"https:\/\/southamericaplanet.com\/medio-ambiente\/#primaryimage\",\"url\":\"https:\/\/southamericaplanet.com\/wp-content\/uploads\/2022\/03\/Imagen1_001.png\",\"contentUrl\":\"https:\/\/southamericaplanet.com\/wp-content\/uploads\/2022\/03\/Imagen1_001.png\"},{\"@type\":\"BreadcrumbList\",\"@id\":\"https:\/\/southamericaplanet.com\/medio-ambiente\/#breadcrumb\",\"itemListElement\":[{\"@type\":\"ListItem\",\"position\":1,\"name\":\"Home\",\"item\":\"https:\/\/southamericaplanet.com\/nl\/\"},{\"@type\":\"ListItem\",\"position\":2,\"name\":\"Environment\"}]},{\"@type\":\"WebSite\",\"@id\":\"https:\/\/southamericaplanet.com\/#website\",\"url\":\"https:\/\/southamericaplanet.com\/\",\"name\":\"South America Planet\",\"description\":\"Agente de viajes Sudam\u00e9rica, viajes a Per\u00fa, Bolivia, Argentina, Chile, Colombia, Ecuador, tambi\u00e9n trekking, operador oficial incatrail\",\"publisher\":{\"@id\":\"https:\/\/southamericaplanet.com\/#organization\"},\"potentialAction\":[{\"@type\":\"SearchAction\",\"target\":{\"@type\":\"EntryPoint\",\"urlTemplate\":\"https:\/\/southamericaplanet.com\/?s={search_term_string}\"},\"query-input\":{\"@type\":\"PropertyValueSpecification\",\"valueRequired\":true,\"valueName\":\"search_term_string\"}}],\"inLanguage\":\"es-PE\"},{\"@type\":\"Organization\",\"@id\":\"https:\/\/southamericaplanet.com\/#organization\",\"name\":\"South America Planet\",\"url\":\"https:\/\/southamericaplanet.com\/\",\"logo\":{\"@type\":\"ImageObject\",\"inLanguage\":\"es-PE\",\"@id\":\"https:\/\/southamericaplanet.com\/#\/schema\/logo\/image\/\",\"url\":\"https:\/\/southamericaplanet.com\/wp-content\/uploads\/2016\/11\/114-logo.yj6w.jpg\",\"contentUrl\":\"https:\/\/southamericaplanet.com\/wp-content\/uploads\/2016\/11\/114-logo.yj6w.jpg\",\"width\":140,\"height\":140,\"caption\":\"South America Planet\"},\"image\":{\"@id\":\"https:\/\/southamericaplanet.com\/#\/schema\/logo\/image\/\"},\"sameAs\":[\"https:\/\/www.facebook.com\/Southamericaplanet\"]}]}<\/script>\n<!-- \/ Yoast SEO plugin. -->","yoast_head_json":{"title":"Medio Ambiente","robots":{"index":"index","follow":"follow","max-snippet":"max-snippet:-1","max-image-preview":"max-image-preview:large","max-video-preview":"max-video-preview:-1"},"canonical":"https:\/\/southamericaplanet.com\/es\/medio-ambiente\/","og_locale":"es_ES","og_type":"article","og_title":"[:en]Environment[:es]Medio Ambiente[:nl]Milieu[:] -","og_description":"SOUTH AMERICA PLANET COMPROMETIDOS CON EL MEDIO AMBIENTE Debemos preservar el medio ambiente para no generar serios problemas a las futuras generaciones. En muchos casos, la producci\u00f3n de energ\u00eda el\u00e9ctrica requiere la...","og_url":"https:\/\/southamericaplanet.com\/es\/medio-ambiente\/","article_publisher":"https:\/\/www.facebook.com\/Southamericaplanet","article_modified_time":"2026-01-15T15:09:21+00:00","og_image":[{"width":634,"height":845,"url":"https:\/\/southamericaplanet.com\/wp-content\/uploads\/2022\/03\/Imagen1_001.png","type":"image\/png"}],"twitter_card":"summary_large_image","twitter_misc":{"Est. reading time":"4 minutos"},"schema":{"@context":"https:\/\/schema.org","@graph":[{"@type":"WebPage","@id":"https:\/\/southamericaplanet.com\/medio-ambiente\/","url":"https:\/\/southamericaplanet.com\/medio-ambiente\/","name":"Medio Ambiente","isPartOf":{"@id":"https:\/\/southamericaplanet.com\/#website"},"primaryImageOfPage":{"@id":"https:\/\/southamericaplanet.com\/medio-ambiente\/#primaryimage"},"image":{"@id":"https:\/\/southamericaplanet.com\/medio-ambiente\/#primaryimage"},"thumbnailUrl":"https:\/\/southamericaplanet.com\/wp-content\/uploads\/2022\/03\/Imagen1_001.png","datePublished":"2022-03-24T19:54:20+00:00","dateModified":"2026-01-15T15:09:21+00:00","breadcrumb":{"@id":"https:\/\/southamericaplanet.com\/medio-ambiente\/#breadcrumb"},"inLanguage":"es-PE","potentialAction":[{"@type":"ReadAction","target":["https:\/\/southamericaplanet.com\/medio-ambiente\/"]}]},{"@type":"ImageObject","inLanguage":"es-PE","@id":"https:\/\/southamericaplanet.com\/medio-ambiente\/#primaryimage","url":"https:\/\/southamericaplanet.com\/wp-content\/uploads\/2022\/03\/Imagen1_001.png","contentUrl":"https:\/\/southamericaplanet.com\/wp-content\/uploads\/2022\/03\/Imagen1_001.png"},{"@type":"BreadcrumbList","@id":"https:\/\/southamericaplanet.com\/medio-ambiente\/#breadcrumb","itemListElement":[{"@type":"ListItem","position":1,"name":"Home","item":"https:\/\/southamericaplanet.com\/nl\/"},{"@type":"ListItem","position":2,"name":"Environment"}]},{"@type":"WebSite","@id":"https:\/\/southamericaplanet.com\/#website","url":"https:\/\/southamericaplanet.com\/","name":"South America Planet","description":"Agente de viajes Sudam\u00e9rica, viajes a Per\u00fa, Bolivia, Argentina, Chile, Colombia, Ecuador, tambi\u00e9n trekking, operador oficial incatrail","publisher":{"@id":"https:\/\/southamericaplanet.com\/#organization"},"potentialAction":[{"@type":"SearchAction","target":{"@type":"EntryPoint","urlTemplate":"https:\/\/southamericaplanet.com\/?s={search_term_string}"},"query-input":{"@type":"PropertyValueSpecification","valueRequired":true,"valueName":"search_term_string"}}],"inLanguage":"es-PE"},{"@type":"Organization","@id":"https:\/\/southamericaplanet.com\/#organization","name":"South America Planet","url":"https:\/\/southamericaplanet.com\/","logo":{"@type":"ImageObject","inLanguage":"es-PE","@id":"https:\/\/southamericaplanet.com\/#\/schema\/logo\/image\/","url":"https:\/\/southamericaplanet.com\/wp-content\/uploads\/2016\/11\/114-logo.yj6w.jpg","contentUrl":"https:\/\/southamericaplanet.com\/wp-content\/uploads\/2016\/11\/114-logo.yj6w.jpg","width":140,"height":140,"caption":"South America Planet"},"image":{"@id":"https:\/\/southamericaplanet.com\/#\/schema\/logo\/image\/"},"sameAs":["https:\/\/www.facebook.com\/Southamericaplanet"]}]}},"_links":{"self":[{"href":"https:\/\/southamericaplanet.com\/es\/wp-json\/wp\/v2\/pages\/30161","targetHints":{"allow":["GET"]}}],"collection":[{"href":"https:\/\/southamericaplanet.com\/es\/wp-json\/wp\/v2\/pages"}],"about":[{"href":"https:\/\/southamericaplanet.com\/es\/wp-json\/wp\/v2\/types\/page"}],"author":[{"embeddable":true,"href":"https:\/\/southamericaplanet.com\/es\/wp-json\/wp\/v2\/users\/4"}],"replies":[{"embeddable":true,"href":"https:\/\/southamericaplanet.com\/es\/wp-json\/wp\/v2\/comments?post=30161"}],"version-history":[{"count":0,"href":"https:\/\/southamericaplanet.com\/es\/wp-json\/wp\/v2\/pages\/30161\/revisions"}],"wp:attachment":[{"href":"https:\/\/southamericaplanet.com\/es\/wp-json\/wp\/v2\/media?parent=30161"}],"curies":[{"name":"wp","href":"https:\/\/api.w.org\/{rel}","templated":true}]}}