{"id":30169,"date":"2022-03-24T20:05:14","date_gmt":"2022-03-24T20:05:14","guid":{"rendered":"https:\/\/southamericaplanet.com\/es\/?page_id=30169"},"modified":"2026-01-14T15:04:58","modified_gmt":"2026-01-14T15:04:58","slug":"seguridad-en-turismo-de-aventura-iso-21101","status":"publish","type":"page","link":"https:\/\/southamericaplanet.com\/es\/seguridad-en-turismo-de-aventura-iso-21101\/","title":{"rendered":"Seguridad en Turismo de Aventura &#8211; ISO 21101"},"content":{"rendered":"<p>El concepto de <strong>Turismo Aventura<\/strong> est\u00e1 orientado a viajeros que buscan disfrutar del aire libre y la naturaleza, practicar deportes con alg\u00fan porcentaje de riesgo, o les gusta vivir momentos de adrenalina. &nbsp;Estos han ido en aumento muy r\u00e1pidamente ya que hay muchas personas que buscan unas vacaciones diferentes e inusuales.<\/p>\n<p>Turismo aventura destacan senderismo, trekking, Este tipo de turismo se vuelve cada vez m\u00e1s popular y la seguridad es un tema clave a considerar, por lo cual se han creado dos normas para mantener el riesgo vigilado y disfrutar tranquilamente.<\/p>\n<p>En SOUTH AMERICA PLANET PRONTO certificar\u00e1:<\/p>\n<ul>\n<li><strong>Sistemas de gesti\u00f3n de la seguridad ISO 21101<\/strong><\/li>\n<\/ul>\n<p><strong>la ISO 21101<\/strong> establece las exigencias para el sistema de gesti\u00f3n de la seguridad para los proveedores de turismo de aventura, abog\u00e1ndolos a revisar las actividades que ofrecen, entender las necesidades de los participantes, definir los procesos de seguridad y mantenerlas bajo control.<\/p>\n<p>El patr\u00f3n puede ser usado para definir una pol\u00edtica de seguridad, objetivos y planes, y establecer procedimientos para la gesti\u00f3n de riesgos, las capacidades del personal, de los controles operacionales y de emergencia.<\/p>\n<p>Estas normas juntas logran entregar una mayor seguridad, confianza y competitividad de turismo en todo el mundo.<br \/>\n<img loading=\"lazy\" decoding=\"async\" class=\"aligncenter wp-image-31897 size-full\" style=\"box-shadow: none; padding: 0; margin-top: 2em;\" src=\"https:\/\/southamericaplanet.com\/wp-content\/uploads\/2025\/11\/ISO-21101-scaled.png\" alt=\"\" width=\"1831\" height=\"2560\" srcset=\"https:\/\/southamericaplanet.com\/wp-content\/uploads\/2025\/11\/ISO-21101-scaled.png 1831w, https:\/\/southamericaplanet.com\/wp-content\/uploads\/2025\/11\/ISO-21101-215x300.png 215w, https:\/\/southamericaplanet.com\/wp-content\/uploads\/2025\/11\/ISO-21101-732x1024.png 732w, https:\/\/southamericaplanet.com\/wp-content\/uploads\/2025\/11\/ISO-21101-768x1074.png 768w, https:\/\/southamericaplanet.com\/wp-content\/uploads\/2025\/11\/ISO-21101-1098x1536.png 1098w, https:\/\/southamericaplanet.com\/wp-content\/uploads\/2025\/11\/ISO-21101-1464x2048.png 1464w\" sizes=\"auto, (max-width: 1831px) 100vw, 1831px\" \/><br \/>\n<span style=\"font-size: 12pt;\"><strong>GRUPO SOUTH AMERICA PLANET<\/strong><\/span><\/p>\n<p><span style=\"font-size: 12pt;\"><strong>Amazing Holidays Tours<\/strong><\/span><\/p>\n<p style=\"text-align: left;\"><span style=\"font-size: 12pt;\"><strong>RUC<\/strong> : 20600751850<\/span><\/p>\n<p style=\"text-align: left;\"><span style=\"font-size: 12pt;\"><strong>America Trek SAC<\/strong><\/span><\/p>\n<p style=\"text-align: left;\"><span style=\"font-size: 12pt;\"><strong>RUC<\/strong> :20600794737<\/span><\/p>\n<p><span style=\"font-size: 12pt;\"><strong>Oficina en Cusco, Per\u00fa<\/strong><\/span><\/p>\n<ul>\n<li><span style=\"font-size: 12pt;\">CALLE SAN AGUSTIN #307\/ OFF. 116 dept. F\/ Operacion + Trekking<\/span><\/li>\n<li><span style=\"font-size: 12pt;\"><strong>Tel\u00e9fono:<\/strong> +51 84 251145&nbsp; &nbsp;<\/span><\/li>\n<li><span style=\"font-size: 12pt;\"><a href=\"https:\/\/goo.gl\/maps\/C2Qhk8Na9fDhWty26\" target=\"_blank\" rel=\"noopener\">Google Maps<\/a><\/span><\/li>\n<\/ul>\n<p><span style=\"font-size: 12pt;\"><strong>Atenci\u00f3n al Cliente<\/strong><\/span><\/p>\n<ul>\n<li><span style=\"font-size: 12pt;\"><strong>Oficina:<\/strong> De Lunes a Viernes. S\u00e1bado hasta 1pm &#8211; Domingos Cerrado.<\/span><\/li>\n<li><span style=\"font-size: 12pt;\"><strong>Horario de atenci\u00f3n:<\/strong> 8 AM a 1 PM y 4 PM a 8 PM.<\/span><\/li>\n<\/ul>\n<p><span style=\"font-size: 12pt;\"><strong>Datos de Contacto<\/strong><\/span><\/p>\n<ul>\n<li><span style=\"font-size: 12pt;\"><strong>Email:<\/strong> <a href=\"mailto:info@southamericaplanet.com\" target=\"_blank\" rel=\"noopener\">info@southamericaplanet.com<\/a><\/span><\/li>\n<li><span style=\"font-size: 12pt;\"><strong>Skype:<\/strong> southamericaplanet<\/span><\/li>\n<\/ul>\n<p><span style=\"font-size: 12pt;\"><strong>N\u00famero de Emergencia<\/strong><\/span><\/p>\n<ul>\n<li><span style=\"font-size: 12pt;\"><strong>Celular:<\/strong> (+51) 984 112 504<\/span><\/li>\n<li><span style=\"font-size: 12pt;\"><span style=\"font-size: 12pt;\"><strong>WhatsApp:<\/strong> (+51) 984 577 011<\/span><\/span><\/li>\n<\/ul>\n<p><strong style=\"font-size: 12pt;\">Empresa Certificada<\/strong><br \/>\n<img loading=\"lazy\" decoding=\"async\" class=\"alignleft wp-image-30681\" style=\"box-shadow: none; padding: 0; margin-top: 1em; margin-bottom: 1em; max-width: 200px;\" src=\"https:\/\/southamericaplanet.com\/wp-content\/uploads\/2022\/10\/NQA21101.png\" alt=\"\" width=\"108\" height=\"168\"><\/p>\n","protected":false},"excerpt":{"rendered":"<p>El concepto de Turismo Aventura est\u00e1 orientado a viajeros que buscan disfrutar del aire libre y la naturaleza, practicar deportes con alg\u00fan porcentaje de riesgo, o les gusta vivir momentos de adrenalina&#8230;.<\/p>\n","protected":false},"author":4,"featured_media":0,"parent":0,"menu_order":13,"comment_status":"closed","ping_status":"closed","template":"","meta":{"_acf_changed":false,"ngg_post_thumbnail":0,"footnotes":""},"class_list":["post-30169","page","type-page","status-publish","hentry"],"acf":[],"yoast_head":"<!-- This site is optimized with the Yoast SEO plugin v26.3 - https:\/\/yoast.com\/wordpress\/plugins\/seo\/ -->\n<title>Seguridad en Turismo de Aventura - ISO 21101<\/title>\n<meta name=\"robots\" content=\"index, follow, max-snippet:-1, max-image-preview:large, max-video-preview:-1\" \/>\n<link rel=\"canonical\" href=\"https:\/\/southamericaplanet.com\/es\/seguridad-en-turismo-de-aventura-iso-21101\/\" \/>\n<meta property=\"og:locale\" content=\"es_ES\" \/>\n<meta property=\"og:locale:alternate\" content=\"en_US\" \/>\n<meta property=\"og:locale:alternate\" content=\"nl_NL\" \/>\n<meta property=\"og:type\" content=\"article\" \/>\n<meta property=\"og:title\" content=\"Seguridad en Turismo de Aventura - ISO 21101\" \/>\n<meta property=\"og:description\" content=\"El concepto de Turismo Aventura est\u00e1 orientado a viajeros que buscan disfrutar del aire libre y la naturaleza, practicar deportes con alg\u00fan porcentaje de riesgo, o les gusta vivir momentos de adrenalina....\" \/>\n<meta property=\"og:url\" content=\"https:\/\/southamericaplanet.com\/es\/seguridad-en-turismo-de-aventura-iso-21101\/\" \/>\n<meta property=\"article:publisher\" content=\"https:\/\/www.facebook.com\/Southamericaplanet\" \/>\n<meta property=\"article:modified_time\" content=\"2026-01-14T15:04:58+00:00\" \/>\n<meta property=\"og:image\" content=\"https:\/\/southamericaplanet.com\/wp-content\/uploads\/2025\/11\/ISO-21101-scaled.png\" \/>\n\t<meta property=\"og:image:width\" content=\"1831\" \/>\n\t<meta property=\"og:image:height\" content=\"2560\" \/>\n\t<meta property=\"og:image:type\" content=\"image\/png\" \/>\n<meta name=\"twitter:card\" content=\"summary_large_image\" \/>\n<meta name=\"twitter:label1\" content=\"Est. reading time\" \/>\n\t<meta name=\"twitter:data1\" content=\"2 minutos\" \/>\n<script type=\"application\/ld+json\" class=\"yoast-schema-graph\">{\"@context\":\"https:\/\/schema.org\",\"@graph\":[{\"@type\":\"WebPage\",\"@id\":\"https:\/\/southamericaplanet.com\/nl\/seguridad-en-turismo-de-aventura-iso-21101\/\",\"url\":\"https:\/\/southamericaplanet.com\/nl\/seguridad-en-turismo-de-aventura-iso-21101\/\",\"name\":\"Seguridad en Turismo de Aventura - ISO 21101\",\"isPartOf\":{\"@id\":\"https:\/\/southamericaplanet.com\/#website\"},\"primaryImageOfPage\":{\"@id\":\"https:\/\/southamericaplanet.com\/nl\/seguridad-en-turismo-de-aventura-iso-21101\/#primaryimage\"},\"image\":{\"@id\":\"https:\/\/southamericaplanet.com\/nl\/seguridad-en-turismo-de-aventura-iso-21101\/#primaryimage\"},\"thumbnailUrl\":\"https:\/\/southamericaplanet.com\/wp-content\/uploads\/2025\/11\/ISO-21101-scaled.png\",\"datePublished\":\"2022-03-24T20:05:14+00:00\",\"dateModified\":\"2026-01-14T15:04:58+00:00\",\"breadcrumb\":{\"@id\":\"https:\/\/southamericaplanet.com\/nl\/seguridad-en-turismo-de-aventura-iso-21101\/#breadcrumb\"},\"inLanguage\":\"es-PE\",\"potentialAction\":[{\"@type\":\"ReadAction\",\"target\":[\"https:\/\/southamericaplanet.com\/nl\/seguridad-en-turismo-de-aventura-iso-21101\/\"]}]},{\"@type\":\"ImageObject\",\"inLanguage\":\"es-PE\",\"@id\":\"https:\/\/southamericaplanet.com\/nl\/seguridad-en-turismo-de-aventura-iso-21101\/#primaryimage\",\"url\":\"https:\/\/southamericaplanet.com\/wp-content\/uploads\/2025\/11\/ISO-21101-scaled.png\",\"contentUrl\":\"https:\/\/southamericaplanet.com\/wp-content\/uploads\/2025\/11\/ISO-21101-scaled.png\"},{\"@type\":\"BreadcrumbList\",\"@id\":\"https:\/\/southamericaplanet.com\/nl\/seguridad-en-turismo-de-aventura-iso-21101\/#breadcrumb\",\"itemListElement\":[{\"@type\":\"ListItem\",\"position\":1,\"name\":\"Home\",\"item\":\"https:\/\/southamericaplanet.com\/nl\/\"},{\"@type\":\"ListItem\",\"position\":2,\"name\":\"Veiligheid in avontuurlijk toerisme &#8211; ISO 21101\"}]},{\"@type\":\"WebSite\",\"@id\":\"https:\/\/southamericaplanet.com\/#website\",\"url\":\"https:\/\/southamericaplanet.com\/\",\"name\":\"South America Planet\",\"description\":\"Agente de viajes Sudam\u00e9rica, viajes a Per\u00fa, Bolivia, Argentina, Chile, Colombia, Ecuador, tambi\u00e9n trekking, operador oficial incatrail\",\"publisher\":{\"@id\":\"https:\/\/southamericaplanet.com\/#organization\"},\"potentialAction\":[{\"@type\":\"SearchAction\",\"target\":{\"@type\":\"EntryPoint\",\"urlTemplate\":\"https:\/\/southamericaplanet.com\/?s={search_term_string}\"},\"query-input\":{\"@type\":\"PropertyValueSpecification\",\"valueRequired\":true,\"valueName\":\"search_term_string\"}}],\"inLanguage\":\"es-PE\"},{\"@type\":\"Organization\",\"@id\":\"https:\/\/southamericaplanet.com\/#organization\",\"name\":\"South America Planet\",\"url\":\"https:\/\/southamericaplanet.com\/\",\"logo\":{\"@type\":\"ImageObject\",\"inLanguage\":\"es-PE\",\"@id\":\"https:\/\/southamericaplanet.com\/#\/schema\/logo\/image\/\",\"url\":\"https:\/\/southamericaplanet.com\/wp-content\/uploads\/2016\/11\/114-logo.yj6w.jpg\",\"contentUrl\":\"https:\/\/southamericaplanet.com\/wp-content\/uploads\/2016\/11\/114-logo.yj6w.jpg\",\"width\":140,\"height\":140,\"caption\":\"South America Planet\"},\"image\":{\"@id\":\"https:\/\/southamericaplanet.com\/#\/schema\/logo\/image\/\"},\"sameAs\":[\"https:\/\/www.facebook.com\/Southamericaplanet\"]}]}<\/script>\n<!-- \/ Yoast SEO plugin. -->","yoast_head_json":{"title":"Seguridad en Turismo de Aventura - ISO 21101","robots":{"index":"index","follow":"follow","max-snippet":"max-snippet:-1","max-image-preview":"max-image-preview:large","max-video-preview":"max-video-preview:-1"},"canonical":"https:\/\/southamericaplanet.com\/es\/seguridad-en-turismo-de-aventura-iso-21101\/","og_locale":"es_ES","og_type":"article","og_title":"[:en]Safety in Adventure Tourism - ISO 21101[:es]Seguridad en Turismo de Aventura - ISO 21101[:nl]Veiligheid in avontuurlijk toerisme - ISO 21101[:] -","og_description":"El concepto de Turismo Aventura est\u00e1 orientado a viajeros que buscan disfrutar del aire libre y la naturaleza, practicar deportes con alg\u00fan porcentaje de riesgo, o les gusta vivir momentos de adrenalina....","og_url":"https:\/\/southamericaplanet.com\/es\/seguridad-en-turismo-de-aventura-iso-21101\/","article_publisher":"https:\/\/www.facebook.com\/Southamericaplanet","article_modified_time":"2026-01-14T15:04:58+00:00","og_image":[{"width":1831,"height":2560,"url":"https:\/\/southamericaplanet.com\/wp-content\/uploads\/2025\/11\/ISO-21101-scaled.png","type":"image\/png"}],"twitter_card":"summary_large_image","twitter_misc":{"Est. reading time":"2 minutos"},"schema":{"@context":"https:\/\/schema.org","@graph":[{"@type":"WebPage","@id":"https:\/\/southamericaplanet.com\/nl\/seguridad-en-turismo-de-aventura-iso-21101\/","url":"https:\/\/southamericaplanet.com\/nl\/seguridad-en-turismo-de-aventura-iso-21101\/","name":"Seguridad en Turismo de Aventura - ISO 21101","isPartOf":{"@id":"https:\/\/southamericaplanet.com\/#website"},"primaryImageOfPage":{"@id":"https:\/\/southamericaplanet.com\/nl\/seguridad-en-turismo-de-aventura-iso-21101\/#primaryimage"},"image":{"@id":"https:\/\/southamericaplanet.com\/nl\/seguridad-en-turismo-de-aventura-iso-21101\/#primaryimage"},"thumbnailUrl":"https:\/\/southamericaplanet.com\/wp-content\/uploads\/2025\/11\/ISO-21101-scaled.png","datePublished":"2022-03-24T20:05:14+00:00","dateModified":"2026-01-14T15:04:58+00:00","breadcrumb":{"@id":"https:\/\/southamericaplanet.com\/nl\/seguridad-en-turismo-de-aventura-iso-21101\/#breadcrumb"},"inLanguage":"es-PE","potentialAction":[{"@type":"ReadAction","target":["https:\/\/southamericaplanet.com\/nl\/seguridad-en-turismo-de-aventura-iso-21101\/"]}]},{"@type":"ImageObject","inLanguage":"es-PE","@id":"https:\/\/southamericaplanet.com\/nl\/seguridad-en-turismo-de-aventura-iso-21101\/#primaryimage","url":"https:\/\/southamericaplanet.com\/wp-content\/uploads\/2025\/11\/ISO-21101-scaled.png","contentUrl":"https:\/\/southamericaplanet.com\/wp-content\/uploads\/2025\/11\/ISO-21101-scaled.png"},{"@type":"BreadcrumbList","@id":"https:\/\/southamericaplanet.com\/nl\/seguridad-en-turismo-de-aventura-iso-21101\/#breadcrumb","itemListElement":[{"@type":"ListItem","position":1,"name":"Home","item":"https:\/\/southamericaplanet.com\/nl\/"},{"@type":"ListItem","position":2,"name":"Veiligheid in avontuurlijk toerisme &#8211; ISO 21101"}]},{"@type":"WebSite","@id":"https:\/\/southamericaplanet.com\/#website","url":"https:\/\/southamericaplanet.com\/","name":"South America Planet","description":"Agente de viajes Sudam\u00e9rica, viajes a Per\u00fa, Bolivia, Argentina, Chile, Colombia, Ecuador, tambi\u00e9n trekking, operador oficial incatrail","publisher":{"@id":"https:\/\/southamericaplanet.com\/#organization"},"potentialAction":[{"@type":"SearchAction","target":{"@type":"EntryPoint","urlTemplate":"https:\/\/southamericaplanet.com\/?s={search_term_string}"},"query-input":{"@type":"PropertyValueSpecification","valueRequired":true,"valueName":"search_term_string"}}],"inLanguage":"es-PE"},{"@type":"Organization","@id":"https:\/\/southamericaplanet.com\/#organization","name":"South America Planet","url":"https:\/\/southamericaplanet.com\/","logo":{"@type":"ImageObject","inLanguage":"es-PE","@id":"https:\/\/southamericaplanet.com\/#\/schema\/logo\/image\/","url":"https:\/\/southamericaplanet.com\/wp-content\/uploads\/2016\/11\/114-logo.yj6w.jpg","contentUrl":"https:\/\/southamericaplanet.com\/wp-content\/uploads\/2016\/11\/114-logo.yj6w.jpg","width":140,"height":140,"caption":"South America Planet"},"image":{"@id":"https:\/\/southamericaplanet.com\/#\/schema\/logo\/image\/"},"sameAs":["https:\/\/www.facebook.com\/Southamericaplanet"]}]}},"_links":{"self":[{"href":"https:\/\/southamericaplanet.com\/es\/wp-json\/wp\/v2\/pages\/30169","targetHints":{"allow":["GET"]}}],"collection":[{"href":"https:\/\/southamericaplanet.com\/es\/wp-json\/wp\/v2\/pages"}],"about":[{"href":"https:\/\/southamericaplanet.com\/es\/wp-json\/wp\/v2\/types\/page"}],"author":[{"embeddable":true,"href":"https:\/\/southamericaplanet.com\/es\/wp-json\/wp\/v2\/users\/4"}],"replies":[{"embeddable":true,"href":"https:\/\/southamericaplanet.com\/es\/wp-json\/wp\/v2\/comments?post=30169"}],"version-history":[{"count":0,"href":"https:\/\/southamericaplanet.com\/es\/wp-json\/wp\/v2\/pages\/30169\/revisions"}],"wp:attachment":[{"href":"https:\/\/southamericaplanet.com\/es\/wp-json\/wp\/v2\/media?parent=30169"}],"curies":[{"name":"wp","href":"https:\/\/api.w.org\/{rel}","templated":true}]}}