{"id":30172,"date":"2022-03-24T20:10:48","date_gmt":"2022-03-24T20:10:48","guid":{"rendered":"https:\/\/southamericaplanet.com\/es\/?page_id=30172"},"modified":"2026-01-14T15:06:03","modified_gmt":"2026-01-14T15:06:03","slug":"turismo-responsable","status":"publish","type":"page","link":"https:\/\/southamericaplanet.com\/es\/turismo-responsable\/","title":{"rendered":"Turismo Responsable"},"content":{"rendered":"<p>El <strong>Turismo Comunitario<\/strong> son experiencias de viaje aut\u00e9nticas y de calidad que ofrecen las diferentes comunidades de la costa, sierra y selva del Per\u00fa, basados en la cultura viva y la naturaleza \u00fanica de sus territorios, los cuales protegen, conservan y la comparten al visitante, siendo la parte esencial de sus productos.<\/p>\n<p>Somos empresa que promueve una nueva forma de viajar y conocer el Per\u00fa a trav\u00e9s de encuentros que conecten tanto a viajeros como anfitriones, experimentando una vivencia satisfactoria y memorable, que aporte sentido y valor a su viaje, enriqueciendo la perspectiva personal y colectiva de ambos<\/p>\n<p>Contribuir al desarrollo de un turismo sostenible desde las comunidades con vocaci\u00f3n tur\u00edstica mediante experiencias de viaje, que generen dinamismo socioecon\u00f3mico y una mejora de la calidad de vida de las comunidades involucradas.<\/p>\n<p><iframe loading=\"lazy\" style=\"border: none; overflow: hidden;\" src=\"https:\/\/www.facebook.com\/plugins\/post.php?href=https%3A%2F%2Fwww.facebook.com%2FSouthamericaplanet%2Fposts%2F7455858854431714&#038;show_text=true&#038;width=500\" width=\"500\" height=\"1000\" frameborder=\"0\" scrolling=\"no\" allowfullscreen=\"allowfullscreen\"><\/iframe><\/p>\n<p><img loading=\"lazy\" decoding=\"async\" class=\"aligncenter size-full wp-image-30104\" style=\"box-shadow: none; padding: 0; margin-top: 2em;\" src=\"https:\/\/southamericaplanet.com\/wp-content\/uploads\/2022\/03\/001-2.png\" alt=\"\" width=\"1080\" height=\"1080\" srcset=\"https:\/\/southamericaplanet.com\/wp-content\/uploads\/2022\/03\/001-2.png 1080w, https:\/\/southamericaplanet.com\/wp-content\/uploads\/2022\/03\/001-2-300x300.png 300w, https:\/\/southamericaplanet.com\/wp-content\/uploads\/2022\/03\/001-2-1024x1024.png 1024w, https:\/\/southamericaplanet.com\/wp-content\/uploads\/2022\/03\/001-2-768x768.png 768w\" sizes=\"auto, (max-width: 1080px) 100vw, 1080px\" \/><br \/>\n<span style=\"font-size: 12pt;\"><strong>GRUPO SOUTH AMERICA PLANET<\/strong><\/span><\/p>\n<p><span style=\"font-size: 12pt;\"><strong>Amazing Holidays Tours<\/strong><\/span><\/p>\n<p style=\"text-align: left;\"><span style=\"font-size: 12pt;\"><strong>RUC<\/strong> : 20600751850<\/span><\/p>\n<p style=\"text-align: left;\"><span style=\"font-size: 12pt;\"><strong>America Trek SAC<\/strong><\/span><\/p>\n<p style=\"text-align: left;\"><span style=\"font-size: 12pt;\"><strong>RUC<\/strong> :20600794737<\/span><\/p>\n<p><span style=\"font-size: 12pt;\"><strong>Oficina en Cusco, Per\u00fa<\/strong><\/span><\/p>\n<ul>\n<li><span style=\"font-size: 12pt;\">CALLE SAN AGUSTIN #307\/ OFF. 116 dept. F\/ Operacion + Trekking<\/span><\/li>\n<li><span style=\"font-size: 12pt;\"><strong>Tel\u00e9fono:<\/strong> +51 84 251145&nbsp; &nbsp;<\/span><\/li>\n<li><span style=\"font-size: 12pt;\"><a href=\"https:\/\/goo.gl\/maps\/C2Qhk8Na9fDhWty26\" target=\"_blank\" rel=\"noopener\">Google Maps<\/a><\/span><\/li>\n<\/ul>\n<p><span style=\"font-size: 12pt;\"><strong>Atenci\u00f3n al Cliente<\/strong><\/span><\/p>\n<ul>\n<li><span style=\"font-size: 12pt;\"><strong>Oficina:<\/strong> De Lunes a Viernes. S\u00e1bado hasta 1pm &#8211; Domingos Cerrado.<\/span><\/li>\n<li><span style=\"font-size: 12pt;\"><strong>Horario de atenci\u00f3n:<\/strong> 8 AM a 1 PM y 4 PM a 8 PM.<\/span><\/li>\n<\/ul>\n<p><span style=\"font-size: 12pt;\"><strong>Datos de Contacto<\/strong><\/span><\/p>\n<ul>\n<li><span style=\"font-size: 12pt;\"><strong>Email:<\/strong> <a href=\"mailto:info@southamericaplanet.com\" target=\"_blank\" rel=\"noopener\">info@southamericaplanet.com<\/a><\/span><\/li>\n<li><span style=\"font-size: 12pt;\"><strong>Skype:<\/strong> southamericaplanet<\/span><\/li>\n<\/ul>\n<p><span style=\"font-size: 12pt;\"><strong>N\u00famero de Emergencia<\/strong><\/span><\/p>\n<ul>\n<li><span style=\"font-size: 12pt;\"><strong>Celular:<\/strong> (+51) 984 112 504<\/span><\/li>\n<li><span style=\"font-size: 12pt;\"><span style=\"font-size: 12pt;\"><strong>WhatsApp:<\/strong> (+51) 984 577 011<\/span><\/span><\/li>\n<\/ul>\n<p><strong style=\"font-size: 12pt;\">Empresa Certificada<\/strong><br \/>\n<img loading=\"lazy\" decoding=\"async\" class=\"alignleft wp-image-30681\" style=\"box-shadow: none; padding: 0; margin-top: 1em; margin-bottom: 1em; max-width: 200px;\" src=\"https:\/\/southamericaplanet.com\/wp-content\/uploads\/2022\/10\/NQA21101.png\" alt=\"\" width=\"108\" height=\"168\"><\/p>\n","protected":false},"excerpt":{"rendered":"<p>El Turismo Comunitario son experiencias de viaje aut\u00e9nticas y de calidad que ofrecen las diferentes comunidades de la costa, sierra y selva del Per\u00fa, basados en la cultura viva y la naturaleza&#8230;<\/p>\n","protected":false},"author":4,"featured_media":0,"parent":0,"menu_order":12,"comment_status":"closed","ping_status":"closed","template":"","meta":{"_acf_changed":false,"ngg_post_thumbnail":0,"footnotes":""},"class_list":["post-30172","page","type-page","status-publish","hentry"],"acf":[],"yoast_head":"<!-- This site is optimized with the Yoast SEO plugin v26.3 - https:\/\/yoast.com\/wordpress\/plugins\/seo\/ -->\n<title>Turismo Responsable<\/title>\n<meta name=\"robots\" content=\"index, follow, max-snippet:-1, max-image-preview:large, max-video-preview:-1\" \/>\n<link rel=\"canonical\" href=\"https:\/\/southamericaplanet.com\/es\/turismo-responsable\/\" \/>\n<meta property=\"og:locale\" content=\"es_ES\" \/>\n<meta property=\"og:locale:alternate\" content=\"en_US\" \/>\n<meta property=\"og:locale:alternate\" content=\"nl_NL\" \/>\n<meta property=\"og:type\" content=\"article\" \/>\n<meta property=\"og:title\" content=\"Turismo Responsable\" \/>\n<meta property=\"og:description\" content=\"El Turismo Comunitario son experiencias de viaje aut\u00e9nticas y de calidad que ofrecen las diferentes comunidades de la costa, sierra y selva del Per\u00fa, basados en la cultura viva y la naturaleza...\" \/>\n<meta property=\"og:url\" content=\"https:\/\/southamericaplanet.com\/es\/turismo-responsable\/\" \/>\n<meta property=\"article:publisher\" content=\"https:\/\/www.facebook.com\/Southamericaplanet\" \/>\n<meta property=\"article:modified_time\" content=\"2026-01-14T15:06:03+00:00\" \/>\n<meta property=\"og:image\" content=\"https:\/\/southamericaplanet.com\/wp-content\/uploads\/2022\/03\/001-2.png\" \/>\n\t<meta property=\"og:image:width\" content=\"1080\" \/>\n\t<meta property=\"og:image:height\" content=\"1080\" \/>\n\t<meta property=\"og:image:type\" content=\"image\/png\" \/>\n<meta name=\"twitter:card\" content=\"summary_large_image\" \/>\n<meta name=\"twitter:label1\" content=\"Est. reading time\" \/>\n\t<meta name=\"twitter:data1\" content=\"2 minutos\" \/>\n<script type=\"application\/ld+json\" class=\"yoast-schema-graph\">{\"@context\":\"https:\/\/schema.org\",\"@graph\":[{\"@type\":\"WebPage\",\"@id\":\"https:\/\/southamericaplanet.com\/nl\/turismo-responsable\/\",\"url\":\"https:\/\/southamericaplanet.com\/nl\/turismo-responsable\/\",\"name\":\"Turismo Responsable\",\"isPartOf\":{\"@id\":\"https:\/\/southamericaplanet.com\/#website\"},\"primaryImageOfPage\":{\"@id\":\"https:\/\/southamericaplanet.com\/nl\/turismo-responsable\/#primaryimage\"},\"image\":{\"@id\":\"https:\/\/southamericaplanet.com\/nl\/turismo-responsable\/#primaryimage\"},\"thumbnailUrl\":\"https:\/\/southamericaplanet.com\/wp-content\/uploads\/2022\/03\/001-2.png\",\"datePublished\":\"2022-03-24T20:10:48+00:00\",\"dateModified\":\"2026-01-14T15:06:03+00:00\",\"breadcrumb\":{\"@id\":\"https:\/\/southamericaplanet.com\/nl\/turismo-responsable\/#breadcrumb\"},\"inLanguage\":\"es-PE\",\"potentialAction\":[{\"@type\":\"ReadAction\",\"target\":[\"https:\/\/southamericaplanet.com\/nl\/turismo-responsable\/\"]}]},{\"@type\":\"ImageObject\",\"inLanguage\":\"es-PE\",\"@id\":\"https:\/\/southamericaplanet.com\/nl\/turismo-responsable\/#primaryimage\",\"url\":\"https:\/\/southamericaplanet.com\/wp-content\/uploads\/2022\/03\/001-2.png\",\"contentUrl\":\"https:\/\/southamericaplanet.com\/wp-content\/uploads\/2022\/03\/001-2.png\"},{\"@type\":\"BreadcrumbList\",\"@id\":\"https:\/\/southamericaplanet.com\/nl\/turismo-responsable\/#breadcrumb\",\"itemListElement\":[{\"@type\":\"ListItem\",\"position\":1,\"name\":\"Home\",\"item\":\"https:\/\/southamericaplanet.com\/nl\/\"},{\"@type\":\"ListItem\",\"position\":2,\"name\":\"Verantwoord toerisme\"}]},{\"@type\":\"WebSite\",\"@id\":\"https:\/\/southamericaplanet.com\/#website\",\"url\":\"https:\/\/southamericaplanet.com\/\",\"name\":\"South America Planet\",\"description\":\"Agente de viajes Sudam\u00e9rica, viajes a Per\u00fa, Bolivia, Argentina, Chile, Colombia, Ecuador, tambi\u00e9n trekking, operador oficial incatrail\",\"publisher\":{\"@id\":\"https:\/\/southamericaplanet.com\/#organization\"},\"potentialAction\":[{\"@type\":\"SearchAction\",\"target\":{\"@type\":\"EntryPoint\",\"urlTemplate\":\"https:\/\/southamericaplanet.com\/?s={search_term_string}\"},\"query-input\":{\"@type\":\"PropertyValueSpecification\",\"valueRequired\":true,\"valueName\":\"search_term_string\"}}],\"inLanguage\":\"es-PE\"},{\"@type\":\"Organization\",\"@id\":\"https:\/\/southamericaplanet.com\/#organization\",\"name\":\"South America Planet\",\"url\":\"https:\/\/southamericaplanet.com\/\",\"logo\":{\"@type\":\"ImageObject\",\"inLanguage\":\"es-PE\",\"@id\":\"https:\/\/southamericaplanet.com\/#\/schema\/logo\/image\/\",\"url\":\"https:\/\/southamericaplanet.com\/wp-content\/uploads\/2016\/11\/114-logo.yj6w.jpg\",\"contentUrl\":\"https:\/\/southamericaplanet.com\/wp-content\/uploads\/2016\/11\/114-logo.yj6w.jpg\",\"width\":140,\"height\":140,\"caption\":\"South America Planet\"},\"image\":{\"@id\":\"https:\/\/southamericaplanet.com\/#\/schema\/logo\/image\/\"},\"sameAs\":[\"https:\/\/www.facebook.com\/Southamericaplanet\"]}]}<\/script>\n<!-- \/ Yoast SEO plugin. -->","yoast_head_json":{"title":"Turismo Responsable","robots":{"index":"index","follow":"follow","max-snippet":"max-snippet:-1","max-image-preview":"max-image-preview:large","max-video-preview":"max-video-preview:-1"},"canonical":"https:\/\/southamericaplanet.com\/es\/turismo-responsable\/","og_locale":"es_ES","og_type":"article","og_title":"[:en]Responsible Tourism[:es]Turismo Responsable[:nl]Verantwoord toerisme[:] -","og_description":"El Turismo Comunitario son experiencias de viaje aut\u00e9nticas y de calidad que ofrecen las diferentes comunidades de la costa, sierra y selva del Per\u00fa, basados en la cultura viva y la naturaleza...","og_url":"https:\/\/southamericaplanet.com\/es\/turismo-responsable\/","article_publisher":"https:\/\/www.facebook.com\/Southamericaplanet","article_modified_time":"2026-01-14T15:06:03+00:00","og_image":[{"width":1080,"height":1080,"url":"https:\/\/southamericaplanet.com\/wp-content\/uploads\/2022\/03\/001-2.png","type":"image\/png"}],"twitter_card":"summary_large_image","twitter_misc":{"Est. reading time":"2 minutos"},"schema":{"@context":"https:\/\/schema.org","@graph":[{"@type":"WebPage","@id":"https:\/\/southamericaplanet.com\/nl\/turismo-responsable\/","url":"https:\/\/southamericaplanet.com\/nl\/turismo-responsable\/","name":"Turismo Responsable","isPartOf":{"@id":"https:\/\/southamericaplanet.com\/#website"},"primaryImageOfPage":{"@id":"https:\/\/southamericaplanet.com\/nl\/turismo-responsable\/#primaryimage"},"image":{"@id":"https:\/\/southamericaplanet.com\/nl\/turismo-responsable\/#primaryimage"},"thumbnailUrl":"https:\/\/southamericaplanet.com\/wp-content\/uploads\/2022\/03\/001-2.png","datePublished":"2022-03-24T20:10:48+00:00","dateModified":"2026-01-14T15:06:03+00:00","breadcrumb":{"@id":"https:\/\/southamericaplanet.com\/nl\/turismo-responsable\/#breadcrumb"},"inLanguage":"es-PE","potentialAction":[{"@type":"ReadAction","target":["https:\/\/southamericaplanet.com\/nl\/turismo-responsable\/"]}]},{"@type":"ImageObject","inLanguage":"es-PE","@id":"https:\/\/southamericaplanet.com\/nl\/turismo-responsable\/#primaryimage","url":"https:\/\/southamericaplanet.com\/wp-content\/uploads\/2022\/03\/001-2.png","contentUrl":"https:\/\/southamericaplanet.com\/wp-content\/uploads\/2022\/03\/001-2.png"},{"@type":"BreadcrumbList","@id":"https:\/\/southamericaplanet.com\/nl\/turismo-responsable\/#breadcrumb","itemListElement":[{"@type":"ListItem","position":1,"name":"Home","item":"https:\/\/southamericaplanet.com\/nl\/"},{"@type":"ListItem","position":2,"name":"Verantwoord toerisme"}]},{"@type":"WebSite","@id":"https:\/\/southamericaplanet.com\/#website","url":"https:\/\/southamericaplanet.com\/","name":"South America Planet","description":"Agente de viajes Sudam\u00e9rica, viajes a Per\u00fa, Bolivia, Argentina, Chile, Colombia, Ecuador, tambi\u00e9n trekking, operador oficial incatrail","publisher":{"@id":"https:\/\/southamericaplanet.com\/#organization"},"potentialAction":[{"@type":"SearchAction","target":{"@type":"EntryPoint","urlTemplate":"https:\/\/southamericaplanet.com\/?s={search_term_string}"},"query-input":{"@type":"PropertyValueSpecification","valueRequired":true,"valueName":"search_term_string"}}],"inLanguage":"es-PE"},{"@type":"Organization","@id":"https:\/\/southamericaplanet.com\/#organization","name":"South America Planet","url":"https:\/\/southamericaplanet.com\/","logo":{"@type":"ImageObject","inLanguage":"es-PE","@id":"https:\/\/southamericaplanet.com\/#\/schema\/logo\/image\/","url":"https:\/\/southamericaplanet.com\/wp-content\/uploads\/2016\/11\/114-logo.yj6w.jpg","contentUrl":"https:\/\/southamericaplanet.com\/wp-content\/uploads\/2016\/11\/114-logo.yj6w.jpg","width":140,"height":140,"caption":"South America Planet"},"image":{"@id":"https:\/\/southamericaplanet.com\/#\/schema\/logo\/image\/"},"sameAs":["https:\/\/www.facebook.com\/Southamericaplanet"]}]}},"_links":{"self":[{"href":"https:\/\/southamericaplanet.com\/es\/wp-json\/wp\/v2\/pages\/30172","targetHints":{"allow":["GET"]}}],"collection":[{"href":"https:\/\/southamericaplanet.com\/es\/wp-json\/wp\/v2\/pages"}],"about":[{"href":"https:\/\/southamericaplanet.com\/es\/wp-json\/wp\/v2\/types\/page"}],"author":[{"embeddable":true,"href":"https:\/\/southamericaplanet.com\/es\/wp-json\/wp\/v2\/users\/4"}],"replies":[{"embeddable":true,"href":"https:\/\/southamericaplanet.com\/es\/wp-json\/wp\/v2\/comments?post=30172"}],"version-history":[{"count":0,"href":"https:\/\/southamericaplanet.com\/es\/wp-json\/wp\/v2\/pages\/30172\/revisions"}],"wp:attachment":[{"href":"https:\/\/southamericaplanet.com\/es\/wp-json\/wp\/v2\/media?parent=30172"}],"curies":[{"name":"wp","href":"https:\/\/api.w.org\/{rel}","templated":true}]}}