{"id":30263,"date":"2022-04-04T20:16:50","date_gmt":"2022-04-04T20:16:50","guid":{"rendered":"https:\/\/southamericaplanet.com\/es\/?page_id=30263"},"modified":"2026-01-14T15:15:46","modified_gmt":"2026-01-14T15:15:46","slug":"metodo-de-pago","status":"publish","type":"page","link":"https:\/\/southamericaplanet.com\/es\/metodo-de-pago\/","title":{"rendered":"M\u00e9todo de Pago"},"content":{"rendered":"<p>Para confirmar la reserva necesitamos:<\/p>\n<p><strong><strong>1. Foto de pasaporte<\/strong><\/strong><\/p>\n<p>Una foto del pasaporte de todos los integrantes de tu grupo (escaneada o jpg) con: nombres, apellidos, n\u00fameros de pasaporte, fechas de nacimiento y nacionalidades (todo esto a trav\u00e9s del correo INFO@SOUTHAMERICAPLANET.COM<\/p>\n<p><strong>2. 40% del pago<\/strong><\/p>\n<p>Tambi\u00e9n necesitamos el anticipo del pago a trav\u00e9s de uno de los medios que se mencionan a continuaci\u00f3n. El anticipo es del 40% para Camino Inca Cl\u00e1sico y Camino Inca Corto, y otros destinos.&nbsp; Deposito No sera reembolsable, Quedara a veustra desposicion por un Otro viaje, descontado los gastos generado por la Cancelacion&nbsp;<\/p>\n<p><strong>3. Fecha del tour<\/strong><\/p>\n<p>Confirmar las fechas de tour (Camino Inka no permite cambio fecha).<\/p>\n<p><strong>4. Viajero Responsable<\/strong><\/p>\n<p>El viajero es responsable y est\u00e1 obligado a tener un buen seguro de viaje que responda a eventuales accidentes y cancellaciones.<\/p>\n<p><strong>5. Documentaci\u00f3n Vigente<\/strong><\/p>\n<p>Es responsabilidad del pasajero: Tener un pasaporte con fecha vigente (La fecha de caducidad debe ser m\u00ednimo 6 meses despu\u00e9s de visitar Per\u00fa o Bolivia). Y averiguar los requisitos de ingreso a Peru ( documentacion y reglamentacion covid)<\/p>\n<p style=\"text-align: left;\"><span style=\"text-decoration: underline;\">Metodo de pago<\/span><\/p>\n<p style=\"text-align: left;\"><strong>OPCION A<\/strong><\/p>\n<form class=\"mb-3 text-center\" action=\"https:\/\/www.paypal.com\/cgi-bin\/webscr\" method=\"post\" target=\"_top\">\n<p style=\"text-align: left;\"><input alt=\"PayPal - The safer, easier way to pay online!\" name=\"submit\" src=\"https:\/\/southamericaplanet.com\/wp-content\/uploads\/2021\/01\/paypalbutton.jpg\" type=\"image\"><\/p>\n<p style=\"text-align: left;\">Luego \u00fanicamenterealice el pago solicitado. Una vez que recibamos la notificaci\u00f3n de pago, le enviaremos un correo electr\u00f3nico confirmando el monto que recibimos despu\u00e9s de la transacci\u00f3n.<\/p>\n<\/form>\n<p style=\"text-align: left;\"><strong>IMPORTANTE: LOS BANCOS COBRAN COMMISIONES POR LA TRANSACIONES<\/strong><\/p>\n<p><strong>Consulta las tarifas<\/strong><\/p>\n<p>Tenga en cuenta que todos los medios de pago tienen sus propias tarifas (estas no est\u00e1n incluidas en las cotizaciones); por lo que estos ser\u00e1n asumidos por los propios clientes. Por favor, revisa los detalles del medio de pago que vas a utilizar.<\/p>\n<p><strong>OPCION B<\/strong><\/p>\n<p>PAGA a trav\u00e9s de una TRANSFERENCIA BANCARIA internacional Esta opci\u00f3n es la mejor para grupos que desean enviar sus dep\u00f3sitos por completo. Los bancos generalmente cobran una tarifa de transferencia fija \u00fanica y se puede hacer en el banco de su preferencia.<\/p>\n<p>Para realizar los DEPOSITOS, pregunte por los N\u00daMEROS DE CUENTA INTERBANCARIA a trav\u00e9s del correo <a href=\"mailto:info@southamericaplanet.com\">info@southamericaplanet.com<\/a><\/p>\n<hr>\n<p><strong>IMPORTANTE: SALDO DEL TOUR CUANDO ES NECESARIOS<\/strong><\/p>\n<p>El saldo ( por ejemplo gastos de transferencia bancaria ) restante se paga en EFECTIVO una vez a su llegada a Cusco y previo a los tours. Este saldo se paga en d\u00f3lares americanos y con billetes en muy buenas condiciones (sin roturas ni manchas en los mismos; tampoco aceptamos billetes de 100 d\u00f3lares americanos de la serie CBB2).<\/p>\n<p><strong>QUALITY GUARANTEED BY<\/strong><br \/>\n<strong>PAY PAL Y SCOTIA BANK PERU<\/strong><\/p>\n<p><img loading=\"lazy\" decoding=\"async\" class=\"aligncenter size-full wp-image-30104\" style=\"box-shadow: none; padding: 0; margin-top: 2em;\" src=\"https:\/\/southamericaplanet.com\/wp-content\/uploads\/2022\/03\/001-2.png\" alt=\"\" width=\"1080\" height=\"1080\" srcset=\"https:\/\/southamericaplanet.com\/wp-content\/uploads\/2022\/03\/001-2.png 1080w, https:\/\/southamericaplanet.com\/wp-content\/uploads\/2022\/03\/001-2-300x300.png 300w, https:\/\/southamericaplanet.com\/wp-content\/uploads\/2022\/03\/001-2-1024x1024.png 1024w, https:\/\/southamericaplanet.com\/wp-content\/uploads\/2022\/03\/001-2-768x768.png 768w\" sizes=\"auto, (max-width: 1080px) 100vw, 1080px\" \/><br \/>\n<span style=\"font-size: 12pt;\"><strong>GRUPO SOUTH AMERICA PLANET<\/strong><\/span><\/p>\n<p><span style=\"font-size: 12pt;\"><strong>1\/Amazing Holidays Tours<\/strong><\/span><\/p>\n<p style=\"text-align: left;\"><span style=\"font-size: 12pt;\"><strong>RUC<\/strong> : 20600751850<\/span><\/p>\n<p style=\"text-align: left;\"><span style=\"font-size: 12pt;\"><strong>2\/America Trek SAC<\/strong><\/span><\/p>\n<p style=\"text-align: left;\"><span style=\"font-size: 12pt;\"><strong>RUC<\/strong> :20600794737<\/span><\/p>\n<p><span style=\"font-size: 12pt;\"><strong>Oficina en Cusco, Per\u00fa<\/strong><\/span><\/p>\n<ul>\n<li><span style=\"font-size: 12pt;\">CALLE SAN AGUSTIN #307\/ OFF. 116 dept. F\/ Operacion + Trekking<\/span><\/li>\n<li><span style=\"font-size: 12pt;\"><strong>Tel\u00e9fono:<\/strong> +51 84 251145&nbsp; &nbsp;<\/span><\/li>\n<li><span style=\"font-size: 12pt;\"><a href=\"https:\/\/goo.gl\/maps\/C2Qhk8Na9fDhWty26\" target=\"_blank\" rel=\"noopener\">Google Maps<\/a><\/span><\/li>\n<\/ul>\n<p><span style=\"font-size: 12pt;\"><strong>Atenci\u00f3n al Cliente<\/strong><\/span><\/p>\n<ul>\n<li><span style=\"font-size: 12pt;\"><strong>Oficina:<\/strong> De Lunes a Viernes. S\u00e1bado hasta 1pm &#8211; Domingos Cerrado.<\/span><\/li>\n<li><span style=\"font-size: 12pt;\"><strong>Horario de atenci\u00f3n:<\/strong> 8 AM a 1 PM y 4 PM a 8 PM.<\/span><\/li>\n<\/ul>\n<p><span style=\"font-size: 12pt;\"><strong>Datos de Contacto<\/strong><\/span><\/p>\n<ul>\n<li><span style=\"font-size: 12pt;\"><strong>Email:<\/strong> <a href=\"mailto:info@southamericaplanet.com\" target=\"_blank\" rel=\"noopener\">info@southamericaplanet.com<\/a><\/span><\/li>\n<li><span style=\"font-size: 12pt;\"><strong>Skype:<\/strong> southamericaplanet<\/span><\/li>\n<\/ul>\n<p><span style=\"font-size: 12pt;\"><strong>N\u00famero de Emergencia<\/strong><\/span><\/p>\n<ul>\n<li><span style=\"font-size: 12pt;\"><strong>Celular:<\/strong> (+51) 984 112 504<\/span><\/li>\n<li><span style=\"font-size: 12pt;\"><span style=\"font-size: 12pt;\"><strong>WhatsApp:<\/strong> (+51) 984 577 011<\/span><\/span><\/li>\n<\/ul>\n<p><strong style=\"font-size: 12pt;\">Empresa Certificada<\/strong><br \/>\n<img loading=\"lazy\" decoding=\"async\" class=\"alignleft wp-image-30681\" style=\"box-shadow: none; padding: 0; margin-top: 1em; margin-bottom: 1em; max-width: 200px;\" src=\"https:\/\/southamericaplanet.com\/wp-content\/uploads\/2022\/10\/NQA21101.png\" alt=\"\" width=\"108\" height=\"168\"><\/p>\n","protected":false},"excerpt":{"rendered":"<p>Para confirmar la reserva necesitamos: 1. Foto de pasaporte Una foto del pasaporte de todos los integrantes de tu grupo (escaneada o jpg) con: nombres, apellidos, n\u00fameros de pasaporte, fechas de nacimiento&#8230;<\/p>\n","protected":false},"author":4,"featured_media":0,"parent":0,"menu_order":7,"comment_status":"closed","ping_status":"closed","template":"","meta":{"_acf_changed":false,"ngg_post_thumbnail":0,"footnotes":""},"class_list":["post-30263","page","type-page","status-publish","hentry"],"acf":[],"yoast_head":"<!-- This site is optimized with the Yoast SEO plugin v26.3 - https:\/\/yoast.com\/wordpress\/plugins\/seo\/ -->\n<title>M\u00e9todo de Pago<\/title>\n<meta name=\"robots\" content=\"index, follow, max-snippet:-1, max-image-preview:large, max-video-preview:-1\" \/>\n<link rel=\"canonical\" href=\"https:\/\/southamericaplanet.com\/es\/metodo-de-pago\/\" \/>\n<meta property=\"og:locale\" content=\"es_ES\" \/>\n<meta property=\"og:locale:alternate\" content=\"en_US\" \/>\n<meta property=\"og:locale:alternate\" content=\"nl_NL\" \/>\n<meta property=\"og:type\" content=\"article\" \/>\n<meta property=\"og:title\" content=\"M\u00e9todo de Pago\" \/>\n<meta property=\"og:description\" content=\"Para confirmar la reserva necesitamos: 1. Foto de pasaporte Una foto del pasaporte de todos los integrantes de tu grupo (escaneada o jpg) con: nombres, apellidos, n\u00fameros de pasaporte, fechas de nacimiento...\" \/>\n<meta property=\"og:url\" content=\"https:\/\/southamericaplanet.com\/es\/metodo-de-pago\/\" \/>\n<meta property=\"article:publisher\" content=\"https:\/\/www.facebook.com\/Southamericaplanet\" \/>\n<meta property=\"article:modified_time\" content=\"2026-01-14T15:15:46+00:00\" \/>\n<meta property=\"og:image\" content=\"https:\/\/southamericaplanet.com\/wp-content\/uploads\/2022\/03\/001-2.png\" \/>\n\t<meta property=\"og:image:width\" content=\"1080\" \/>\n\t<meta property=\"og:image:height\" content=\"1080\" \/>\n\t<meta property=\"og:image:type\" content=\"image\/png\" \/>\n<meta name=\"twitter:card\" content=\"summary_large_image\" \/>\n<meta name=\"twitter:label1\" content=\"Est. reading time\" \/>\n\t<meta name=\"twitter:data1\" content=\"3 minutos\" \/>\n<script type=\"application\/ld+json\" class=\"yoast-schema-graph\">{\"@context\":\"https:\/\/schema.org\",\"@graph\":[{\"@type\":\"WebPage\",\"@id\":\"https:\/\/southamericaplanet.com\/nl\/metodo-de-pago\/\",\"url\":\"https:\/\/southamericaplanet.com\/nl\/metodo-de-pago\/\",\"name\":\"M\u00e9todo de Pago\",\"isPartOf\":{\"@id\":\"https:\/\/southamericaplanet.com\/#website\"},\"primaryImageOfPage\":{\"@id\":\"https:\/\/southamericaplanet.com\/nl\/metodo-de-pago\/#primaryimage\"},\"image\":{\"@id\":\"https:\/\/southamericaplanet.com\/nl\/metodo-de-pago\/#primaryimage\"},\"thumbnailUrl\":\"https:\/\/southamericaplanet.com\/wp-content\/uploads\/2022\/03\/001-2.png\",\"datePublished\":\"2022-04-04T20:16:50+00:00\",\"dateModified\":\"2026-01-14T15:15:46+00:00\",\"breadcrumb\":{\"@id\":\"https:\/\/southamericaplanet.com\/nl\/metodo-de-pago\/#breadcrumb\"},\"inLanguage\":\"es-PE\",\"potentialAction\":[{\"@type\":\"ReadAction\",\"target\":[\"https:\/\/southamericaplanet.com\/nl\/metodo-de-pago\/\"]}]},{\"@type\":\"ImageObject\",\"inLanguage\":\"es-PE\",\"@id\":\"https:\/\/southamericaplanet.com\/nl\/metodo-de-pago\/#primaryimage\",\"url\":\"https:\/\/southamericaplanet.com\/wp-content\/uploads\/2022\/03\/001-2.png\",\"contentUrl\":\"https:\/\/southamericaplanet.com\/wp-content\/uploads\/2022\/03\/001-2.png\"},{\"@type\":\"BreadcrumbList\",\"@id\":\"https:\/\/southamericaplanet.com\/nl\/metodo-de-pago\/#breadcrumb\",\"itemListElement\":[{\"@type\":\"ListItem\",\"position\":1,\"name\":\"Home\",\"item\":\"https:\/\/southamericaplanet.com\/nl\/\"},{\"@type\":\"ListItem\",\"position\":2,\"name\":\"Betalingsmiddel\"}]},{\"@type\":\"WebSite\",\"@id\":\"https:\/\/southamericaplanet.com\/#website\",\"url\":\"https:\/\/southamericaplanet.com\/\",\"name\":\"South America Planet\",\"description\":\"Agente de viajes Sudam\u00e9rica, viajes a Per\u00fa, Bolivia, Argentina, Chile, Colombia, Ecuador, tambi\u00e9n trekking, operador oficial incatrail\",\"publisher\":{\"@id\":\"https:\/\/southamericaplanet.com\/#organization\"},\"potentialAction\":[{\"@type\":\"SearchAction\",\"target\":{\"@type\":\"EntryPoint\",\"urlTemplate\":\"https:\/\/southamericaplanet.com\/?s={search_term_string}\"},\"query-input\":{\"@type\":\"PropertyValueSpecification\",\"valueRequired\":true,\"valueName\":\"search_term_string\"}}],\"inLanguage\":\"es-PE\"},{\"@type\":\"Organization\",\"@id\":\"https:\/\/southamericaplanet.com\/#organization\",\"name\":\"South America Planet\",\"url\":\"https:\/\/southamericaplanet.com\/\",\"logo\":{\"@type\":\"ImageObject\",\"inLanguage\":\"es-PE\",\"@id\":\"https:\/\/southamericaplanet.com\/#\/schema\/logo\/image\/\",\"url\":\"https:\/\/southamericaplanet.com\/wp-content\/uploads\/2016\/11\/114-logo.yj6w.jpg\",\"contentUrl\":\"https:\/\/southamericaplanet.com\/wp-content\/uploads\/2016\/11\/114-logo.yj6w.jpg\",\"width\":140,\"height\":140,\"caption\":\"South America Planet\"},\"image\":{\"@id\":\"https:\/\/southamericaplanet.com\/#\/schema\/logo\/image\/\"},\"sameAs\":[\"https:\/\/www.facebook.com\/Southamericaplanet\"]}]}<\/script>\n<!-- \/ Yoast SEO plugin. -->","yoast_head_json":{"title":"M\u00e9todo de Pago","robots":{"index":"index","follow":"follow","max-snippet":"max-snippet:-1","max-image-preview":"max-image-preview:large","max-video-preview":"max-video-preview:-1"},"canonical":"https:\/\/southamericaplanet.com\/es\/metodo-de-pago\/","og_locale":"es_ES","og_type":"article","og_title":"[:en]Payment Method[:es]M\u00e9todo de Pago[:nl]Betalingsmiddel[:] -","og_description":"Para confirmar la reserva necesitamos: 1. Foto de pasaporte Una foto del pasaporte de todos los integrantes de tu grupo (escaneada o jpg) con: nombres, apellidos, n\u00fameros de pasaporte, fechas de nacimiento...","og_url":"https:\/\/southamericaplanet.com\/es\/metodo-de-pago\/","article_publisher":"https:\/\/www.facebook.com\/Southamericaplanet","article_modified_time":"2026-01-14T15:15:46+00:00","og_image":[{"width":1080,"height":1080,"url":"https:\/\/southamericaplanet.com\/wp-content\/uploads\/2022\/03\/001-2.png","type":"image\/png"}],"twitter_card":"summary_large_image","twitter_misc":{"Est. reading time":"3 minutos"},"schema":{"@context":"https:\/\/schema.org","@graph":[{"@type":"WebPage","@id":"https:\/\/southamericaplanet.com\/nl\/metodo-de-pago\/","url":"https:\/\/southamericaplanet.com\/nl\/metodo-de-pago\/","name":"M\u00e9todo de Pago","isPartOf":{"@id":"https:\/\/southamericaplanet.com\/#website"},"primaryImageOfPage":{"@id":"https:\/\/southamericaplanet.com\/nl\/metodo-de-pago\/#primaryimage"},"image":{"@id":"https:\/\/southamericaplanet.com\/nl\/metodo-de-pago\/#primaryimage"},"thumbnailUrl":"https:\/\/southamericaplanet.com\/wp-content\/uploads\/2022\/03\/001-2.png","datePublished":"2022-04-04T20:16:50+00:00","dateModified":"2026-01-14T15:15:46+00:00","breadcrumb":{"@id":"https:\/\/southamericaplanet.com\/nl\/metodo-de-pago\/#breadcrumb"},"inLanguage":"es-PE","potentialAction":[{"@type":"ReadAction","target":["https:\/\/southamericaplanet.com\/nl\/metodo-de-pago\/"]}]},{"@type":"ImageObject","inLanguage":"es-PE","@id":"https:\/\/southamericaplanet.com\/nl\/metodo-de-pago\/#primaryimage","url":"https:\/\/southamericaplanet.com\/wp-content\/uploads\/2022\/03\/001-2.png","contentUrl":"https:\/\/southamericaplanet.com\/wp-content\/uploads\/2022\/03\/001-2.png"},{"@type":"BreadcrumbList","@id":"https:\/\/southamericaplanet.com\/nl\/metodo-de-pago\/#breadcrumb","itemListElement":[{"@type":"ListItem","position":1,"name":"Home","item":"https:\/\/southamericaplanet.com\/nl\/"},{"@type":"ListItem","position":2,"name":"Betalingsmiddel"}]},{"@type":"WebSite","@id":"https:\/\/southamericaplanet.com\/#website","url":"https:\/\/southamericaplanet.com\/","name":"South America Planet","description":"Agente de viajes Sudam\u00e9rica, viajes a Per\u00fa, Bolivia, Argentina, Chile, Colombia, Ecuador, tambi\u00e9n trekking, operador oficial incatrail","publisher":{"@id":"https:\/\/southamericaplanet.com\/#organization"},"potentialAction":[{"@type":"SearchAction","target":{"@type":"EntryPoint","urlTemplate":"https:\/\/southamericaplanet.com\/?s={search_term_string}"},"query-input":{"@type":"PropertyValueSpecification","valueRequired":true,"valueName":"search_term_string"}}],"inLanguage":"es-PE"},{"@type":"Organization","@id":"https:\/\/southamericaplanet.com\/#organization","name":"South America Planet","url":"https:\/\/southamericaplanet.com\/","logo":{"@type":"ImageObject","inLanguage":"es-PE","@id":"https:\/\/southamericaplanet.com\/#\/schema\/logo\/image\/","url":"https:\/\/southamericaplanet.com\/wp-content\/uploads\/2016\/11\/114-logo.yj6w.jpg","contentUrl":"https:\/\/southamericaplanet.com\/wp-content\/uploads\/2016\/11\/114-logo.yj6w.jpg","width":140,"height":140,"caption":"South America Planet"},"image":{"@id":"https:\/\/southamericaplanet.com\/#\/schema\/logo\/image\/"},"sameAs":["https:\/\/www.facebook.com\/Southamericaplanet"]}]}},"_links":{"self":[{"href":"https:\/\/southamericaplanet.com\/es\/wp-json\/wp\/v2\/pages\/30263","targetHints":{"allow":["GET"]}}],"collection":[{"href":"https:\/\/southamericaplanet.com\/es\/wp-json\/wp\/v2\/pages"}],"about":[{"href":"https:\/\/southamericaplanet.com\/es\/wp-json\/wp\/v2\/types\/page"}],"author":[{"embeddable":true,"href":"https:\/\/southamericaplanet.com\/es\/wp-json\/wp\/v2\/users\/4"}],"replies":[{"embeddable":true,"href":"https:\/\/southamericaplanet.com\/es\/wp-json\/wp\/v2\/comments?post=30263"}],"version-history":[{"count":0,"href":"https:\/\/southamericaplanet.com\/es\/wp-json\/wp\/v2\/pages\/30263\/revisions"}],"wp:attachment":[{"href":"https:\/\/southamericaplanet.com\/es\/wp-json\/wp\/v2\/media?parent=30263"}],"curies":[{"name":"wp","href":"https:\/\/api.w.org\/{rel}","templated":true}]}}