{"id":3095,"date":"2020-04-13T04:12:07","date_gmt":"2020-04-13T04:12:07","guid":{"rendered":"http:\/\/southamericaplanet.com\/?page_id=3095"},"modified":"2022-09-30T01:47:14","modified_gmt":"2022-09-30T01:47:14","slug":"general-information-individual-tours","status":"publish","type":"page","link":"https:\/\/southamericaplanet.com\/es\/general-information-individual-tours\/","title":{"rendered":"Informaci\u00f3n general tours individuales"},"content":{"rendered":"<p><strong>EQUIPAJE Y ROPA<\/strong><\/p>\n<p>Recomendamos viajar lo m\u00e1s ligero posible, entre 15 y 18 kg por persona, preferiblemente empacado en una pr\u00e1ctica mochila o bolsa de viaje. El equipaje pesado es inconveniente para viajar en transporte local. A veces tienes que llevar tus cosas solo por un tiempo, por ejemplo, en una estaci\u00f3n o tambi\u00e9n en vuelos locales. En Per\u00fa en general se permiten 23 Kg (excepci\u00f3n en el vuelo a Chachapoyas solo 10 Kg) En Bolivia y Argentina entre 15 AR y 20 kg BOL<\/p>\n<p><strong>Vestimenta:<\/strong> en los viajes vamos desde la costa hasta la alta monta\u00f1a. En Per\u00fa y en Bolivia el invierno es en julio, lo que significa que el clima es seco y c\u00e1lido durante el d\u00eda pero fr\u00edo por la noche. As\u00ed que prep\u00e1rate para el fr\u00edo y el calor, debes tener buenos zapatos para caminar, un poncho, gafas de sol, despertador, b\u00e1lsamo labial, medicaci\u00f3n personal y un diccionario. No tomes demasiado. Todo lo que echas de menos, normalmente lo puedes comprar m\u00e1s barato localmente. Aseg\u00farate de tener un cambio en tu equipaje de mano ya que puedes pasar hasta 48 horas sin tu equipaje grande, en caso de que este llegue m\u00e1s tarde que t\u00fa. Dinero y pasaporte, escanee su pasaporte y env\u00edelo a su propia direcci\u00f3n de correo electr\u00f3nico, para tenerlo en todas partes.<\/p>\n<p><span style=\"color: #993300;\"><strong>NOTA:<\/strong><\/span> <strong>sobre equipaje y mochila peque\u00f1a<\/strong><\/p>\n<p>* Si ha reservado un viaje de 2 d\u00edas a las Islas Titicaca, deje su equipaje en la recepci\u00f3n de su hotel en Puno. Viajaras con mochila por 1 noche.<br \/>\n* Cuando viajas al Valle Sagrado en el \u00e1rea de Cusco y a Machu Picchu, tambi\u00e9n debes dejar tu equipaje grande en Cusco y viajar con un equipaje m\u00e1s peque\u00f1o para 1 o m\u00e1s d\u00edas, ya que no se permiten equipajes grandes en el tren.<br \/>\n* Cuando reserva un tour por la selva a Puerto Maldonado, solo puede llevar una pieza de equipaje para 3 o 4 d\u00edas, el equipaje grande se quedar\u00e1 en la oficina del Hotel en Puerto Maldonado. El barco no est\u00e1 equipado para equipaje grande, con esto tambi\u00e9n evita que los insectos entren en su equipaje grande.<\/p>\n<p><strong>DINERO<\/strong><\/p>\n<p>Recomendamos llevar consigo dinero de bolsillo en una combinaci\u00f3n de efectivo y tarjeta de cr\u00e9dito o d\u00e9bito. Este dinero es para excursiones, comidas y entradas, con un patr\u00f3n de gasto normal. Por supuesto, no podemos saber cu\u00e1nto gastar\u00e1 en recuerdos o bebidas. Todos gastan de manera diferente.<\/p>\n<p>El dinero en Per\u00fa se llama Nuevo Sol, en Bolivia Boliviano, en Argentina Peso, en Ecuador USD. El Euro se acepta en todas partes. Lo mejor es traer unos 150 USD y el resto en euros. Tarjetas de cr\u00e9dito como MasterCard y Visa son aceptadas en muchos lugares. Hay cajeros autom\u00e1ticos con carteles de \u201cCirrus\u201d en todos los lugares a los que vamos (en Bolivia un poco menos). En Argentina es mejor traer Cash Usd, ya que los cajeros autom\u00e1ticos ya no dispensan USD. Visa y MasterCard generalmente cobran una tarifa adicional del 5.5%.<\/p>\n<p><strong>VISA<\/strong><\/p>\n<p>No necesita una visa en su viaje por estos pa\u00edses. Solo pase de viaje v\u00e1lido por 6 meses. A su llegada recibir\u00e1 una tarjeta de turista, v\u00e1lida para estancias de hasta 90 d\u00edas. Busque m\u00e1s informaci\u00f3n sobre las regulaciones de visas de su pa\u00eds en <strong><span style=\"color: #00ccff;\"><a style=\"color: #00ccff;\" href=\"https:\/\/cdn.www.gob.pe\/uploads\/document\/file\/337769\/Requerimientos_de_visa_para_ciudadanos_extranjeros.pdf\">PERU MIGRACION<\/a><\/span><\/strong>+&nbsp;<strong><span style=\"color: #00ccff;\"><a style=\"color: #00ccff;\" href=\"https:\/\/www.peru.travel\/en\/useful-data\/visa-and-entry-requirements\">Visa info<\/a><\/span><\/strong><\/p>\n<p><strong>NUEVO:<\/strong> A partir de 2018, debemos enviar una copia de su pase de viaje y una copia del sello de entrada al Per\u00fa a la inspecci\u00f3n fiscal local de cada cliente. Si no podemos presentar esto, o si no desea que se haga una copia, estamos obligados a cobrar un impuesto adicional del 18%. Este impuesto del 18% tambi\u00e9n se aplica a todos los clientes que permanezcan en Per\u00fa por m\u00e1s de 30 d\u00edas seguidos.<\/p>\n<p><strong>CLIMA<\/strong><\/p>\n<p>La Cordillera de los Andes tiene mucha influencia en el clima. Esta enorme cadena monta\u00f1osa divide estos pa\u00edses en varias zonas clim\u00e1ticas. La zona costera, que en gran parte es des\u00e9rtica, es seca. No hay mucha precipitaci\u00f3n todos los a\u00f1os en Lima. En los Andes altos prevalecen las temperaturas primaverales durante el d\u00eda y por la tarde cuando brilla el sol, puede llegar a hacer bastante calor. Por la noche, cuando oscurece, se enfr\u00eda r\u00e1pida y fuertemente. La temperatura puede estar por debajo de cero y se requiere ropa abrigada. La mejor \u00e9poca para viajar por Per\u00fa \u2013 Bolivia es de mayo a octubre donde el tiempo es seco y las temperaturas son algo m\u00e1s bajas, pero el cielo est\u00e1 mayormente despejado y las precipitaciones son escasas. En la Patagonia la mejor \u00e9poca es en noviembre &#8211; diciembre &#8211; enero &#8211; febrero. \u00a1Tenga en cuenta que en las monta\u00f1as puede llover todo el a\u00f1o!<\/p>\n<p><strong>MEDICAMENTO<\/strong><\/p>\n<p>En vista de que la subida es gradual, el riesgo de mal de altura es limitado, pero lamentablemente no se puede descartar por completo. Los s\u00edntomas normales como dolor de cabeza, n\u00e1useas y mareos generalmente disminuyen despu\u00e9s de 1 o 2 d\u00edas. Dada la altitud de Per\u00fa y Bolivia, recomendamos que las personas con enfermedades card\u00edacas y pulmonares se comuniquen con su m\u00e9dico. Per\u00fa no requiere vacunas, a excepci\u00f3n de la poblaci\u00f3n de Manu. Si viajas a Manu u otra selva, la vacuna contra la fiebre amarilla es obligatoria. Adem\u00e1s, le recomendamos que al menos se vacune contra las siguientes enfermedades: Hepatitis A (ictericia) &#8211; DTP (difteria, t\u00e9tanos, polio). Se debe iniciar un programa de vacunaci\u00f3n completo cuatro a seis semanas antes de la salida. Bolivia requiere oficialmente la vacuna contra la fiebre amarilla. \u00a1No beba agua del grifo! Tambi\u00e9n eche un vistazo a los sitios web especializados para obtener la informaci\u00f3n m\u00e1s reciente. Tropisch instituut Consejos de viaje Aptos para viajar<\/p>\n<p><strong>HORA<\/strong><\/p>\n<p>Diferencia horaria -7 horas (verano) en Per\u00fa con respecto a Europa. Bolivia tiene 1 hora m\u00e1s tarde.<\/p>\n<p><strong>ELECTRICIDAD<\/strong><\/p>\n<p>En Per\u00fa y Bolivia la tensi\u00f3n de red es 220 V, pero necesita un adaptador con 2 pines planos<\/p>\n<p><strong>RESPETO y MEDIO AMBIENTE<\/strong><\/p>\n<p>Es muy importante viajar respetando la naturaleza y la cultura. Trate a la poblaci\u00f3n local con respeto y respete sus valores locales. Adem\u00e1s, deje la menor huella posible en el medio ambiente, clasifique todos sus desechos, no deje nada atr\u00e1s y limite el uso de agua y electricidad.<\/p>\n<p><strong>REGATE<\/strong><\/p>\n<p>En los mercados y tiendas tur\u00edsticas siempre hay que regatear el precio.<\/p>\n<p>Propinas: porteadores, cocineros, conductores y gu\u00edas esperan una propina. Per\u00fa y Bolivia son pa\u00edses propicios. \u00a1Pero no es obligatorio! Si el servicio es bueno, d\u00e9 propina; si no, no lo haga. Solo da lo que crees que sea justo o vale la pena para ti. Como indicativo: Gu\u00eda 2 a 3 Usd por d\u00eda por cada persona (gu\u00edas de trekking un poco m\u00e1s) Conductores 1 a 2 Usd por persona por d\u00eda de trabajo completo. En restaurantes + 10% adicional a la factura.<\/p>\n<p><strong>GENERAL<\/strong><\/p>\n<p>South Am\u00e9rica Planet quiere que disfrutes de tus vacaciones o de tu vida con total \u00e9xito. Lea atentamente las siguientes condiciones, ya que este es su contrato con South Am\u00e9rica Planet. No queremos preocuparte, \u00a1pero nos gusta ser muy claros! Debido a la naturaleza aventurera de este tour, pueden surgir algunas circunstancias inesperadas. Por eso es posible que tengamos que cambiar el programa o partes de \u00e9l. South Am\u00e9rica Planet hace todo lo posible para seguir el programa reservado, pero puede seceder que, por ejemplo, las carreteras no sean posibles de conducir debido a las fuertes lluvias, los autobuses se aver\u00eden, los vuelos locales se cancelen o se retrasen y las huelgas retrasen todo el transporte. Solo cambiamos el programa para garantizar la seguridad de nuestros clientes y en comunicaci\u00f3n con el cliente. Nos reservamos el derecho de cambiar el programa, horarios, hoteles, transporte o excursiones antes o el d\u00eda del tour. Los cambios en el programa ocurren principalmente en una conversaci\u00f3n con el cliente, pero el South Am\u00e9ri Planet siempre tendr\u00e1 la decisi\u00f3n final. Si hay alg\u00fan cambio antes de la salida, todos los miembros del grupo recibir\u00e1n un correo electr\u00f3nico con los cambios claramente indicados. Los costos adicionales de viaje u hotel son cargados a los miembros del tour. En circunstancias normales, siga siempre el programa oficial. Nuestros precios no incluyen vuelos internacionales, comidas no especificadas en su itinerario, gastos personales, seguro personal y propinas. South Am\u00e9rica Planet no pagar\u00e1 compensaci\u00f3n si se ve obligado a cancelar o cambiar su recorrido debido a guerra, amenaza de guerra, disturbios, huelga civil, disputa industrial, actividad terrorista, desastre natural o nuclear, incendio o condiciones clim\u00e1ticas extremas, epidemias, pandemias u otras referentes a la salud, riesgos, problemas t\u00e9cnicos o de mantenimiento con el transporte, aeropuertos o puertos cerrados o congestionados, cambios impuestos por la reprogramaci\u00f3n o cancelaci\u00f3n de vuelos de aerol\u00edneas, overbooking, cambio de aerol\u00edneas o tipos de aeronaves, o eventos similares fuera del control de South Am\u00e9rica Planet. El cliente tambi\u00e9n es responsable de sus pertenencias personales. Los clientes realizan los tours, caminatas o expediciones, presentados en nuestros programas, por su cuenta y riesgo.<\/p>\n<p><strong>INFORMACION DEL VIAJE<\/strong><\/p>\n<p>Esta informaci\u00f3n es parte del contrato con South Am\u00e9rica Planet. \u00a1L\u00e9elo atentamente antes de reservar! Los clientes deben estar en posesi\u00f3n y son responsables de tramitar un pasaporte v\u00e1lido. La informaci\u00f3n sobre estos asuntos o elementos relacionados (clima, ropa, equipaje, etc.) se proporciona de buena fe, pero South Am\u00e9rica Planet no puede ser responsable de ninguna de esta informaci\u00f3n.<\/p>\n<p><strong>\u00bfC\u00d3MO HACER UNA RESERVA?<\/strong><\/p>\n<p>La forma m\u00e1s f\u00e1cil de reservar un tour es completando el formulario de reserva, simplemente haga clic en la reserva para este tour en<span style=\"color: #0000ff;\"> <a style=\"color: #0000ff;\" href=\"http:\/\/www.southamericaplanet.com\">http:\/\/www.southamericaplanet.com<\/a>,<\/span> unos d\u00edas despu\u00e9s de que recibamos su reserva, la confirmaremos. Luego le pediremos un dep\u00f3sito del 40% o el monto total. El otro 60%, podr\u00e1 ser pagado hasta 5 semanas antes de la salida. Este pago se puede realizar por transferencia a nuestro banco peruano. Despu\u00e9s del pago, recibir\u00e1 un documento con la confirmaci\u00f3n de su pago. Luego de realizar el pago completo, recibir\u00e1 la direcci\u00f3n del primer hotel en Lima. Se acepta una reserva y se convierte en definitiva solo a partir de la fecha en que South Am\u00e9rica Planet env\u00eda una factura de confirmaci\u00f3n (una vez que hayamos recibido su dep\u00f3sito), momento en el que existe un contrato y el dep\u00f3sito se vuelve no reembolsable e intransferible. Tambi\u00e9n denos su n\u00famero de tel\u00e9fono para comunicarnos con usted si hay alg\u00fan cambio de \u00faltima hora. Si el precio est\u00e1 en EUROS, este precio puede cambiar si 1 Euro cae por debajo de 1,1 USD.<\/p>\n<p><strong>CAMBIOS Y POSIBILIDADES DE EXTENSI\u00d3N<\/strong><br \/>\nEs posible llegar antes, tambi\u00e9n salir m\u00e1s tarde. Debe informarnos con anticipaci\u00f3n con su reserva, para que podamos arreglar algo para usted.<br \/>\n\u00a1Esto es solo un ejemplo y podemos hacer algunos cambios donde lo desee!<br \/>\nSi se reserv\u00f3 incatrail, no hay cambios posibles<\/p>\n<p><strong>SEGURO<\/strong><\/p>\n<p>Los clientes est\u00e1n obligados y responsables de garantizar una cobertura adecuada durante todo el recorrido que incluya los gastos m\u00e9dicos, lesiones, fallecimiento, repatriaci\u00f3n o cancelaci\u00f3n. Es nuestra pol\u00edtica verificar la validez y cobertura de su p\u00f3liza de seguro y nos reservamos el derecho de rechazar el viaje a cualquier persona cuyo seguro no cumpla con estos criterios. Tenemos oficinas en Per\u00fa, una en Cusco donde siempre hay gente trabajando y siempre es posible contactarlos las 24 horas del d\u00eda, los 7 d\u00edas de la semana para emergencias &#8211; \u00a1conocen su pa\u00eds mejor que nosotros y tienen los mejores contactos. Nuestro n\u00famero de emergencia es +51984577011<\/p>\n<p><strong>NUEVO<\/strong><\/p>\n<p>Una nueva ley exige que los menores alojados en hoteles y otros establecimientos de alojamiento vayan acompa\u00f1ados de un padre o un adulto que sea oficialmente responsable de ellos. En este \u00faltimo caso, el adulto tiene la capacidad de mostrar documentos oficiales. Con esta ley, el gobierno pretende proteger a los menores de cualquier tipo de explotaci\u00f3n sexual. Compartimos esta noticia con usted porque sus clientes que viajan, por ejemplo, con sus nietos o amigos de sus hijos, pueden necesitar tomar medidas adicionales.<\/p>\n<p><strong>CANCELACI\u00d3N<\/strong><\/p>\n<p>Si el cliente desea cancelar, se impondr\u00e1n tarifas de cancelaci\u00f3n. Estas se calculan a partir del d\u00eda en que South Am\u00e9rica Planet recibe la notificaci\u00f3n por escrito.<br \/>\n<strong>Los cargos se muestran a continuaci\u00f3n:<\/strong><br \/>\n56 o m\u00e1s d\u00edas antes de la salida: dep\u00f3sito del 15%.<br \/>\n56 a 42 d\u00edas antes de la salida: 30% o precio total.<br \/>\n28 d\u00edas a 14 d\u00edas antes de la salida: 75% del precio total, 14 d\u00edas a 7 d\u00edas: 90% del precio, menos de 7 d\u00edas: 100%.<br \/>\nLe recomendamos encarecidamente que contrate un seguro a todo riesgo, que incluya cobertura, en determinadas circunstancias, contra p\u00e9rdidas, cargos por dep\u00f3sito o cancelaci\u00f3n.<br \/>\nTenga en cuenta que los boletos de tren, el Camino Inca y los boletos a\u00e9reos nunca se pueden reembolsar.<br \/>\n<span style=\"color: #993300;\"><strong>Nota:<\/strong><\/span> Para el tiempo del Corona virus, se aplican otras reglas, solo cont\u00e1ctenos para obtener la \u00faltima actualizaci\u00f3n.<\/p>\n<p style=\"text-align: center;\"><strong>\u00a1Disfruta tu viaje!<\/strong><\/p>\n","protected":false},"excerpt":{"rendered":"<p>EQUIPAJE Y ROPA Recomendamos viajar lo m\u00e1s ligero posible, entre 15 y 18 kg por persona, preferiblemente empacado en una pr\u00e1ctica mochila o bolsa de viaje. El equipaje pesado es inconveniente para&#8230;<\/p>\n","protected":false},"author":2,"featured_media":9398,"parent":0,"menu_order":28,"comment_status":"open","ping_status":"open","template":"","meta":{"_acf_changed":false,"ngg_post_thumbnail":0,"footnotes":""},"class_list":["post-3095","page","type-page","status-publish","has-post-thumbnail","hentry"],"acf":[],"yoast_head":"<!-- This site is optimized with the Yoast SEO plugin v26.3 - https:\/\/yoast.com\/wordpress\/plugins\/seo\/ -->\n<title>Informaci\u00f3n general tours individuales<\/title>\n<meta name=\"robots\" content=\"index, follow, max-snippet:-1, max-image-preview:large, max-video-preview:-1\" \/>\n<link rel=\"canonical\" href=\"https:\/\/southamericaplanet.com\/es\/general-information-individual-tours\/\" \/>\n<meta property=\"og:locale\" content=\"es_ES\" \/>\n<meta property=\"og:locale:alternate\" content=\"en_US\" \/>\n<meta property=\"og:locale:alternate\" content=\"nl_NL\" \/>\n<meta property=\"og:type\" content=\"article\" \/>\n<meta property=\"og:title\" content=\"Informaci\u00f3n general tours individuales\" \/>\n<meta property=\"og:description\" content=\"EQUIPAJE Y ROPA Recomendamos viajar lo m\u00e1s ligero posible, entre 15 y 18 kg por persona, preferiblemente empacado en una pr\u00e1ctica mochila o bolsa de viaje. El equipaje pesado es inconveniente para...\" \/>\n<meta property=\"og:url\" content=\"https:\/\/southamericaplanet.com\/es\/general-information-individual-tours\/\" \/>\n<meta property=\"article:publisher\" content=\"https:\/\/www.facebook.com\/Southamericaplanet\" \/>\n<meta property=\"article:modified_time\" content=\"2022-09-30T01:47:14+00:00\" \/>\n<meta property=\"og:image\" content=\"https:\/\/southamericaplanet.com\/wp-content\/uploads\/2019\/09\/vicunas-pano.jpeg\" \/>\n\t<meta property=\"og:image:width\" content=\"800\" \/>\n\t<meta property=\"og:image:height\" content=\"267\" \/>\n\t<meta property=\"og:image:type\" content=\"image\/jpeg\" \/>\n<meta name=\"twitter:card\" content=\"summary_large_image\" \/>\n<meta name=\"twitter:label1\" content=\"Est. reading time\" \/>\n\t<meta name=\"twitter:data1\" content=\"9 minutos\" \/>\n<script type=\"application\/ld+json\" class=\"yoast-schema-graph\">{\"@context\":\"https:\/\/schema.org\",\"@graph\":[{\"@type\":\"WebPage\",\"@id\":\"https:\/\/southamericaplanet.com\/nl\/general-information-individual-tours\/\",\"url\":\"https:\/\/southamericaplanet.com\/nl\/general-information-individual-tours\/\",\"name\":\"Informaci\u00f3n general tours individuales\",\"isPartOf\":{\"@id\":\"https:\/\/southamericaplanet.com\/#website\"},\"primaryImageOfPage\":{\"@id\":\"https:\/\/southamericaplanet.com\/nl\/general-information-individual-tours\/#primaryimage\"},\"image\":{\"@id\":\"https:\/\/southamericaplanet.com\/nl\/general-information-individual-tours\/#primaryimage\"},\"thumbnailUrl\":\"https:\/\/southamericaplanet.com\/wp-content\/uploads\/2019\/09\/vicunas-pano.jpeg\",\"datePublished\":\"2020-04-13T04:12:07+00:00\",\"dateModified\":\"2022-09-30T01:47:14+00:00\",\"breadcrumb\":{\"@id\":\"https:\/\/southamericaplanet.com\/nl\/general-information-individual-tours\/#breadcrumb\"},\"inLanguage\":\"es-PE\",\"potentialAction\":[{\"@type\":\"ReadAction\",\"target\":[\"https:\/\/southamericaplanet.com\/nl\/general-information-individual-tours\/\"]}]},{\"@type\":\"ImageObject\",\"inLanguage\":\"es-PE\",\"@id\":\"https:\/\/southamericaplanet.com\/nl\/general-information-individual-tours\/#primaryimage\",\"url\":\"https:\/\/southamericaplanet.com\/wp-content\/uploads\/2019\/09\/vicunas-pano.jpeg\",\"contentUrl\":\"https:\/\/southamericaplanet.com\/wp-content\/uploads\/2019\/09\/vicunas-pano.jpeg\",\"width\":800,\"height\":267},{\"@type\":\"BreadcrumbList\",\"@id\":\"https:\/\/southamericaplanet.com\/nl\/general-information-individual-tours\/#breadcrumb\",\"itemListElement\":[{\"@type\":\"ListItem\",\"position\":1,\"name\":\"Home\",\"item\":\"https:\/\/southamericaplanet.com\/nl\/\"},{\"@type\":\"ListItem\",\"position\":2,\"name\":\"Algemene info individuele tours\"}]},{\"@type\":\"WebSite\",\"@id\":\"https:\/\/southamericaplanet.com\/#website\",\"url\":\"https:\/\/southamericaplanet.com\/\",\"name\":\"South America Planet\",\"description\":\"Agente de viajes Sudam\u00e9rica, viajes a Per\u00fa, Bolivia, Argentina, Chile, Colombia, Ecuador, tambi\u00e9n trekking, operador oficial incatrail\",\"publisher\":{\"@id\":\"https:\/\/southamericaplanet.com\/#organization\"},\"potentialAction\":[{\"@type\":\"SearchAction\",\"target\":{\"@type\":\"EntryPoint\",\"urlTemplate\":\"https:\/\/southamericaplanet.com\/?s={search_term_string}\"},\"query-input\":{\"@type\":\"PropertyValueSpecification\",\"valueRequired\":true,\"valueName\":\"search_term_string\"}}],\"inLanguage\":\"es-PE\"},{\"@type\":\"Organization\",\"@id\":\"https:\/\/southamericaplanet.com\/#organization\",\"name\":\"South America Planet\",\"url\":\"https:\/\/southamericaplanet.com\/\",\"logo\":{\"@type\":\"ImageObject\",\"inLanguage\":\"es-PE\",\"@id\":\"https:\/\/southamericaplanet.com\/#\/schema\/logo\/image\/\",\"url\":\"https:\/\/southamericaplanet.com\/wp-content\/uploads\/2016\/11\/114-logo.yj6w.jpg\",\"contentUrl\":\"https:\/\/southamericaplanet.com\/wp-content\/uploads\/2016\/11\/114-logo.yj6w.jpg\",\"width\":140,\"height\":140,\"caption\":\"South America Planet\"},\"image\":{\"@id\":\"https:\/\/southamericaplanet.com\/#\/schema\/logo\/image\/\"},\"sameAs\":[\"https:\/\/www.facebook.com\/Southamericaplanet\"]}]}<\/script>\n<!-- \/ Yoast SEO plugin. -->","yoast_head_json":{"title":"Informaci\u00f3n general tours individuales","robots":{"index":"index","follow":"follow","max-snippet":"max-snippet:-1","max-image-preview":"max-image-preview:large","max-video-preview":"max-video-preview:-1"},"canonical":"https:\/\/southamericaplanet.com\/es\/general-information-individual-tours\/","og_locale":"es_ES","og_type":"article","og_title":"[:en]General information individual tours[:es]Informaci\u00f3n general tours individuales[:nl]Algemene info individuele tours[:] -","og_description":"EQUIPAJE Y ROPA Recomendamos viajar lo m\u00e1s ligero posible, entre 15 y 18 kg por persona, preferiblemente empacado en una pr\u00e1ctica mochila o bolsa de viaje. El equipaje pesado es inconveniente para...","og_url":"https:\/\/southamericaplanet.com\/es\/general-information-individual-tours\/","article_publisher":"https:\/\/www.facebook.com\/Southamericaplanet","article_modified_time":"2022-09-30T01:47:14+00:00","og_image":[{"width":800,"height":267,"url":"https:\/\/southamericaplanet.com\/wp-content\/uploads\/2019\/09\/vicunas-pano.jpeg","type":"image\/jpeg"}],"twitter_card":"summary_large_image","twitter_misc":{"Est. reading time":"9 minutos"},"schema":{"@context":"https:\/\/schema.org","@graph":[{"@type":"WebPage","@id":"https:\/\/southamericaplanet.com\/nl\/general-information-individual-tours\/","url":"https:\/\/southamericaplanet.com\/nl\/general-information-individual-tours\/","name":"Informaci\u00f3n general tours individuales","isPartOf":{"@id":"https:\/\/southamericaplanet.com\/#website"},"primaryImageOfPage":{"@id":"https:\/\/southamericaplanet.com\/nl\/general-information-individual-tours\/#primaryimage"},"image":{"@id":"https:\/\/southamericaplanet.com\/nl\/general-information-individual-tours\/#primaryimage"},"thumbnailUrl":"https:\/\/southamericaplanet.com\/wp-content\/uploads\/2019\/09\/vicunas-pano.jpeg","datePublished":"2020-04-13T04:12:07+00:00","dateModified":"2022-09-30T01:47:14+00:00","breadcrumb":{"@id":"https:\/\/southamericaplanet.com\/nl\/general-information-individual-tours\/#breadcrumb"},"inLanguage":"es-PE","potentialAction":[{"@type":"ReadAction","target":["https:\/\/southamericaplanet.com\/nl\/general-information-individual-tours\/"]}]},{"@type":"ImageObject","inLanguage":"es-PE","@id":"https:\/\/southamericaplanet.com\/nl\/general-information-individual-tours\/#primaryimage","url":"https:\/\/southamericaplanet.com\/wp-content\/uploads\/2019\/09\/vicunas-pano.jpeg","contentUrl":"https:\/\/southamericaplanet.com\/wp-content\/uploads\/2019\/09\/vicunas-pano.jpeg","width":800,"height":267},{"@type":"BreadcrumbList","@id":"https:\/\/southamericaplanet.com\/nl\/general-information-individual-tours\/#breadcrumb","itemListElement":[{"@type":"ListItem","position":1,"name":"Home","item":"https:\/\/southamericaplanet.com\/nl\/"},{"@type":"ListItem","position":2,"name":"Algemene info individuele tours"}]},{"@type":"WebSite","@id":"https:\/\/southamericaplanet.com\/#website","url":"https:\/\/southamericaplanet.com\/","name":"South America Planet","description":"Agente de viajes Sudam\u00e9rica, viajes a Per\u00fa, Bolivia, Argentina, Chile, Colombia, Ecuador, tambi\u00e9n trekking, operador oficial incatrail","publisher":{"@id":"https:\/\/southamericaplanet.com\/#organization"},"potentialAction":[{"@type":"SearchAction","target":{"@type":"EntryPoint","urlTemplate":"https:\/\/southamericaplanet.com\/?s={search_term_string}"},"query-input":{"@type":"PropertyValueSpecification","valueRequired":true,"valueName":"search_term_string"}}],"inLanguage":"es-PE"},{"@type":"Organization","@id":"https:\/\/southamericaplanet.com\/#organization","name":"South America Planet","url":"https:\/\/southamericaplanet.com\/","logo":{"@type":"ImageObject","inLanguage":"es-PE","@id":"https:\/\/southamericaplanet.com\/#\/schema\/logo\/image\/","url":"https:\/\/southamericaplanet.com\/wp-content\/uploads\/2016\/11\/114-logo.yj6w.jpg","contentUrl":"https:\/\/southamericaplanet.com\/wp-content\/uploads\/2016\/11\/114-logo.yj6w.jpg","width":140,"height":140,"caption":"South America Planet"},"image":{"@id":"https:\/\/southamericaplanet.com\/#\/schema\/logo\/image\/"},"sameAs":["https:\/\/www.facebook.com\/Southamericaplanet"]}]}},"_links":{"self":[{"href":"https:\/\/southamericaplanet.com\/es\/wp-json\/wp\/v2\/pages\/3095","targetHints":{"allow":["GET"]}}],"collection":[{"href":"https:\/\/southamericaplanet.com\/es\/wp-json\/wp\/v2\/pages"}],"about":[{"href":"https:\/\/southamericaplanet.com\/es\/wp-json\/wp\/v2\/types\/page"}],"author":[{"embeddable":true,"href":"https:\/\/southamericaplanet.com\/es\/wp-json\/wp\/v2\/users\/2"}],"replies":[{"embeddable":true,"href":"https:\/\/southamericaplanet.com\/es\/wp-json\/wp\/v2\/comments?post=3095"}],"version-history":[{"count":0,"href":"https:\/\/southamericaplanet.com\/es\/wp-json\/wp\/v2\/pages\/3095\/revisions"}],"wp:featuredmedia":[{"embeddable":true,"href":"https:\/\/southamericaplanet.com\/es\/wp-json\/wp\/v2\/media\/9398"}],"wp:attachment":[{"href":"https:\/\/southamericaplanet.com\/es\/wp-json\/wp\/v2\/media?parent=3095"}],"curies":[{"name":"wp","href":"https:\/\/api.w.org\/{rel}","templated":true}]}}