{"id":3098,"date":"2020-03-13T04:18:45","date_gmt":"2020-03-13T04:18:45","guid":{"rendered":"http:\/\/southamericaplanet.com\/?page_id=3098"},"modified":"2023-03-16T09:39:22","modified_gmt":"2023-03-16T09:39:22","slug":"policy-for-trekking","status":"publish","type":"page","link":"https:\/\/southamericaplanet.com\/es\/policy-for-trekking\/","title":{"rendered":"Pol\u00edtica de trekking"},"content":{"rendered":"<p><span style=\"color: #993300;\"><strong>POL\u00cdTICA DE TREKKING<\/strong><\/span><\/p>\n<ul>\n<li>\u00a1Su reserva est\u00e1 confirmada! Verifique si est\u00e1n correcto su nombre y n\u00famero de pasaporte.<\/li>\n<li>Es responsabilidad del pasajero: Tener un pasaporte con fecha vigente (La fecha de caducidad debe ser m\u00ednimo 2 meses despu\u00e9s de visitar Per\u00fa o Bolivia).<\/li>\n<li>Todo viajero es responsable de tener un pasaporte v\u00e1lido (m\u00ednimo 2 meses antes de la fecha de vencimiento despu\u00e9s de visitar Per\u00fa o Bolivia), medicamentos e vacunas, y tarjeta universitaria v\u00e1lida, (debe traer la misma tarjeta de estudiante y pasaporte con los que realiz\u00f3 la reserva) . Preferimos que nos env\u00ede una copia escaneada de su pasaporte y tarjeta de estudiante.<\/li>\n<li><strong>NUEVO<\/strong> Si eres estudiante ISIC ya <strong>NO es v\u00e1lido para descuento<\/strong>. <strong>Solo se acepta carnet universitario internacional<\/strong>&nbsp; para obtener descuento de estudiante<strong> y tener menos que 25 &nbsp;a\u00f1os con carnet, o Si eres menor de 18 a\u00f1os sin carnet.<\/strong>&nbsp;En el incatrail de 4 d\u00edas hay 38 Usd de descuento y en el incatrail de 2 d\u00edas 28 Usd de descuento.<\/li>\n<li><strong>Nuevo<\/strong>&nbsp;cada persona est\u00e1 obligada a dejar una copia o escaneo de su pasaporte y sello de entrada a Per\u00fa. Es un requisito que nos piden para efectos de tributaci\u00f3n y fiscalizaci\u00f3n nacional. Si no obtenemos esta copia, estamos obligados a cobrar un impuesto general a las ventas del 18% adicional.&nbsp; Este impuesto del IGV 18% tambi\u00e9n se aplica a los clientes que permanezcan m\u00e1s de 60 d\u00edas en Per\u00fa.<\/li>\n<li>El viajero es responsable y est\u00e1 obligado a tener un buen seguro de viaje y debe cuidar su propio equipaje.<\/li>\n<li>Por favor traiga el documento oficial (como el pasaporte) con el n\u00famero original con el que hizo su reserva, para el tour de camino inca para pasar los controles ya que el ingreso tiene el n\u00famero de pasaporte. Si sucede que tiene o necesitar\u00e1 un nuevo pasaporte antes de que comience su viaje, debe traer una copia a color del pasaporte anterior.<\/li>\n<li>Por favor informe a South America Planet con un m\u00ednimo de 2 d\u00edas antes del inicio del tour, si desea hacer alg\u00fan cambio o modificaci\u00f3n de nuevo pasaporte, tendr\u00e1 que pagar una penalidad 25 USD en el INC. (Esto es para el Camino Inca Per\u00fa)<\/li>\n<li>Despu\u00e9s de reservar el Camino Inca Per\u00fa, es imposible cambiar la fecha de salida, el nombre o el n\u00famero de pasaporte; \u00a1No hay reembolsos de los tickets de ingreso!<\/li>\n<li>El tour de trekking es un servicio compartido entre 4 and 16 persons&nbsp;<\/li>\n<li><strong><span style=\"color: #0000ff;\">NUEVO<\/span> <\/strong>para cumplir con los protocolos de bioseguridad COVID-19, es obligatorio el distanciamiento, uso de EPP, higiene de manos (jab\u00f3n, alcohol y \/ o gel de alcohol) adem\u00e1s se aplican las mismas reglas durante la caminata que en el resto del pa\u00eds, mantener tu distancia, mascarillas bucales, midiendo temperatura (m\u00e1s de 38 grados no sale en una caminata)&nbsp; y desinfectando todo. Tenga en cuenta. Si el cliente tiene que cancelar su viaje antes de tiempo debido o durante el trek a covid, no hay reembolso. Los gastos derivados de una evacuaci\u00f3n por covid corren por cuenta del cliente.<\/li>\n<li>Si por motivos climatol\u00f3gicos o huelgas hubiera demora de salida, No es responsabilidad de South America Planet.<\/li>\n<li>Para las cancelaciones de reserva camino inca 4 d\u00edas, con anticipaci\u00f3n de m\u00e1s de 17 d\u00edas antes, desde la fecha de la reserva, cobramos <strong>una penalidad del USD312 (<\/strong>Ticket ingreso + porteador + IGV) correspondiente a gastos administrativos y bancarios.<\/li>\n<li>Para las cancelaciones de reserva camino inca 2 d\u00edas, con anticipaci\u00f3n de m\u00e1s de 17 d\u00edas antes, desde la fecha de la reserva, cobramos <strong>una penalidad del USD269<\/strong> (Ticket ingreso + porteador + IGV) correspondiente a gastos administrativos y bancarios.<\/li>\n<li>No se realizar\u00e1 ning\u00fan reembolso si la notificaci\u00f3n de cancelaci\u00f3n se recibe 16 d\u00edas o menos antes del comienzo del Trek. Lo que significa que tendr\u00e1 que pagar el monto total (100% del trekking).<\/li>\n<li>Para la cancelaci\u00f3n de otro trekking alternativo, hasta 4 d\u00edas antes del inicio del servicio, pagara el monto total (100% del treking).<\/li>\n<li>Para cancelaci\u00f3n de otro trekking alternativo, hasta 1 mes antes del inicio del servicio pagara 180USD penalidad, correspondiente a gastos administrativos y bancarios.<\/li>\n<li>Si desea cancelar un treking alternativo con m\u00e1s de un mes de anticipaci\u00f3n, se preguntar\u00e1 si se compr\u00f3 algo del trekking.<\/li>\n<li>No se realizar\u00e1 ning\u00fan reembolso si la notificaci\u00f3n de cancelaci\u00f3n se recibe 16 d\u00edas o menos antes del comienzo del Trek. Lo que significa que tendr\u00e1 que pagar el monto total.<\/li>\n<li>Cada viajero tendr\u00e1 que informar el nombre de su hotel con al menos 3 d\u00edas de anticipaci\u00f3n para que podamos coordinar su reuni\u00f3n informativa y el recojo en el hotel.<\/li>\n<li>Si tuviera alg\u00fan saldo pendiente deber\u00e1 pagarse en nuestra oficina en efectivo o con tarjeta de cr\u00e9dito (+ 5,5%). Antes del inicio del tour.<\/li>\n<li>Alquilamos bolsas de dormir por 5 USD al d\u00eda y bastones por 5 USD al d\u00eda (el viajero debe llevar estos art\u00edculos)<\/li>\n<li><strong>El tour incluye:<\/strong>&nbsp;gu\u00eda de habla inglesa y espa\u00f1ola, cocinero, porteadores para carpas y comida, material de campamento, traslado del hotel al inicio del sendero.<\/li>\n<li>Los campamentos pueden variar a los indicados en el programa debido a las reglas del INC.<\/li>\n<li>Nosotros proporcionamos el colch\u00f3n, pero cada viajero tendr\u00e1 que cargar el suyo.<\/li>\n<li>Los viajeros del Camino Inca<strong>&nbsp;no pueden escalar<\/strong>&nbsp;la monta\u00f1a&nbsp;<strong>huayna Picchu<\/strong>&nbsp;a menos <strong>que compren un boleto de entrada adicional para Machu Picchu 64 USD<\/strong><\/li>\n<li>Si tiene restricciones alimentarias o alergias, inf\u00f3rmenos con al menos 5 d\u00edas de anticipaci\u00f3n.<\/li>\n<li><strong>RESPETO y MEDIO AMBIENTE <\/strong>Es muy importante viajar respetando la naturaleza y la cultura. Trate a la poblaci\u00f3n local con respeto y respete sus valores locales. Adem\u00e1s, deje la menor huella posible en el medio ambiente, clasifique todos sus desechos, no deje nada atr\u00e1s y limite el uso de agua y electricidad.<\/li>\n<li>Solo confirmamos la reserva despu\u00e9s de recibir por adelantado un dep\u00f3sito del 40% a trav\u00e9s de Visa en l\u00ednea, PayPal (+5,5%) o wetravel (+ 4,5%) (Para trekking fuera de Per\u00fa 100%)<\/li>\n<\/ul>\n<p><span style=\"color: #993300;\"><strong>\u00a1Te deseamos una maravillosa experiencia de trekking!<\/strong><\/span><\/p>\n","protected":false},"excerpt":{"rendered":"<p>POL\u00cdTICA DE TREKKING \u00a1Su reserva est\u00e1 confirmada! Verifique si est\u00e1n correcto su nombre y n\u00famero de pasaporte. Es responsabilidad del pasajero: Tener un pasaporte con fecha vigente (La fecha de caducidad debe&#8230;<\/p>\n","protected":false},"author":2,"featured_media":0,"parent":0,"menu_order":27,"comment_status":"open","ping_status":"open","template":"","meta":{"_acf_changed":false,"ngg_post_thumbnail":0,"footnotes":""},"class_list":["post-3098","page","type-page","status-publish","hentry"],"acf":[],"yoast_head":"<!-- This site is optimized with the Yoast SEO plugin v26.3 - https:\/\/yoast.com\/wordpress\/plugins\/seo\/ -->\n<title>Pol\u00edtica de trekking<\/title>\n<meta name=\"robots\" content=\"index, follow, max-snippet:-1, max-image-preview:large, max-video-preview:-1\" \/>\n<link rel=\"canonical\" href=\"https:\/\/southamericaplanet.com\/es\/policy-for-trekking\/\" \/>\n<meta property=\"og:locale\" content=\"es_ES\" \/>\n<meta property=\"og:locale:alternate\" content=\"en_US\" \/>\n<meta property=\"og:locale:alternate\" content=\"nl_NL\" \/>\n<meta property=\"og:type\" content=\"article\" \/>\n<meta property=\"og:title\" content=\"Pol\u00edtica de trekking\" \/>\n<meta property=\"og:description\" content=\"POL\u00cdTICA DE TREKKING \u00a1Su reserva est\u00e1 confirmada! Verifique si est\u00e1n correcto su nombre y n\u00famero de pasaporte. Es responsabilidad del pasajero: Tener un pasaporte con fecha vigente (La fecha de caducidad debe...\" \/>\n<meta property=\"og:url\" content=\"https:\/\/southamericaplanet.com\/es\/policy-for-trekking\/\" \/>\n<meta property=\"article:publisher\" content=\"https:\/\/www.facebook.com\/Southamericaplanet\" \/>\n<meta property=\"article:modified_time\" content=\"2023-03-16T09:39:22+00:00\" \/>\n<meta property=\"og:image\" content=\"https:\/\/southamericaplanet.com\/wp-content\/uploads\/2021\/09\/southamericaplanet.jpg\" \/>\n\t<meta property=\"og:image:width\" content=\"1200\" \/>\n\t<meta property=\"og:image:height\" content=\"627\" \/>\n\t<meta property=\"og:image:type\" content=\"image\/jpeg\" \/>\n<meta name=\"twitter:card\" content=\"summary_large_image\" \/>\n<meta name=\"twitter:label1\" content=\"Est. reading time\" \/>\n\t<meta name=\"twitter:data1\" content=\"5 minutos\" \/>\n<script type=\"application\/ld+json\" class=\"yoast-schema-graph\">{\"@context\":\"https:\/\/schema.org\",\"@graph\":[{\"@type\":\"WebPage\",\"@id\":\"https:\/\/southamericaplanet.com\/nl\/policy-for-trekking\/\",\"url\":\"https:\/\/southamericaplanet.com\/nl\/policy-for-trekking\/\",\"name\":\"Pol\u00edtica de trekking\",\"isPartOf\":{\"@id\":\"https:\/\/southamericaplanet.com\/#website\"},\"datePublished\":\"2020-03-13T04:18:45+00:00\",\"dateModified\":\"2023-03-16T09:39:22+00:00\",\"breadcrumb\":{\"@id\":\"https:\/\/southamericaplanet.com\/nl\/policy-for-trekking\/#breadcrumb\"},\"inLanguage\":\"es-PE\",\"potentialAction\":[{\"@type\":\"ReadAction\",\"target\":[\"https:\/\/southamericaplanet.com\/nl\/policy-for-trekking\/\"]}]},{\"@type\":\"BreadcrumbList\",\"@id\":\"https:\/\/southamericaplanet.com\/nl\/policy-for-trekking\/#breadcrumb\",\"itemListElement\":[{\"@type\":\"ListItem\",\"position\":1,\"name\":\"Home\",\"item\":\"https:\/\/southamericaplanet.com\/nl\/\"},{\"@type\":\"ListItem\",\"position\":2,\"name\":\"Regels- Policy voor trektochten\"}]},{\"@type\":\"WebSite\",\"@id\":\"https:\/\/southamericaplanet.com\/#website\",\"url\":\"https:\/\/southamericaplanet.com\/\",\"name\":\"South America Planet\",\"description\":\"Agente de viajes Sudam\u00e9rica, viajes a Per\u00fa, Bolivia, Argentina, Chile, Colombia, Ecuador, tambi\u00e9n trekking, operador oficial incatrail\",\"publisher\":{\"@id\":\"https:\/\/southamericaplanet.com\/#organization\"},\"potentialAction\":[{\"@type\":\"SearchAction\",\"target\":{\"@type\":\"EntryPoint\",\"urlTemplate\":\"https:\/\/southamericaplanet.com\/?s={search_term_string}\"},\"query-input\":{\"@type\":\"PropertyValueSpecification\",\"valueRequired\":true,\"valueName\":\"search_term_string\"}}],\"inLanguage\":\"es-PE\"},{\"@type\":\"Organization\",\"@id\":\"https:\/\/southamericaplanet.com\/#organization\",\"name\":\"South America Planet\",\"url\":\"https:\/\/southamericaplanet.com\/\",\"logo\":{\"@type\":\"ImageObject\",\"inLanguage\":\"es-PE\",\"@id\":\"https:\/\/southamericaplanet.com\/#\/schema\/logo\/image\/\",\"url\":\"https:\/\/southamericaplanet.com\/wp-content\/uploads\/2016\/11\/114-logo.yj6w.jpg\",\"contentUrl\":\"https:\/\/southamericaplanet.com\/wp-content\/uploads\/2016\/11\/114-logo.yj6w.jpg\",\"width\":140,\"height\":140,\"caption\":\"South America Planet\"},\"image\":{\"@id\":\"https:\/\/southamericaplanet.com\/#\/schema\/logo\/image\/\"},\"sameAs\":[\"https:\/\/www.facebook.com\/Southamericaplanet\"]}]}<\/script>\n<!-- \/ Yoast SEO plugin. -->","yoast_head_json":{"title":"Pol\u00edtica de trekking","robots":{"index":"index","follow":"follow","max-snippet":"max-snippet:-1","max-image-preview":"max-image-preview:large","max-video-preview":"max-video-preview:-1"},"canonical":"https:\/\/southamericaplanet.com\/es\/policy-for-trekking\/","og_locale":"es_ES","og_type":"article","og_title":"[:en]Policy for trekking[:es]Pol\u00edtica de trekking[:nl]Regels- Policy voor trektochten[:] -","og_description":"POL\u00cdTICA DE TREKKING \u00a1Su reserva est\u00e1 confirmada! Verifique si est\u00e1n correcto su nombre y n\u00famero de pasaporte. Es responsabilidad del pasajero: Tener un pasaporte con fecha vigente (La fecha de caducidad debe...","og_url":"https:\/\/southamericaplanet.com\/es\/policy-for-trekking\/","article_publisher":"https:\/\/www.facebook.com\/Southamericaplanet","article_modified_time":"2023-03-16T09:39:22+00:00","og_image":[{"width":1200,"height":627,"url":"https:\/\/southamericaplanet.com\/wp-content\/uploads\/2021\/09\/southamericaplanet.jpg","type":"image\/jpeg"}],"twitter_card":"summary_large_image","twitter_misc":{"Est. reading time":"5 minutos"},"schema":{"@context":"https:\/\/schema.org","@graph":[{"@type":"WebPage","@id":"https:\/\/southamericaplanet.com\/nl\/policy-for-trekking\/","url":"https:\/\/southamericaplanet.com\/nl\/policy-for-trekking\/","name":"Pol\u00edtica de trekking","isPartOf":{"@id":"https:\/\/southamericaplanet.com\/#website"},"datePublished":"2020-03-13T04:18:45+00:00","dateModified":"2023-03-16T09:39:22+00:00","breadcrumb":{"@id":"https:\/\/southamericaplanet.com\/nl\/policy-for-trekking\/#breadcrumb"},"inLanguage":"es-PE","potentialAction":[{"@type":"ReadAction","target":["https:\/\/southamericaplanet.com\/nl\/policy-for-trekking\/"]}]},{"@type":"BreadcrumbList","@id":"https:\/\/southamericaplanet.com\/nl\/policy-for-trekking\/#breadcrumb","itemListElement":[{"@type":"ListItem","position":1,"name":"Home","item":"https:\/\/southamericaplanet.com\/nl\/"},{"@type":"ListItem","position":2,"name":"Regels- Policy voor trektochten"}]},{"@type":"WebSite","@id":"https:\/\/southamericaplanet.com\/#website","url":"https:\/\/southamericaplanet.com\/","name":"South America Planet","description":"Agente de viajes Sudam\u00e9rica, viajes a Per\u00fa, Bolivia, Argentina, Chile, Colombia, Ecuador, tambi\u00e9n trekking, operador oficial incatrail","publisher":{"@id":"https:\/\/southamericaplanet.com\/#organization"},"potentialAction":[{"@type":"SearchAction","target":{"@type":"EntryPoint","urlTemplate":"https:\/\/southamericaplanet.com\/?s={search_term_string}"},"query-input":{"@type":"PropertyValueSpecification","valueRequired":true,"valueName":"search_term_string"}}],"inLanguage":"es-PE"},{"@type":"Organization","@id":"https:\/\/southamericaplanet.com\/#organization","name":"South America Planet","url":"https:\/\/southamericaplanet.com\/","logo":{"@type":"ImageObject","inLanguage":"es-PE","@id":"https:\/\/southamericaplanet.com\/#\/schema\/logo\/image\/","url":"https:\/\/southamericaplanet.com\/wp-content\/uploads\/2016\/11\/114-logo.yj6w.jpg","contentUrl":"https:\/\/southamericaplanet.com\/wp-content\/uploads\/2016\/11\/114-logo.yj6w.jpg","width":140,"height":140,"caption":"South America Planet"},"image":{"@id":"https:\/\/southamericaplanet.com\/#\/schema\/logo\/image\/"},"sameAs":["https:\/\/www.facebook.com\/Southamericaplanet"]}]}},"_links":{"self":[{"href":"https:\/\/southamericaplanet.com\/es\/wp-json\/wp\/v2\/pages\/3098","targetHints":{"allow":["GET"]}}],"collection":[{"href":"https:\/\/southamericaplanet.com\/es\/wp-json\/wp\/v2\/pages"}],"about":[{"href":"https:\/\/southamericaplanet.com\/es\/wp-json\/wp\/v2\/types\/page"}],"author":[{"embeddable":true,"href":"https:\/\/southamericaplanet.com\/es\/wp-json\/wp\/v2\/users\/2"}],"replies":[{"embeddable":true,"href":"https:\/\/southamericaplanet.com\/es\/wp-json\/wp\/v2\/comments?post=3098"}],"version-history":[{"count":0,"href":"https:\/\/southamericaplanet.com\/es\/wp-json\/wp\/v2\/pages\/3098\/revisions"}],"wp:attachment":[{"href":"https:\/\/southamericaplanet.com\/es\/wp-json\/wp\/v2\/media?parent=3098"}],"curies":[{"name":"wp","href":"https:\/\/api.w.org\/{rel}","templated":true}]}}