{"id":4924,"date":"2020-03-01T18:33:05","date_gmt":"2020-03-01T18:33:05","guid":{"rendered":"http:\/\/southamericaplanet.com\/?page_id=4924"},"modified":"2022-06-15T18:31:59","modified_gmt":"2022-06-15T18:31:59","slug":"level-of-difficulty-explanation-trekking-peru","status":"publish","type":"page","link":"https:\/\/southamericaplanet.com\/es\/level-of-difficulty-explanation-trekking-peru\/","title":{"rendered":"Nivel de Dificultad \u2013 Explicaci\u00f3n trekking Per\u00fa"},"content":{"rendered":"<p><strong>Nivel de dificultad \u2013 Explicaci\u00f3n<\/strong><\/p>\n<p>Hemos creado un sistema de calificaci\u00f3n para todas nuestras caminatas que encontrar\u00e1 en la lista de cada una de las descripciones de los viajes. Es importante recordar que todas nuestras caminatas requieren estar en buen estado de salud. Todas nuestras caminatas requieren que camines por largos per\u00edodos de tiempo, a veces cuesta arriba durante varias horas. A continuaci\u00f3n tenemos descripciones de nuestro sistema de calificaci\u00f3n y las usamos para evaluar su preparaci\u00f3n para un viaje espec\u00edfico.<\/p>\n<p><strong>Normal \/ F\u00e1cil<\/strong><\/p>\n<p>Estas caminatas a menudo son m\u00e1s cortas y generalmente requieren caminar menos cada d\u00eda. Es importante gozar de buena salud y sentirse c\u00f3modo al caminar durante largos per\u00edodos de tiempo. Estos viajes a\u00fan requieren que est\u00e9s en buena forma f\u00edsica y bien preparado.<\/p>\n<p><strong>Medio \/ moderado<\/strong><\/p>\n<p>Estas caminatas suelen ser m\u00e1s largas y requieren caminar durante largos per\u00edodos de tiempo en una variedad de terrenos. Esto puede incluir per\u00edodos prolongados de tiempo caminando cuesta arriba y a trav\u00e9s de terrenos desafiantes. Estas caminatas tambi\u00e9n pueden llegar a altitudes de 4.500 a 4.800 metros. Es muy importante que el participante est\u00e9 en buena forma f\u00edsica y bien aclimatado. Se recomienda experiencia previa en senderismo o trekking. Estos viajes son generalmente de menos de 5 d\u00edas.<\/p>\n<p><strong>Desafiante<\/strong><\/p>\n<p>Estas caminatas generalmente duran 6 d\u00edas o m\u00e1s y son muy desafiantes f\u00edsicamente. Cada d\u00eda puede incluir caminar durante un per\u00edodo prolongado (6 o m\u00e1s horas) sobre una variedad de terrenos. A menudo, este terreno es muy desafiante y puede incluir per\u00edodos prolongados de tiempo cuesta arriba. Estas caminatas pueden alcanzar alturas de m\u00e1s de 5.000 metros. La experiencia previa en trekking es muy recomendable para todos estos viajes. Por favor, estar en excelente forma f\u00edsica, tener todo el equipo necesario y tener planificado un tiempo adecuado para la aclimataci\u00f3n.<br \/>\nSi tienes alguna pregunta o comentario sobre el nivel de dificultad de las caminatas, no dudes en contactarnos.<\/p>\n<hr>\n<p><strong>Las dificultades de la caminata est\u00e1n relacionadas entre s\u00ed, \u00a1pero en realidad todas son desafiantes!<\/strong><\/p>\n<div class=\"ZyvIDe\">\n<div class=\"a8FIud X0rvP L6rCcb\" data-apply-responsive-style=\"true\" data-classes=\"\" data-initial-translation-length=\"656\" data-saved-translation-limit-reached=\"false\">\n<div data-show-delay-ms=\"250\" data-append-to-body=\"false\" data-propagate-tooltip-mouseover-events=\"true\" data-anchor-corner=\"bottom-end\" data-enable-skip-handler=\"false\" data-popup-corner=\"top-end\">\n<div><span class=\"JLqJ4b ChMk0b\" data-language-for-alternatives=\"es\" data-language-to-translate-into=\"en\" data-phrase-index=\"0\" data-number-of-phrases=\"7\"><span class=\"Q4iAWc\">La mayor\u00eda de las personas pueden hacer muchas de las caminatas, siempre y cuando tengan una buena forma f\u00edsica y una buena actitud.<\/span><\/span> <span class=\"JLqJ4b ChMk0b\" data-language-for-alternatives=\"es\" data-language-to-translate-into=\"en\" data-phrase-index=\"1\" data-number-of-phrases=\"7\"><span class=\"Q4iAWc\">(\u00a1pero lo encuentran un desaf\u00edo!) \u00a1Un poco de entrenamiento antes de la caminata lo har\u00e1 mucho m\u00e1s f\u00e1cil!<\/span><\/span> <span class=\"JLqJ4b ChMk0b\" data-language-for-alternatives=\"es\" data-language-to-translate-into=\"en\" data-phrase-index=\"2\" data-number-of-phrases=\"7\"><span class=\"Q4iAWc\">Le sugerimos enf\u00e1ticamente que si no se considera muy apto (\u00a1sea honesto!) hable con nosotros antes de hacer una caminata.<\/span><\/span> <span class=\"JLqJ4b ChMk0b\" data-language-for-alternatives=\"es\" data-language-to-translate-into=\"en\" data-phrase-index=\"3\" data-number-of-phrases=\"7\"><span class=\"Q4iAWc\">Adem\u00e1s, av\u00edsenos si tiene alg\u00fan problema m\u00e9dico. Si no nos lo dice, asumimos que est\u00e1 100% saludable.<\/span><\/span> <span class=\"JLqJ4b ChMk0b\" data-language-for-alternatives=\"es\" data-language-to-translate-into=\"en\" data-phrase-index=\"5\" data-number-of-phrases=\"7\"><span class=\"Q4iAWc\">No asumimos ninguna responsabilidad sobre la calificaci\u00f3n de las caminatas o la mala\/insuficiente aclimataci\u00f3n.<\/span><\/span> <span class=\"JLqJ4b ChMk0b\" data-language-for-alternatives=\"es\" data-language-to-translate-into=\"en\" data-phrase-index=\"6\" data-number-of-phrases=\"7\"><span class=\"Q4iAWc\">El nivel para cada persona es diferente, \u00a1depende de la experiencia de caminar!<\/span><\/span><\/div>\n<\/div>\n<\/div>\n<\/div>\n<p>&nbsp;<\/p>\n","protected":false},"excerpt":{"rendered":"<p>Nivel de dificultad \u2013 Explicaci\u00f3n Hemos creado un sistema de calificaci\u00f3n para todas nuestras caminatas que encontrar\u00e1 en la lista de cada una de las descripciones de los viajes. Es importante recordar&#8230;<\/p>\n","protected":false},"author":2,"featured_media":0,"parent":0,"menu_order":25,"comment_status":"open","ping_status":"closed","template":"","meta":{"_acf_changed":false,"ngg_post_thumbnail":0,"footnotes":""},"class_list":["post-4924","page","type-page","status-publish","hentry"],"acf":[],"yoast_head":"<!-- This site is optimized with the Yoast SEO plugin v26.3 - https:\/\/yoast.com\/wordpress\/plugins\/seo\/ -->\n<title>Nivel de Dificultad \u2013 Explicaci\u00f3n trekking Per\u00fa<\/title>\n<meta name=\"robots\" content=\"index, follow, max-snippet:-1, max-image-preview:large, max-video-preview:-1\" \/>\n<link rel=\"canonical\" href=\"https:\/\/southamericaplanet.com\/es\/level-of-difficulty-explanation-trekking-peru\/\" \/>\n<meta property=\"og:locale\" content=\"es_ES\" \/>\n<meta property=\"og:locale:alternate\" content=\"en_US\" \/>\n<meta property=\"og:locale:alternate\" content=\"nl_NL\" \/>\n<meta property=\"og:type\" content=\"article\" \/>\n<meta property=\"og:title\" content=\"Nivel de Dificultad \u2013 Explicaci\u00f3n trekking Per\u00fa\" \/>\n<meta property=\"og:description\" content=\"Nivel de dificultad \u2013 Explicaci\u00f3n Hemos creado un sistema de calificaci\u00f3n para todas nuestras caminatas que encontrar\u00e1 en la lista de cada una de las descripciones de los viajes. Es importante recordar...\" \/>\n<meta property=\"og:url\" content=\"https:\/\/southamericaplanet.com\/es\/level-of-difficulty-explanation-trekking-peru\/\" \/>\n<meta property=\"article:publisher\" content=\"https:\/\/www.facebook.com\/Southamericaplanet\" \/>\n<meta property=\"article:modified_time\" content=\"2022-06-15T18:31:59+00:00\" \/>\n<meta property=\"og:image\" content=\"https:\/\/southamericaplanet.com\/wp-content\/uploads\/2021\/09\/southamericaplanet.jpg\" \/>\n\t<meta property=\"og:image:width\" content=\"1200\" \/>\n\t<meta property=\"og:image:height\" content=\"627\" \/>\n\t<meta property=\"og:image:type\" content=\"image\/jpeg\" \/>\n<meta name=\"twitter:card\" content=\"summary_large_image\" \/>\n<meta name=\"twitter:label1\" content=\"Est. reading time\" \/>\n\t<meta name=\"twitter:data1\" content=\"7 minutos\" \/>\n<script type=\"application\/ld+json\" class=\"yoast-schema-graph\">{\"@context\":\"https:\/\/schema.org\",\"@graph\":[{\"@type\":\"WebPage\",\"@id\":\"https:\/\/southamericaplanet.com\/nl\/level-of-difficulty-explanation-trekking-peru\/\",\"url\":\"https:\/\/southamericaplanet.com\/nl\/level-of-difficulty-explanation-trekking-peru\/\",\"name\":\"Nivel de Dificultad \u2013 Explicaci\u00f3n trekking Per\u00fa\",\"isPartOf\":{\"@id\":\"https:\/\/southamericaplanet.com\/#website\"},\"datePublished\":\"2020-03-01T18:33:05+00:00\",\"dateModified\":\"2022-06-15T18:31:59+00:00\",\"breadcrumb\":{\"@id\":\"https:\/\/southamericaplanet.com\/nl\/level-of-difficulty-explanation-trekking-peru\/#breadcrumb\"},\"inLanguage\":\"es-PE\",\"potentialAction\":[{\"@type\":\"ReadAction\",\"target\":[\"https:\/\/southamericaplanet.com\/nl\/level-of-difficulty-explanation-trekking-peru\/\"]}]},{\"@type\":\"BreadcrumbList\",\"@id\":\"https:\/\/southamericaplanet.com\/nl\/level-of-difficulty-explanation-trekking-peru\/#breadcrumb\",\"itemListElement\":[{\"@type\":\"ListItem\",\"position\":1,\"name\":\"Home\",\"item\":\"https:\/\/southamericaplanet.com\/nl\/\"},{\"@type\":\"ListItem\",\"position\":2,\"name\":\"Moeilijkheidsgraad \u00e2\u20ac\u201c Uitleg trekking Peru\"}]},{\"@type\":\"WebSite\",\"@id\":\"https:\/\/southamericaplanet.com\/#website\",\"url\":\"https:\/\/southamericaplanet.com\/\",\"name\":\"South America Planet\",\"description\":\"Agente de viajes Sudam\u00e9rica, viajes a Per\u00fa, Bolivia, Argentina, Chile, Colombia, Ecuador, tambi\u00e9n trekking, operador oficial incatrail\",\"publisher\":{\"@id\":\"https:\/\/southamericaplanet.com\/#organization\"},\"potentialAction\":[{\"@type\":\"SearchAction\",\"target\":{\"@type\":\"EntryPoint\",\"urlTemplate\":\"https:\/\/southamericaplanet.com\/?s={search_term_string}\"},\"query-input\":{\"@type\":\"PropertyValueSpecification\",\"valueRequired\":true,\"valueName\":\"search_term_string\"}}],\"inLanguage\":\"es-PE\"},{\"@type\":\"Organization\",\"@id\":\"https:\/\/southamericaplanet.com\/#organization\",\"name\":\"South America Planet\",\"url\":\"https:\/\/southamericaplanet.com\/\",\"logo\":{\"@type\":\"ImageObject\",\"inLanguage\":\"es-PE\",\"@id\":\"https:\/\/southamericaplanet.com\/#\/schema\/logo\/image\/\",\"url\":\"https:\/\/southamericaplanet.com\/wp-content\/uploads\/2016\/11\/114-logo.yj6w.jpg\",\"contentUrl\":\"https:\/\/southamericaplanet.com\/wp-content\/uploads\/2016\/11\/114-logo.yj6w.jpg\",\"width\":140,\"height\":140,\"caption\":\"South America Planet\"},\"image\":{\"@id\":\"https:\/\/southamericaplanet.com\/#\/schema\/logo\/image\/\"},\"sameAs\":[\"https:\/\/www.facebook.com\/Southamericaplanet\"]}]}<\/script>\n<!-- \/ Yoast SEO plugin. -->","yoast_head_json":{"title":"Nivel de Dificultad \u2013 Explicaci\u00f3n trekking Per\u00fa","robots":{"index":"index","follow":"follow","max-snippet":"max-snippet:-1","max-image-preview":"max-image-preview:large","max-video-preview":"max-video-preview:-1"},"canonical":"https:\/\/southamericaplanet.com\/es\/level-of-difficulty-explanation-trekking-peru\/","og_locale":"es_ES","og_type":"article","og_title":"[:en]Level of Difficulty \u2013 Explanation trekking Peru[:es]Nivel de Dificultad \u2013 Explicaci\u00f3n trekking Per\u00fa[:nl]Moeilijkheidsgraad \u2013 Uitleg trekking Peru[:] -","og_description":"Nivel de dificultad \u2013 Explicaci\u00f3n Hemos creado un sistema de calificaci\u00f3n para todas nuestras caminatas que encontrar\u00e1 en la lista de cada una de las descripciones de los viajes. Es importante recordar...","og_url":"https:\/\/southamericaplanet.com\/es\/level-of-difficulty-explanation-trekking-peru\/","article_publisher":"https:\/\/www.facebook.com\/Southamericaplanet","article_modified_time":"2022-06-15T18:31:59+00:00","og_image":[{"width":1200,"height":627,"url":"https:\/\/southamericaplanet.com\/wp-content\/uploads\/2021\/09\/southamericaplanet.jpg","type":"image\/jpeg"}],"twitter_card":"summary_large_image","twitter_misc":{"Est. reading time":"7 minutos"},"schema":{"@context":"https:\/\/schema.org","@graph":[{"@type":"WebPage","@id":"https:\/\/southamericaplanet.com\/nl\/level-of-difficulty-explanation-trekking-peru\/","url":"https:\/\/southamericaplanet.com\/nl\/level-of-difficulty-explanation-trekking-peru\/","name":"Nivel de Dificultad \u2013 Explicaci\u00f3n trekking Per\u00fa","isPartOf":{"@id":"https:\/\/southamericaplanet.com\/#website"},"datePublished":"2020-03-01T18:33:05+00:00","dateModified":"2022-06-15T18:31:59+00:00","breadcrumb":{"@id":"https:\/\/southamericaplanet.com\/nl\/level-of-difficulty-explanation-trekking-peru\/#breadcrumb"},"inLanguage":"es-PE","potentialAction":[{"@type":"ReadAction","target":["https:\/\/southamericaplanet.com\/nl\/level-of-difficulty-explanation-trekking-peru\/"]}]},{"@type":"BreadcrumbList","@id":"https:\/\/southamericaplanet.com\/nl\/level-of-difficulty-explanation-trekking-peru\/#breadcrumb","itemListElement":[{"@type":"ListItem","position":1,"name":"Home","item":"https:\/\/southamericaplanet.com\/nl\/"},{"@type":"ListItem","position":2,"name":"Moeilijkheidsgraad \u00e2\u20ac\u201c Uitleg trekking Peru"}]},{"@type":"WebSite","@id":"https:\/\/southamericaplanet.com\/#website","url":"https:\/\/southamericaplanet.com\/","name":"South America Planet","description":"Agente de viajes Sudam\u00e9rica, viajes a Per\u00fa, Bolivia, Argentina, Chile, Colombia, Ecuador, tambi\u00e9n trekking, operador oficial incatrail","publisher":{"@id":"https:\/\/southamericaplanet.com\/#organization"},"potentialAction":[{"@type":"SearchAction","target":{"@type":"EntryPoint","urlTemplate":"https:\/\/southamericaplanet.com\/?s={search_term_string}"},"query-input":{"@type":"PropertyValueSpecification","valueRequired":true,"valueName":"search_term_string"}}],"inLanguage":"es-PE"},{"@type":"Organization","@id":"https:\/\/southamericaplanet.com\/#organization","name":"South America Planet","url":"https:\/\/southamericaplanet.com\/","logo":{"@type":"ImageObject","inLanguage":"es-PE","@id":"https:\/\/southamericaplanet.com\/#\/schema\/logo\/image\/","url":"https:\/\/southamericaplanet.com\/wp-content\/uploads\/2016\/11\/114-logo.yj6w.jpg","contentUrl":"https:\/\/southamericaplanet.com\/wp-content\/uploads\/2016\/11\/114-logo.yj6w.jpg","width":140,"height":140,"caption":"South America Planet"},"image":{"@id":"https:\/\/southamericaplanet.com\/#\/schema\/logo\/image\/"},"sameAs":["https:\/\/www.facebook.com\/Southamericaplanet"]}]}},"_links":{"self":[{"href":"https:\/\/southamericaplanet.com\/es\/wp-json\/wp\/v2\/pages\/4924","targetHints":{"allow":["GET"]}}],"collection":[{"href":"https:\/\/southamericaplanet.com\/es\/wp-json\/wp\/v2\/pages"}],"about":[{"href":"https:\/\/southamericaplanet.com\/es\/wp-json\/wp\/v2\/types\/page"}],"author":[{"embeddable":true,"href":"https:\/\/southamericaplanet.com\/es\/wp-json\/wp\/v2\/users\/2"}],"replies":[{"embeddable":true,"href":"https:\/\/southamericaplanet.com\/es\/wp-json\/wp\/v2\/comments?post=4924"}],"version-history":[{"count":0,"href":"https:\/\/southamericaplanet.com\/es\/wp-json\/wp\/v2\/pages\/4924\/revisions"}],"wp:attachment":[{"href":"https:\/\/southamericaplanet.com\/es\/wp-json\/wp\/v2\/media?parent=4924"}],"curies":[{"name":"wp","href":"https:\/\/api.w.org\/{rel}","templated":true}]}}