{"id":12423,"date":"2020-07-13T16:16:15","date_gmt":"2020-07-13T16:16:15","guid":{"rendered":"https:\/\/southamericaplanet.com\/?page_id=12423"},"modified":"2021-09-01T17:01:30","modified_gmt":"2021-09-01T17:01:30","slug":"corona","status":"publish","type":"page","link":"https:\/\/southamericaplanet.com\/nl\/general-information-individual-tours\/corona\/","title":{"rendered":"Corona, rules and info"},"content":{"rendered":"<p><img loading=\"lazy\" decoding=\"async\" class=\" wp-image-12425 alignleft\" src=\"https:\/\/southamericaplanet.com\/wp-content\/uploads\/2020\/07\/CORONA-SAP-300x152.png\" alt=\"\" width=\"363\" height=\"184\" srcset=\"https:\/\/southamericaplanet.com\/wp-content\/uploads\/2020\/07\/CORONA-SAP-300x152.png 300w, https:\/\/southamericaplanet.com\/wp-content\/uploads\/2020\/07\/CORONA-SAP.png 550w\" sizes=\"auto, (max-width: 363px) 100vw, 363px\" \/><\/p>\n<p>&nbsp;<\/p>\n<p>&nbsp;<\/p>\n<p>&nbsp;<\/p>\n<p>&nbsp;<\/p>\n<p>&nbsp;<\/p>\n<hr>\n<p><img loading=\"lazy\" decoding=\"async\" class=\" wp-image-12426 alignleft\" src=\"https:\/\/southamericaplanet.com\/wp-content\/uploads\/2020\/07\/Ingreso-Pasajeros--300x169.jpeg\" alt=\"\" width=\"364\" height=\"205\" srcset=\"https:\/\/southamericaplanet.com\/wp-content\/uploads\/2020\/07\/Ingreso-Pasajeros--300x169.jpeg 300w, https:\/\/southamericaplanet.com\/wp-content\/uploads\/2020\/07\/Ingreso-Pasajeros-.jpeg 640w\" sizes=\"auto, (max-width: 364px) 100vw, 364px\" \/><\/p>\n<p>&nbsp;<\/p>\n<p>&nbsp;<\/p>\n<p>&nbsp;<\/p>\n<p>&nbsp;<\/p>\n<p>&nbsp;<\/p>\n<p>&nbsp;<\/p>\n<p>&nbsp;<\/p>\n<p><strong>At the Airport arriving in Peru\/ op de luchthaven bij aankomst Peru<\/strong><\/p>\n<p><span style=\"color: #ff6600;\"><strong>ENG \/<\/strong><\/span><br \/>\n*The traveler will present his affidavit of health<br \/>\n*The passenger will only enter the airport, unless he needs help<br \/>\n*admission with mask and face protector<br \/>\n*temperature is measured<br \/>\n*disinfect hands and shoes<br \/>\n*getting in and out, respect distance between people<\/p>\n<p><span style=\"color: #993300;\"><strong>NL\/<\/strong><\/span><br \/>\n*De reiziger zal zijn verklaring van gezondheid presenteren<br \/>\n*De passagier komt alleen op de luchthaven, tenzij hij hulp nodig heeft<br \/>\n*aankomst met met masker en gezichtsbeschermer<br \/>\n*temperatuur word gemeten<br \/>\n*handen en schoenen desinfecteren<br \/>\n*in en uitstappen, respecteer afstand tussen personen<\/p>\n<hr>\n<p><img loading=\"lazy\" decoding=\"async\" class=\" wp-image-12427 alignleft\" src=\"https:\/\/southamericaplanet.com\/wp-content\/uploads\/2020\/07\/corobna-300x169.jpg\" alt=\"\" width=\"362\" height=\"204\" srcset=\"https:\/\/southamericaplanet.com\/wp-content\/uploads\/2020\/07\/corobna-300x169.jpg 300w, https:\/\/southamericaplanet.com\/wp-content\/uploads\/2020\/07\/corobna-1024x576.jpg 1024w, https:\/\/southamericaplanet.com\/wp-content\/uploads\/2020\/07\/corobna-768x432.jpg 768w, https:\/\/southamericaplanet.com\/wp-content\/uploads\/2020\/07\/corobna.jpg 1280w\" sizes=\"auto, (max-width: 362px) 100vw, 362px\" \/><\/p>\n<p>&nbsp;<\/p>\n<p>&nbsp;<\/p>\n<p>&nbsp;<\/p>\n<p>&nbsp;<\/p>\n<p>&nbsp;<\/p>\n<p>&nbsp;<\/p>\n<p><b>INTER PROVINCIAL<\/b><strong>&nbsp;TRANSPORT PROTOCOL\/INTERPROVINCIAAL TRANSPORT PROTOCOL<\/strong><\/p>\n<p><span style=\"color: #ff6600;\"><strong>ENG \/<\/strong><\/span><br \/>\n*The traveler will present his affidavit of health\/to prove you are not contaminated with Corona<br \/>\n*only&nbsp; passengers who travel will enter the busterminal<br \/>\n*Passenger and crew admission only with mask and face protector&nbsp;<br \/>\n*temperature is measured<br \/>\n*implement polyethylene curtain or similar material for insulation between the seats of the unit<br \/>\n*getting in and out, respect distance between people<\/p>\n<p><span style=\"color: #993300;\"><strong>NL\/<\/strong><\/span><br \/>\n*De reiziger zal zijn verklaring van gezondheid presenteren\/ om te bewijzen dat hij geen Corona heeft<br \/>\n*Enkel passagiers die reizen, worden in de busterminal toegelaten<br \/>\n*Passagiers en&nbsp; masker en gezichtsbeschermer<br \/>\n*temperatuur word gemeten<br \/>\n*implementeer een polyethyleen gordijn of soortgelijk materiaal voor isolatie tussen de zetels van de unit<br \/>\n*in en uitstappen, respecteer afstand tussen personen<\/p>\n<hr>\n<p><img loading=\"lazy\" decoding=\"async\" class=\"wp-image-12428 alignleft\" src=\"https:\/\/southamericaplanet.com\/wp-content\/uploads\/2020\/07\/Transporte-publico-300x169.jpeg\" alt=\"\" width=\"351\" height=\"198\" srcset=\"https:\/\/southamericaplanet.com\/wp-content\/uploads\/2020\/07\/Transporte-publico-300x169.jpeg 300w, https:\/\/southamericaplanet.com\/wp-content\/uploads\/2020\/07\/Transporte-publico.jpeg 645w\" sizes=\"auto, (max-width: 351px) 100vw, 351px\" \/><\/p>\n<p>&nbsp;<\/p>\n<p>&nbsp;<\/p>\n<p>&nbsp;<\/p>\n<p>&nbsp;<\/p>\n<p>&nbsp;<\/p>\n<p>&nbsp;<\/p>\n<p><b>PUBLIC <\/b><strong>TRANSPORT PROTOCOL\/PUBLIEK TRANSPORT PROTOCOL<\/strong><\/p>\n<p><strong><span style=\"color: #ff6600;\">ENG<\/span> \/<\/strong><br \/>\n*Passenger only with mask and face protector&nbsp;<br \/>\n*keep windows open&nbsp;<br \/>\n*never travel standing<\/p>\n<p><span style=\"color: #993300;\"><strong>NL\/<\/strong><\/span><br \/>\n*Passagiers en&nbsp; masker en gezichtsbeschermer<br \/>\n*hou de ramen open<br \/>\n*reis nooit staand<\/p>\n<p><img loading=\"lazy\" decoding=\"async\" class=\"size-medium wp-image-12729 aligncenter\" src=\"https:\/\/southamericaplanet.com\/wp-content\/uploads\/2020\/07\/corona-1-300x258.png\" alt=\"\" width=\"300\" height=\"258\" srcset=\"https:\/\/southamericaplanet.com\/wp-content\/uploads\/2020\/07\/corona-1-300x258.png 300w, https:\/\/southamericaplanet.com\/wp-content\/uploads\/2020\/07\/corona-1-230x198.png 230w, https:\/\/southamericaplanet.com\/wp-content\/uploads\/2020\/07\/corona-1.png 646w\" sizes=\"auto, (max-width: 300px) 100vw, 300px\" \/><\/p>\n<hr>\n<p><strong><span style=\"color: #0000ff;\">ES<\/span> \/INSTRUCTIVO PARA USO DE ESPACIOS PUBLICOS CLIENTES, VISITANTES, PROVEEDORES, GUIAS<\/strong><br \/>\n. Antes de ingresar a la oficina desinfectar la planta de los zapatos en la puerta.<br \/>\n. Debe ingresar con su mascarilla.<br \/>\n. Hacerse controlar la temperatura.<br \/>\n. Restringir el ingreso si presentan temperatura corporal mayor a 38\u00b0C.<br \/>\n. Registrarse en la ficha de ingreso personal o visita seg\u00fan corresponda.<br \/>\n. Dejar en la zona de desinfecci\u00f3n carteras o paquetes para ser desinfectados.<br \/>\n. Pasar al ba\u00f1o para el lavado de manos correspondiente (personal).<br \/>\n. Visitantes desinfecci\u00f3n de manos con alcohol en gel.<br \/>\n. Personas visitantes deber\u00e1n mantener la distancia social de 2m del personal que los atienda.<br \/>\n. Tomar asiento en la silla establecida para visitas, no pasar de las marcas de separaci\u00f3n.<br \/>\n. Seguir y cumplir las indicaciones impartidas para el uso de \u00e1reas p\u00fablicas.<br \/>\n. La empresa cuenta con mediaos de pago virtuales, a trav\u00e9s de nuestra p\u00e1gina web, para el uso de tarjetas de cr\u00e9dito, Pay pal, transferencias bancarias. sin contacto a fin de prevenir el contagio de nuestros trabajadores y clientes.<\/p>\n<hr>\n<p><strong><span style=\"color: #ff6600;\">ENG \/<\/span> INSTRUCTION FOR USE OF PUBLIC SPACES CLIENTS, VISITORS, SUPPLIERS, GUIDES<\/strong><br \/>\n. Before entering the office, disinfect the shoe sole on the door.<br \/>\n. You must enter with your mask.<br \/>\n. Get the temperature checked.<br \/>\n. Restrict admission if they have a body temperature greater than 38 \u00b0 C.<br \/>\n. Register in the personal entry or visit card as appropriate.<br \/>\n. Leave wallets or packages in the disinfection area to be disinfected.<br \/>\n. Go to the bathroom for the corresponding hand wash (personal).<br \/>\n. Visitors disinfecting hands with alcohol gel.<br \/>\n. Visitors must maintain a social distance of 2m from the staff attending them.<br \/>\n. Take a seat in the chair established for visitors, do not go beyond the separation marks.<br \/>\n. Follow and comply with the instructions given for the use of public areas.<br \/>\n. The company has virtual payment media, through our website, for the use of credit cards, Pay pal, bank transfers. without contact in order to prevent the spread&nbsp; of virus of our workers and customers.<\/p>\n<hr>\n<p><strong><span style=\"color: #800000;\">NL\/<\/span>INSTRUCTIE VOOR GEBRUIK VAN OPENBARE RUIMTEN KLANTEN, BEZOEKERS, LEVERANCIERS, GIDSEN<\/strong><br \/>\n. Voordat u het kantoor binnengaat, desinfecteert u de schoenzool op de deur.<br \/>\n. Je moet binnenkomen met je masker.<br \/>\n. Laat je temperatuur controleren.<br \/>\n. Toeging geweigerd als je een lichaamstemperatuur hebt van meer dan 38 \u00b0 C.<br \/>\n. Registreer u in de persoonlijke inkom of bezoek boek&nbsp; indien nodig.<br \/>\n. Laat portemonnees of pakketten achter in het desinfectiegebied om te desinfecteren.<br \/>\n. Ga naar de badkamer om je handen te wassen<br \/>\n. Bezoekers desinfecteren handen met alcoholgel.<br \/>\n. Bezoekers moeten een sociale afstand van 2 meter bewaren van het personeel dat hen helpt.<br \/>\n. Neem plaats in de stoel die is aangeduid voor bezoekers, ga niet verder dan de scheidingstekens.<br \/>\n. Volg&nbsp; de instructies voor het gebruik van openbare ruimtes.<br \/>\n. We hebben via onze website virtuele betaalmethoden voor het gebruik van creditcards, Pay pal, bankoverschrijvingen. zonder contact&nbsp; met cash geld, om besmetting van onze werknemers en klanten te voorkomen.<\/p>\n","protected":false},"excerpt":{"rendered":"<p>&nbsp; &nbsp; &nbsp; &nbsp; &nbsp; &nbsp; &nbsp; &nbsp; &nbsp; &nbsp; &nbsp; &nbsp; At the Airport arriving in Peru\/ op de luchthaven bij aankomst Peru ENG \/ *The traveler will present his affidavit&#8230;<\/p>\n","protected":false},"author":3,"featured_media":12727,"parent":3095,"menu_order":29,"comment_status":"closed","ping_status":"closed","template":"","meta":{"_acf_changed":false,"ngg_post_thumbnail":0,"footnotes":""},"class_list":["post-12423","page","type-page","status-publish","has-post-thumbnail","hentry"],"acf":[],"yoast_head":"<!-- This site is optimized with the Yoast SEO plugin v26.3 - https:\/\/yoast.com\/wordpress\/plugins\/seo\/ -->\n<title>Corona, rules and info<\/title>\n<meta name=\"robots\" content=\"index, follow, max-snippet:-1, max-image-preview:large, max-video-preview:-1\" \/>\n<link rel=\"canonical\" href=\"https:\/\/southamericaplanet.com\/nl\/general-information-individual-tours\/corona\/\" \/>\n<meta property=\"og:locale\" content=\"nl_NL\" \/>\n<meta property=\"og:locale:alternate\" content=\"en_US\" \/>\n<meta property=\"og:locale:alternate\" content=\"es_PE\" \/>\n<meta property=\"og:type\" content=\"article\" \/>\n<meta property=\"og:title\" content=\"Corona, rules and info\" \/>\n<meta property=\"og:description\" content=\"&nbsp; &nbsp; &nbsp; &nbsp; &nbsp; &nbsp; &nbsp; &nbsp; &nbsp; &nbsp; &nbsp; &nbsp; At the Airport arriving in Peru\/ op de luchthaven bij aankomst Peru ENG \/ *The traveler will present his affidavit...\" \/>\n<meta property=\"og:url\" content=\"https:\/\/southamericaplanet.com\/nl\/general-information-individual-tours\/corona\/\" \/>\n<meta property=\"article:publisher\" content=\"https:\/\/www.facebook.com\/Southamericaplanet\" \/>\n<meta property=\"article:modified_time\" content=\"2021-09-01T17:01:30+00:00\" \/>\n<meta property=\"og:image\" content=\"https:\/\/southamericaplanet.com\/wp-content\/uploads\/2020\/07\/corona.png\" \/>\n\t<meta property=\"og:image:width\" content=\"646\" \/>\n\t<meta property=\"og:image:height\" content=\"555\" \/>\n\t<meta property=\"og:image:type\" content=\"image\/png\" \/>\n<meta name=\"twitter:card\" content=\"summary_large_image\" \/>\n<meta name=\"twitter:label1\" content=\"Geschatte leestijd\" \/>\n\t<meta name=\"twitter:data1\" content=\"5 minuten\" \/>\n<script type=\"application\/ld+json\" class=\"yoast-schema-graph\">{\"@context\":\"https:\/\/schema.org\",\"@graph\":[{\"@type\":\"WebPage\",\"@id\":\"https:\/\/southamericaplanet.com\/nl\/general-information-individual-tours\/corona\/\",\"url\":\"https:\/\/southamericaplanet.com\/nl\/general-information-individual-tours\/corona\/\",\"name\":\"Corona, rules and info\",\"isPartOf\":{\"@id\":\"https:\/\/southamericaplanet.com\/#website\"},\"primaryImageOfPage\":{\"@id\":\"https:\/\/southamericaplanet.com\/nl\/general-information-individual-tours\/corona\/#primaryimage\"},\"image\":{\"@id\":\"https:\/\/southamericaplanet.com\/nl\/general-information-individual-tours\/corona\/#primaryimage\"},\"thumbnailUrl\":\"https:\/\/southamericaplanet.com\/wp-content\/uploads\/2020\/07\/corona.png\",\"datePublished\":\"2020-07-13T16:16:15+00:00\",\"dateModified\":\"2021-09-01T17:01:30+00:00\",\"breadcrumb\":{\"@id\":\"https:\/\/southamericaplanet.com\/nl\/general-information-individual-tours\/corona\/#breadcrumb\"},\"inLanguage\":\"nl-NL\",\"potentialAction\":[{\"@type\":\"ReadAction\",\"target\":[\"https:\/\/southamericaplanet.com\/nl\/general-information-individual-tours\/corona\/\"]}]},{\"@type\":\"ImageObject\",\"inLanguage\":\"nl-NL\",\"@id\":\"https:\/\/southamericaplanet.com\/nl\/general-information-individual-tours\/corona\/#primaryimage\",\"url\":\"https:\/\/southamericaplanet.com\/wp-content\/uploads\/2020\/07\/corona.png\",\"contentUrl\":\"https:\/\/southamericaplanet.com\/wp-content\/uploads\/2020\/07\/corona.png\",\"width\":646,\"height\":555},{\"@type\":\"BreadcrumbList\",\"@id\":\"https:\/\/southamericaplanet.com\/nl\/general-information-individual-tours\/corona\/#breadcrumb\",\"itemListElement\":[{\"@type\":\"ListItem\",\"position\":1,\"name\":\"Home\",\"item\":\"https:\/\/southamericaplanet.com\/nl\/\"},{\"@type\":\"ListItem\",\"position\":2,\"name\":\"Algemene info individuele tours\",\"item\":\"https:\/\/southamericaplanet.com\/nl\/general-information-individual-tours\/\"},{\"@type\":\"ListItem\",\"position\":3,\"name\":\"Corona, rules and info\"}]},{\"@type\":\"WebSite\",\"@id\":\"https:\/\/southamericaplanet.com\/#website\",\"url\":\"https:\/\/southamericaplanet.com\/\",\"name\":\"South America Planet\",\"description\":\"Reis agent Zuid America, reizen naar Peru, Bolivia, Argentini\u00eb, Chili, Colombia, Ecuador, ook trektochten, offici\u00eble incatrail operator\",\"publisher\":{\"@id\":\"https:\/\/southamericaplanet.com\/#organization\"},\"potentialAction\":[{\"@type\":\"SearchAction\",\"target\":{\"@type\":\"EntryPoint\",\"urlTemplate\":\"https:\/\/southamericaplanet.com\/?s={search_term_string}\"},\"query-input\":{\"@type\":\"PropertyValueSpecification\",\"valueRequired\":true,\"valueName\":\"search_term_string\"}}],\"inLanguage\":\"nl-NL\"},{\"@type\":\"Organization\",\"@id\":\"https:\/\/southamericaplanet.com\/#organization\",\"name\":\"South America Planet\",\"url\":\"https:\/\/southamericaplanet.com\/\",\"logo\":{\"@type\":\"ImageObject\",\"inLanguage\":\"nl-NL\",\"@id\":\"https:\/\/southamericaplanet.com\/#\/schema\/logo\/image\/\",\"url\":\"https:\/\/southamericaplanet.com\/wp-content\/uploads\/2016\/11\/114-logo.yj6w.jpg\",\"contentUrl\":\"https:\/\/southamericaplanet.com\/wp-content\/uploads\/2016\/11\/114-logo.yj6w.jpg\",\"width\":140,\"height\":140,\"caption\":\"South America Planet\"},\"image\":{\"@id\":\"https:\/\/southamericaplanet.com\/#\/schema\/logo\/image\/\"},\"sameAs\":[\"https:\/\/www.facebook.com\/Southamericaplanet\"]}]}<\/script>\n<!-- \/ Yoast SEO plugin. -->","yoast_head_json":{"title":"Corona, rules and info","robots":{"index":"index","follow":"follow","max-snippet":"max-snippet:-1","max-image-preview":"max-image-preview:large","max-video-preview":"max-video-preview:-1"},"canonical":"https:\/\/southamericaplanet.com\/nl\/general-information-individual-tours\/corona\/","og_locale":"nl_NL","og_type":"article","og_title":"[:en]Corona, rules and info[:nl]Corona, rules and info[:] -","og_description":"&nbsp; &nbsp; &nbsp; &nbsp; &nbsp; &nbsp; &nbsp; &nbsp; &nbsp; &nbsp; &nbsp; &nbsp; At the Airport arriving in Peru\/ op de luchthaven bij aankomst Peru ENG \/ *The traveler will present his affidavit...","og_url":"https:\/\/southamericaplanet.com\/nl\/general-information-individual-tours\/corona\/","article_publisher":"https:\/\/www.facebook.com\/Southamericaplanet","article_modified_time":"2021-09-01T17:01:30+00:00","og_image":[{"width":646,"height":555,"url":"https:\/\/southamericaplanet.com\/wp-content\/uploads\/2020\/07\/corona.png","type":"image\/png"}],"twitter_card":"summary_large_image","twitter_misc":{"Geschatte leestijd":"5 minuten"},"schema":{"@context":"https:\/\/schema.org","@graph":[{"@type":"WebPage","@id":"https:\/\/southamericaplanet.com\/nl\/general-information-individual-tours\/corona\/","url":"https:\/\/southamericaplanet.com\/nl\/general-information-individual-tours\/corona\/","name":"Corona, rules and info","isPartOf":{"@id":"https:\/\/southamericaplanet.com\/#website"},"primaryImageOfPage":{"@id":"https:\/\/southamericaplanet.com\/nl\/general-information-individual-tours\/corona\/#primaryimage"},"image":{"@id":"https:\/\/southamericaplanet.com\/nl\/general-information-individual-tours\/corona\/#primaryimage"},"thumbnailUrl":"https:\/\/southamericaplanet.com\/wp-content\/uploads\/2020\/07\/corona.png","datePublished":"2020-07-13T16:16:15+00:00","dateModified":"2021-09-01T17:01:30+00:00","breadcrumb":{"@id":"https:\/\/southamericaplanet.com\/nl\/general-information-individual-tours\/corona\/#breadcrumb"},"inLanguage":"nl-NL","potentialAction":[{"@type":"ReadAction","target":["https:\/\/southamericaplanet.com\/nl\/general-information-individual-tours\/corona\/"]}]},{"@type":"ImageObject","inLanguage":"nl-NL","@id":"https:\/\/southamericaplanet.com\/nl\/general-information-individual-tours\/corona\/#primaryimage","url":"https:\/\/southamericaplanet.com\/wp-content\/uploads\/2020\/07\/corona.png","contentUrl":"https:\/\/southamericaplanet.com\/wp-content\/uploads\/2020\/07\/corona.png","width":646,"height":555},{"@type":"BreadcrumbList","@id":"https:\/\/southamericaplanet.com\/nl\/general-information-individual-tours\/corona\/#breadcrumb","itemListElement":[{"@type":"ListItem","position":1,"name":"Home","item":"https:\/\/southamericaplanet.com\/nl\/"},{"@type":"ListItem","position":2,"name":"Algemene info individuele tours","item":"https:\/\/southamericaplanet.com\/nl\/general-information-individual-tours\/"},{"@type":"ListItem","position":3,"name":"Corona, rules and info"}]},{"@type":"WebSite","@id":"https:\/\/southamericaplanet.com\/#website","url":"https:\/\/southamericaplanet.com\/","name":"South America Planet","description":"Reis agent Zuid America, reizen naar Peru, Bolivia, Argentini\u00eb, Chili, Colombia, Ecuador, ook trektochten, offici\u00eble incatrail operator","publisher":{"@id":"https:\/\/southamericaplanet.com\/#organization"},"potentialAction":[{"@type":"SearchAction","target":{"@type":"EntryPoint","urlTemplate":"https:\/\/southamericaplanet.com\/?s={search_term_string}"},"query-input":{"@type":"PropertyValueSpecification","valueRequired":true,"valueName":"search_term_string"}}],"inLanguage":"nl-NL"},{"@type":"Organization","@id":"https:\/\/southamericaplanet.com\/#organization","name":"South America Planet","url":"https:\/\/southamericaplanet.com\/","logo":{"@type":"ImageObject","inLanguage":"nl-NL","@id":"https:\/\/southamericaplanet.com\/#\/schema\/logo\/image\/","url":"https:\/\/southamericaplanet.com\/wp-content\/uploads\/2016\/11\/114-logo.yj6w.jpg","contentUrl":"https:\/\/southamericaplanet.com\/wp-content\/uploads\/2016\/11\/114-logo.yj6w.jpg","width":140,"height":140,"caption":"South America Planet"},"image":{"@id":"https:\/\/southamericaplanet.com\/#\/schema\/logo\/image\/"},"sameAs":["https:\/\/www.facebook.com\/Southamericaplanet"]}]}},"_links":{"self":[{"href":"https:\/\/southamericaplanet.com\/nl\/wp-json\/wp\/v2\/pages\/12423","targetHints":{"allow":["GET"]}}],"collection":[{"href":"https:\/\/southamericaplanet.com\/nl\/wp-json\/wp\/v2\/pages"}],"about":[{"href":"https:\/\/southamericaplanet.com\/nl\/wp-json\/wp\/v2\/types\/page"}],"author":[{"embeddable":true,"href":"https:\/\/southamericaplanet.com\/nl\/wp-json\/wp\/v2\/users\/3"}],"replies":[{"embeddable":true,"href":"https:\/\/southamericaplanet.com\/nl\/wp-json\/wp\/v2\/comments?post=12423"}],"version-history":[{"count":0,"href":"https:\/\/southamericaplanet.com\/nl\/wp-json\/wp\/v2\/pages\/12423\/revisions"}],"up":[{"embeddable":true,"href":"https:\/\/southamericaplanet.com\/nl\/wp-json\/wp\/v2\/pages\/3095"}],"wp:featuredmedia":[{"embeddable":true,"href":"https:\/\/southamericaplanet.com\/nl\/wp-json\/wp\/v2\/media\/12727"}],"wp:attachment":[{"href":"https:\/\/southamericaplanet.com\/nl\/wp-json\/wp\/v2\/media?parent=12423"}],"curies":[{"name":"wp","href":"https:\/\/api.w.org\/{rel}","templated":true}]}}