{"id":28602,"date":"2021-09-09T17:20:00","date_gmt":"2021-09-09T17:20:00","guid":{"rendered":"https:\/\/southamericaplanet.com\/?page_id=28602"},"modified":"2026-02-09T08:09:12","modified_gmt":"2026-02-09T08:09:12","slug":"travel-agent-to-south-america","status":"publish","type":"page","link":"https:\/\/southamericaplanet.com\/nl\/","title":{"rendered":"Reisagent in Zuid-Amerika"},"content":{"rendered":"<div style=\"position: absolute; top: -14797px;\">\n<h2>Cresus Casino : une aventure royale du jeu en ligne en France<\/h2>\n<p>Cresus Casino offre une exp\u00e9rience de jeu immersive avec une grande vari\u00e9t\u00e9 de machines \u00e0 sous et de jeux de table. Le site propose des promotions int\u00e9ressantes et des bonus de bienvenue pour enrichir chaque session. Les transactions sont <a href=\"https:\/\/cresuscasino-fr.com\/\" target=\"_blank\" rel=\"noopener\">cresus casino avis bonussansdepot.info<\/a> enti\u00e8rement s\u00e9curis\u00e9es, et les paiements sont trait\u00e9s rapidement pour une exp\u00e9rience fluide. Avec un service client r\u00e9actif, Cresus Casino garantit une assistance disponible 24\/7 pour ses joueurs.<\/p>\n<\/p><\/div>\n","protected":false},"excerpt":{"rendered":"<p>Cresus Casino : une aventure royale du jeu en ligne en France Cresus Casino offre une exp\u00e9rience de jeu immersive avec une grande vari\u00e9t\u00e9 de machines \u00e0 sous et de jeux de&#8230;<\/p>\n","protected":false},"author":2,"featured_media":28941,"parent":0,"menu_order":4,"comment_status":"closed","ping_status":"closed","template":"","meta":{"_acf_changed":false,"ngg_post_thumbnail":0,"footnotes":""},"class_list":["post-28602","page","type-page","status-publish","has-post-thumbnail","hentry"],"acf":[],"yoast_head":"<!-- This site is optimized with the Yoast SEO plugin v26.3 - https:\/\/yoast.com\/wordpress\/plugins\/seo\/ -->\n<title>Reisagent in Zuid-Amerika<\/title>\n<meta name=\"description\" content=\"Reeds 20 jaar erkende reisagent in Zuid-Amerika. Peru, Bolivia, Argentini\u00eb, Chili, Colombia, Ecuador reizen op maat. Inca trail operator.\" \/>\n<meta name=\"robots\" content=\"index, follow, max-snippet:-1, max-image-preview:large, max-video-preview:-1\" \/>\n<link rel=\"canonical\" href=\"https:\/\/southamericaplanet.com\/nl\/\" \/>\n<meta property=\"og:locale\" content=\"nl_NL\" \/>\n<meta property=\"og:locale:alternate\" content=\"en_US\" \/>\n<meta property=\"og:locale:alternate\" content=\"es_PE\" \/>\n<meta property=\"og:type\" content=\"article\" \/>\n<meta property=\"og:title\" content=\"Reisagent in Zuid-Amerika\" \/>\n<meta property=\"og:description\" content=\"Reeds 20 jaar erkende reisagent in Zuid-Amerika. Peru, Bolivia, Argentini\u00eb, Chili, Colombia, Ecuador reizen op maat. Inca trail operator.\" \/>\n<meta property=\"og:url\" content=\"https:\/\/southamericaplanet.com\/nl\/\" \/>\n<meta property=\"article:publisher\" content=\"https:\/\/www.facebook.com\/Southamericaplanet\" \/>\n<meta property=\"article:modified_time\" content=\"2026-02-09T08:09:12+00:00\" \/>\n<meta property=\"og:image\" content=\"https:\/\/southamericaplanet.com\/wp-content\/uploads\/2022\/04\/South_America_Planet-favicon.png\" \/>\n\t<meta property=\"og:image:width\" content=\"800\" \/>\n\t<meta property=\"og:image:height\" content=\"800\" \/>\n\t<meta property=\"og:image:type\" content=\"image\/png\" \/>\n<meta name=\"twitter:card\" content=\"summary_large_image\" \/>\n<meta name=\"twitter:title\" content=\"South America Planet - Travel Agent to South America\" \/>\n<meta name=\"twitter:description\" content=\"The most important travel agent to South America. Tours in Peru, Bolivia, Argentina, Chile, Colombia, Ecuador. Also trekkings like Inca trail.\" \/>\n<meta name=\"twitter:image\" content=\"https:\/\/southamericaplanet.com\/wp-content\/uploads\/2022\/04\/South_America_Planet-favicon.png\" \/>\n<meta name=\"twitter:label1\" content=\"Geschatte leestijd\" \/>\n\t<meta name=\"twitter:data1\" content=\"1 minuut\" \/>\n<script type=\"application\/ld+json\" class=\"yoast-schema-graph\">{\"@context\":\"https:\/\/schema.org\",\"@graph\":[{\"@type\":\"WebPage\",\"@id\":\"https:\/\/southamericaplanet.com\/nl\/\",\"url\":\"https:\/\/southamericaplanet.com\/\",\"name\":\"Reisagent in Zuid-Amerika\",\"isPartOf\":{\"@id\":\"https:\/\/southamericaplanet.com\/#website\"},\"primaryImageOfPage\":{\"@id\":\"https:\/\/southamericaplanet.com\/#primaryimage\"},\"image\":{\"@id\":\"https:\/\/southamericaplanet.com\/#primaryimage\"},\"thumbnailUrl\":\"https:\/\/southamericaplanet.com\/wp-content\/uploads\/2021\/09\/SAP-Logo_color.png\",\"datePublished\":\"2021-09-09T17:20:00+00:00\",\"dateModified\":\"2026-02-09T08:09:12+00:00\",\"description\":\"Reeds 20 jaar erkende reisagent in Zuid-Amerika. Peru, Bolivia, Argentini\u00eb, Chili, Colombia, Ecuador reizen op maat. Inca trail operator.\",\"breadcrumb\":{\"@id\":\"https:\/\/southamericaplanet.com\/#breadcrumb\"},\"inLanguage\":\"nl-NL\",\"potentialAction\":[{\"@type\":\"ReadAction\",\"target\":[\"https:\/\/southamericaplanet.com\/\"]}]},{\"@type\":\"ImageObject\",\"inLanguage\":\"nl-NL\",\"@id\":\"https:\/\/southamericaplanet.com\/#primaryimage\",\"url\":\"https:\/\/southamericaplanet.com\/wp-content\/uploads\/2021\/09\/SAP-Logo_color.png\",\"contentUrl\":\"https:\/\/southamericaplanet.com\/wp-content\/uploads\/2021\/09\/SAP-Logo_color.png\",\"width\":800,\"height\":800,\"caption\":\"\"},{\"@type\":\"BreadcrumbList\",\"@id\":\"https:\/\/southamericaplanet.com\/#breadcrumb\",\"itemListElement\":[{\"@type\":\"ListItem\",\"position\":1,\"name\":\"Home\",\"item\":\"https:\/\/southamericaplanet.com\/nl\/\"},{\"@type\":\"ListItem\",\"position\":2,\"name\":\"Reisagent in Zuid-Amerika\"}]},{\"@type\":\"WebSite\",\"@id\":\"https:\/\/southamericaplanet.com\/#website\",\"url\":\"https:\/\/southamericaplanet.com\/\",\"name\":\"South America Planet\",\"description\":\"Reis agent Zuid America, reizen naar Peru, Bolivia, Argentini\u00eb, Chili, Colombia, Ecuador, ook trektochten, offici\u00eble incatrail operator\",\"publisher\":{\"@id\":\"https:\/\/southamericaplanet.com\/#organization\"},\"potentialAction\":[{\"@type\":\"SearchAction\",\"target\":{\"@type\":\"EntryPoint\",\"urlTemplate\":\"https:\/\/southamericaplanet.com\/?s={search_term_string}\"},\"query-input\":{\"@type\":\"PropertyValueSpecification\",\"valueRequired\":true,\"valueName\":\"search_term_string\"}}],\"inLanguage\":\"nl-NL\"},{\"@type\":\"Organization\",\"@id\":\"https:\/\/southamericaplanet.com\/#organization\",\"name\":\"South America Planet\",\"url\":\"https:\/\/southamericaplanet.com\/\",\"logo\":{\"@type\":\"ImageObject\",\"inLanguage\":\"nl-NL\",\"@id\":\"https:\/\/southamericaplanet.com\/#\/schema\/logo\/image\/\",\"url\":\"https:\/\/southamericaplanet.com\/wp-content\/uploads\/2016\/11\/114-logo.yj6w.jpg\",\"contentUrl\":\"https:\/\/southamericaplanet.com\/wp-content\/uploads\/2016\/11\/114-logo.yj6w.jpg\",\"width\":140,\"height\":140,\"caption\":\"South America Planet\"},\"image\":{\"@id\":\"https:\/\/southamericaplanet.com\/#\/schema\/logo\/image\/\"},\"sameAs\":[\"https:\/\/www.facebook.com\/Southamericaplanet\"]}]}<\/script>\n<!-- \/ Yoast SEO plugin. -->","yoast_head_json":{"title":"Reisagent in Zuid-Amerika","description":"Reeds 20 jaar erkende reisagent in Zuid-Amerika. Peru, Bolivia, Argentini\u00eb, Chili, Colombia, Ecuador reizen op maat. Inca trail operator.","robots":{"index":"index","follow":"follow","max-snippet":"max-snippet:-1","max-image-preview":"max-image-preview:large","max-video-preview":"max-video-preview:-1"},"canonical":"https:\/\/southamericaplanet.com\/nl\/","og_locale":"nl_NL","og_type":"article","og_title":"[:en]Travel Agent to South America[:es]Agente de viajes a Sudam\u00e9rica[:nl]Reisagent in Zuid-Amerika[:] -","og_description":"Reeds 20 jaar erkende reisagent in Zuid-Amerika. Peru, Bolivia, Argentini\u00eb, Chili, Colombia, Ecuador reizen op maat. Inca trail operator.","og_url":"https:\/\/southamericaplanet.com\/nl\/","article_publisher":"https:\/\/www.facebook.com\/Southamericaplanet","article_modified_time":"2026-02-09T08:09:12+00:00","og_image":[{"width":800,"height":800,"url":"https:\/\/southamericaplanet.com\/wp-content\/uploads\/2022\/04\/South_America_Planet-favicon.png","type":"image\/png"}],"twitter_card":"summary_large_image","twitter_title":"South America Planet - Travel Agent to South America","twitter_description":"The most important travel agent to South America. Tours in Peru, Bolivia, Argentina, Chile, Colombia, Ecuador. Also trekkings like Inca trail.","twitter_image":"https:\/\/southamericaplanet.com\/wp-content\/uploads\/2022\/04\/South_America_Planet-favicon.png","twitter_misc":{"Geschatte leestijd":"1 minuut"},"schema":{"@context":"https:\/\/schema.org","@graph":[{"@type":"WebPage","@id":"https:\/\/southamericaplanet.com\/nl\/","url":"https:\/\/southamericaplanet.com\/","name":"Reisagent in Zuid-Amerika","isPartOf":{"@id":"https:\/\/southamericaplanet.com\/#website"},"primaryImageOfPage":{"@id":"https:\/\/southamericaplanet.com\/#primaryimage"},"image":{"@id":"https:\/\/southamericaplanet.com\/#primaryimage"},"thumbnailUrl":"https:\/\/southamericaplanet.com\/wp-content\/uploads\/2021\/09\/SAP-Logo_color.png","datePublished":"2021-09-09T17:20:00+00:00","dateModified":"2026-02-09T08:09:12+00:00","description":"Reeds 20 jaar erkende reisagent in Zuid-Amerika. Peru, Bolivia, Argentini\u00eb, Chili, Colombia, Ecuador reizen op maat. Inca trail operator.","breadcrumb":{"@id":"https:\/\/southamericaplanet.com\/#breadcrumb"},"inLanguage":"nl-NL","potentialAction":[{"@type":"ReadAction","target":["https:\/\/southamericaplanet.com\/"]}]},{"@type":"ImageObject","inLanguage":"nl-NL","@id":"https:\/\/southamericaplanet.com\/#primaryimage","url":"https:\/\/southamericaplanet.com\/wp-content\/uploads\/2021\/09\/SAP-Logo_color.png","contentUrl":"https:\/\/southamericaplanet.com\/wp-content\/uploads\/2021\/09\/SAP-Logo_color.png","width":800,"height":800,"caption":""},{"@type":"BreadcrumbList","@id":"https:\/\/southamericaplanet.com\/#breadcrumb","itemListElement":[{"@type":"ListItem","position":1,"name":"Home","item":"https:\/\/southamericaplanet.com\/nl\/"},{"@type":"ListItem","position":2,"name":"Reisagent in Zuid-Amerika"}]},{"@type":"WebSite","@id":"https:\/\/southamericaplanet.com\/#website","url":"https:\/\/southamericaplanet.com\/","name":"South America Planet","description":"Reis agent Zuid America, reizen naar Peru, Bolivia, Argentini\u00eb, Chili, Colombia, Ecuador, ook trektochten, offici\u00eble incatrail operator","publisher":{"@id":"https:\/\/southamericaplanet.com\/#organization"},"potentialAction":[{"@type":"SearchAction","target":{"@type":"EntryPoint","urlTemplate":"https:\/\/southamericaplanet.com\/?s={search_term_string}"},"query-input":{"@type":"PropertyValueSpecification","valueRequired":true,"valueName":"search_term_string"}}],"inLanguage":"nl-NL"},{"@type":"Organization","@id":"https:\/\/southamericaplanet.com\/#organization","name":"South America Planet","url":"https:\/\/southamericaplanet.com\/","logo":{"@type":"ImageObject","inLanguage":"nl-NL","@id":"https:\/\/southamericaplanet.com\/#\/schema\/logo\/image\/","url":"https:\/\/southamericaplanet.com\/wp-content\/uploads\/2016\/11\/114-logo.yj6w.jpg","contentUrl":"https:\/\/southamericaplanet.com\/wp-content\/uploads\/2016\/11\/114-logo.yj6w.jpg","width":140,"height":140,"caption":"South America Planet"},"image":{"@id":"https:\/\/southamericaplanet.com\/#\/schema\/logo\/image\/"},"sameAs":["https:\/\/www.facebook.com\/Southamericaplanet"]}]}},"_links":{"self":[{"href":"https:\/\/southamericaplanet.com\/nl\/wp-json\/wp\/v2\/pages\/28602","targetHints":{"allow":["GET"]}}],"collection":[{"href":"https:\/\/southamericaplanet.com\/nl\/wp-json\/wp\/v2\/pages"}],"about":[{"href":"https:\/\/southamericaplanet.com\/nl\/wp-json\/wp\/v2\/types\/page"}],"author":[{"embeddable":true,"href":"https:\/\/southamericaplanet.com\/nl\/wp-json\/wp\/v2\/users\/2"}],"replies":[{"embeddable":true,"href":"https:\/\/southamericaplanet.com\/nl\/wp-json\/wp\/v2\/comments?post=28602"}],"version-history":[{"count":0,"href":"https:\/\/southamericaplanet.com\/nl\/wp-json\/wp\/v2\/pages\/28602\/revisions"}],"wp:featuredmedia":[{"embeddable":true,"href":"https:\/\/southamericaplanet.com\/nl\/wp-json\/wp\/v2\/media\/28941"}],"wp:attachment":[{"href":"https:\/\/southamericaplanet.com\/nl\/wp-json\/wp\/v2\/media?parent=28602"}],"curies":[{"name":"wp","href":"https:\/\/api.w.org\/{rel}","templated":true}]}}