{"id":30121,"date":"2022-03-23T22:01:27","date_gmt":"2022-03-23T22:01:27","guid":{"rendered":"https:\/\/southamericaplanet.com\/es\/?page_id=30121"},"modified":"2026-01-14T15:13:12","modified_gmt":"2026-01-14T15:13:12","slug":"politica-integrada-de-gestion","status":"publish","type":"page","link":"https:\/\/southamericaplanet.com\/nl\/politica-integrada-de-gestion\/","title":{"rendered":"Ge\u00efntegreerd beheerbeleid"},"content":{"rendered":"<p>Wij zijn een reisbureau dat authentieke en innovatieve ervaringen biedt met een respectvolle relatie met de sociaal-culturele gebruiken, het milieu en de regelgeving van de landen die we promoten. We worden gekenmerkt door<br \/>\npersonalisatie van onze toeristische diensten, met empathie, houding en professionaliteit; dromen van klanten werkelijkheid maken en hun verwachtingen overtreffen.<\/p>\n<p>We zijn ons bewust van het belang van de kwaliteit van onze diensten en de bescherming en het behoud van het milieu, en van het naleven van de vereisten met betrekking tot de veiligheid van avontuurlijk toerisme, en zetten ons in om:<\/p>\n<ul>\n<li>Voldoen aan de behoeften en verwachtingen van onze klanten, om te garanderen dat elke toerist met een onvergetelijke ervaring naar huis terugkeert.<\/li>\n<li>Bescherm het milieu, voorkom milieuvervuiling, evenals het behoud van flora en fauna en culturele activa.<\/li>\n<li>De bescherming van de veiligheid en gezondheid van alle medewerkers, bezoekers en klanten garanderen en een veilige omgeving bieden voor de ontwikkeling van onze activiteiten, door middel van risicopreventie en -controle.<\/li>\n<li>Garandeer de raadpleging en actieve deelname van al het personeel en hun vertegenwoordigers in het ge\u00efntegreerd beheersysteem.<\/li>\n<li>Voldoen aan de van toepassing zijnde wettelijke vereisten en andere die de organisatie onderschrijft.<\/li>\n<li>Bevorder continue verbetering van het beheer en de prestaties van het Integrated Management System.<\/li>\n<\/ul>\n<p>We hebben competent en gesensibiliseerd personeel voor de verplichtingen die zijn aangegaan in ons Integrated Management System.<\/p>\n<p><img loading=\"lazy\" decoding=\"async\" class=\"aligncenter size-full wp-image-30104\" style=\"box-shadow: none; padding: 0; margin-top: 2em;\" src=\"https:\/\/southamericaplanet.com\/wp-content\/uploads\/2022\/03\/001-2.png\" alt=\"\" width=\"1080\" height=\"1080\" srcset=\"https:\/\/southamericaplanet.com\/wp-content\/uploads\/2022\/03\/001-2.png 1080w, https:\/\/southamericaplanet.com\/wp-content\/uploads\/2022\/03\/001-2-300x300.png 300w, https:\/\/southamericaplanet.com\/wp-content\/uploads\/2022\/03\/001-2-1024x1024.png 1024w, https:\/\/southamericaplanet.com\/wp-content\/uploads\/2022\/03\/001-2-768x768.png 768w\" sizes=\"auto, (max-width: 1080px) 100vw, 1080px\" \/><\/p>\n<p><span style=\"font-size: 12pt;\"><strong>GROEP SOUTH AMERICA PLANET<\/strong><\/span><\/p>\n<p><span style=\"font-size: 12pt;\"><strong>1\/Amazing Holidays Tours<\/strong><\/span><\/p>\n<p style=\"text-align: left;\"><span style=\"font-size: 12pt;\"><strong>RUC<\/strong> : 20600751850<\/span><\/p>\n<p style=\"text-align: left;\"><span style=\"font-size: 12pt;\"><strong>2\/America Trek SAC<\/strong><\/span><\/p>\n<p style=\"text-align: left;\"><span style=\"font-size: 12pt;\"><strong>RUC<\/strong> :20600794737<\/span><\/p>\n<p><span style=\"font-size: 12pt;\"><strong>Kantoor in Cusco, Per\u00fa<\/strong><\/span><\/p>\n<ul>\n<li><span style=\"font-size: 12pt;\">CALLE SAN AGUSTIN #307\/ OFF. 116 dept. F\/ Operation + Trekking<\/span><\/li>\n<li><span style=\"font-size: 12pt;\"><strong>Tel:<\/strong> +51 84 251145&nbsp; &nbsp;<\/span><\/li>\n<li><span style=\"font-size: 12pt;\"><a href=\"https:\/\/goo.gl\/maps\/C2Qhk8Na9fDhWty26\" target=\"_blank\" rel=\"noopener\">Google Maps<\/a><\/span><\/li>\n<\/ul>\n<p><span style=\"font-size: 12pt;\"><strong>Kantoor uren <\/strong><\/span><\/p>\n<ul>\n<li><span style=\"font-size: 12pt;\"><strong>We zijn geopend:<\/strong> Van Maandag tot Vrijdag . Zaterdag tot&nbsp; 1pm &#8211; Zondag gesloten .<\/span><\/li>\n<li><span style=\"font-size: 12pt;\"><strong>Kantoor uren :<\/strong> 8 AM tot 1 PM&nbsp; en 4 PM tot 8 PM.<\/span><\/li>\n<\/ul>\n<p><span style=\"font-size: 12pt;\"><strong>Contact<\/strong><\/span><\/p>\n<ul>\n<li><span style=\"font-size: 12pt;\"><strong>Email:<\/strong> <a href=\"mailto:info@southamericaplanet.com\" target=\"_blank\" rel=\"noopener\">info@southamericaplanet.com<\/a><\/span><\/li>\n<li><span style=\"font-size: 12pt;\"><strong>Skype:<\/strong> southamericaplanet<\/span><\/li>\n<\/ul>\n<p><span style=\"font-size: 12pt;\"><strong><span style=\"color: #0000ff;\">Nood nummers<\/span>&nbsp;<\/strong><\/span><\/p>\n<ul>\n<li><span style=\"font-size: 12pt;\"><strong>GSM:<\/strong> (+51) 984 112 504<\/span><\/li>\n<li><span style=\"font-size: 12pt;\"><strong>WhatsApp:<\/strong> (+51) 984 577 011<\/span><\/li>\n<\/ul>\n<p><strong>Gecertificeerd bedrijf<\/strong><\/p>\n<p><img loading=\"lazy\" decoding=\"async\" class=\"alignleft wp-image-30681\" style=\"box-shadow: none; padding: 0; margin-top: 1em; margin-bottom: 1em; max-width: 200px;\" src=\"https:\/\/southamericaplanet.com\/wp-content\/uploads\/2022\/10\/NQA21101.png\" alt=\"\" width=\"108\" height=\"168\"><\/p>\n","protected":false},"excerpt":{"rendered":"<p>Wij zijn een reisbureau dat authentieke en innovatieve ervaringen biedt met een respectvolle relatie met de sociaal-culturele gebruiken, het milieu en de regelgeving van de landen die we promoten. We worden gekenmerkt&#8230;<\/p>\n","protected":false},"author":4,"featured_media":0,"parent":0,"menu_order":17,"comment_status":"closed","ping_status":"closed","template":"","meta":{"_acf_changed":false,"ngg_post_thumbnail":0,"footnotes":""},"class_list":["post-30121","page","type-page","status-publish","hentry"],"acf":[],"yoast_head":"<!-- This site is optimized with the Yoast SEO plugin v26.3 - https:\/\/yoast.com\/wordpress\/plugins\/seo\/ -->\n<title>Ge\u00efntegreerd beheerbeleid<\/title>\n<meta name=\"robots\" content=\"index, follow, max-snippet:-1, max-image-preview:large, max-video-preview:-1\" \/>\n<link rel=\"canonical\" href=\"https:\/\/southamericaplanet.com\/nl\/politica-integrada-de-gestion\/\" \/>\n<meta property=\"og:locale\" content=\"nl_NL\" \/>\n<meta property=\"og:locale:alternate\" content=\"en_US\" \/>\n<meta property=\"og:locale:alternate\" content=\"es_PE\" \/>\n<meta property=\"og:type\" content=\"article\" \/>\n<meta property=\"og:title\" content=\"Ge\u00efntegreerd beheerbeleid\" \/>\n<meta property=\"og:description\" content=\"Wij zijn een reisbureau dat authentieke en innovatieve ervaringen biedt met een respectvolle relatie met de sociaal-culturele gebruiken, het milieu en de regelgeving van de landen die we promoten. We worden gekenmerkt...\" \/>\n<meta property=\"og:url\" content=\"https:\/\/southamericaplanet.com\/nl\/politica-integrada-de-gestion\/\" \/>\n<meta property=\"article:publisher\" content=\"https:\/\/www.facebook.com\/Southamericaplanet\" \/>\n<meta property=\"article:modified_time\" content=\"2026-01-14T15:13:12+00:00\" \/>\n<meta property=\"og:image\" content=\"https:\/\/southamericaplanet.com\/wp-content\/uploads\/2022\/03\/001-2.png\" \/>\n\t<meta property=\"og:image:width\" content=\"1080\" \/>\n\t<meta property=\"og:image:height\" content=\"1080\" \/>\n\t<meta property=\"og:image:type\" content=\"image\/png\" \/>\n<meta name=\"twitter:card\" content=\"summary_large_image\" \/>\n<meta name=\"twitter:label1\" content=\"Geschatte leestijd\" \/>\n\t<meta name=\"twitter:data1\" content=\"2 minuten\" \/>\n<script type=\"application\/ld+json\" class=\"yoast-schema-graph\">{\"@context\":\"https:\/\/schema.org\",\"@graph\":[{\"@type\":\"WebPage\",\"@id\":\"https:\/\/southamericaplanet.com\/nl\/politica-integrada-de-gestion\/\",\"url\":\"https:\/\/southamericaplanet.com\/nl\/politica-integrada-de-gestion\/\",\"name\":\"Ge\u00efntegreerd beheerbeleid\",\"isPartOf\":{\"@id\":\"https:\/\/southamericaplanet.com\/#website\"},\"primaryImageOfPage\":{\"@id\":\"https:\/\/southamericaplanet.com\/nl\/politica-integrada-de-gestion\/#primaryimage\"},\"image\":{\"@id\":\"https:\/\/southamericaplanet.com\/nl\/politica-integrada-de-gestion\/#primaryimage\"},\"thumbnailUrl\":\"https:\/\/southamericaplanet.com\/wp-content\/uploads\/2022\/03\/001-2.png\",\"datePublished\":\"2022-03-23T22:01:27+00:00\",\"dateModified\":\"2026-01-14T15:13:12+00:00\",\"breadcrumb\":{\"@id\":\"https:\/\/southamericaplanet.com\/nl\/politica-integrada-de-gestion\/#breadcrumb\"},\"inLanguage\":\"nl-NL\",\"potentialAction\":[{\"@type\":\"ReadAction\",\"target\":[\"https:\/\/southamericaplanet.com\/nl\/politica-integrada-de-gestion\/\"]}]},{\"@type\":\"ImageObject\",\"inLanguage\":\"nl-NL\",\"@id\":\"https:\/\/southamericaplanet.com\/nl\/politica-integrada-de-gestion\/#primaryimage\",\"url\":\"https:\/\/southamericaplanet.com\/wp-content\/uploads\/2022\/03\/001-2.png\",\"contentUrl\":\"https:\/\/southamericaplanet.com\/wp-content\/uploads\/2022\/03\/001-2.png\"},{\"@type\":\"BreadcrumbList\",\"@id\":\"https:\/\/southamericaplanet.com\/nl\/politica-integrada-de-gestion\/#breadcrumb\",\"itemListElement\":[{\"@type\":\"ListItem\",\"position\":1,\"name\":\"Home\",\"item\":\"https:\/\/southamericaplanet.com\/nl\/\"},{\"@type\":\"ListItem\",\"position\":2,\"name\":\"Ge\u00efntegreerd beheerbeleid\"}]},{\"@type\":\"WebSite\",\"@id\":\"https:\/\/southamericaplanet.com\/#website\",\"url\":\"https:\/\/southamericaplanet.com\/\",\"name\":\"South America Planet\",\"description\":\"Reis agent Zuid America, reizen naar Peru, Bolivia, Argentini\u00eb, Chili, Colombia, Ecuador, ook trektochten, offici\u00eble incatrail operator\",\"publisher\":{\"@id\":\"https:\/\/southamericaplanet.com\/#organization\"},\"potentialAction\":[{\"@type\":\"SearchAction\",\"target\":{\"@type\":\"EntryPoint\",\"urlTemplate\":\"https:\/\/southamericaplanet.com\/?s={search_term_string}\"},\"query-input\":{\"@type\":\"PropertyValueSpecification\",\"valueRequired\":true,\"valueName\":\"search_term_string\"}}],\"inLanguage\":\"nl-NL\"},{\"@type\":\"Organization\",\"@id\":\"https:\/\/southamericaplanet.com\/#organization\",\"name\":\"South America Planet\",\"url\":\"https:\/\/southamericaplanet.com\/\",\"logo\":{\"@type\":\"ImageObject\",\"inLanguage\":\"nl-NL\",\"@id\":\"https:\/\/southamericaplanet.com\/#\/schema\/logo\/image\/\",\"url\":\"https:\/\/southamericaplanet.com\/wp-content\/uploads\/2016\/11\/114-logo.yj6w.jpg\",\"contentUrl\":\"https:\/\/southamericaplanet.com\/wp-content\/uploads\/2016\/11\/114-logo.yj6w.jpg\",\"width\":140,\"height\":140,\"caption\":\"South America Planet\"},\"image\":{\"@id\":\"https:\/\/southamericaplanet.com\/#\/schema\/logo\/image\/\"},\"sameAs\":[\"https:\/\/www.facebook.com\/Southamericaplanet\"]}]}<\/script>\n<!-- \/ Yoast SEO plugin. -->","yoast_head_json":{"title":"Ge\u00efntegreerd beheerbeleid","robots":{"index":"index","follow":"follow","max-snippet":"max-snippet:-1","max-image-preview":"max-image-preview:large","max-video-preview":"max-video-preview:-1"},"canonical":"https:\/\/southamericaplanet.com\/nl\/politica-integrada-de-gestion\/","og_locale":"nl_NL","og_type":"article","og_title":"[:en]Integrated Management Policy[:es]Pol\u00edtica Integrada de Gesti\u00f3n[:nl]Ge\u00efntegreerd beheerbeleid[:] -","og_description":"Wij zijn een reisbureau dat authentieke en innovatieve ervaringen biedt met een respectvolle relatie met de sociaal-culturele gebruiken, het milieu en de regelgeving van de landen die we promoten. We worden gekenmerkt...","og_url":"https:\/\/southamericaplanet.com\/nl\/politica-integrada-de-gestion\/","article_publisher":"https:\/\/www.facebook.com\/Southamericaplanet","article_modified_time":"2026-01-14T15:13:12+00:00","og_image":[{"width":1080,"height":1080,"url":"https:\/\/southamericaplanet.com\/wp-content\/uploads\/2022\/03\/001-2.png","type":"image\/png"}],"twitter_card":"summary_large_image","twitter_misc":{"Geschatte leestijd":"2 minuten"},"schema":{"@context":"https:\/\/schema.org","@graph":[{"@type":"WebPage","@id":"https:\/\/southamericaplanet.com\/nl\/politica-integrada-de-gestion\/","url":"https:\/\/southamericaplanet.com\/nl\/politica-integrada-de-gestion\/","name":"Ge\u00efntegreerd beheerbeleid","isPartOf":{"@id":"https:\/\/southamericaplanet.com\/#website"},"primaryImageOfPage":{"@id":"https:\/\/southamericaplanet.com\/nl\/politica-integrada-de-gestion\/#primaryimage"},"image":{"@id":"https:\/\/southamericaplanet.com\/nl\/politica-integrada-de-gestion\/#primaryimage"},"thumbnailUrl":"https:\/\/southamericaplanet.com\/wp-content\/uploads\/2022\/03\/001-2.png","datePublished":"2022-03-23T22:01:27+00:00","dateModified":"2026-01-14T15:13:12+00:00","breadcrumb":{"@id":"https:\/\/southamericaplanet.com\/nl\/politica-integrada-de-gestion\/#breadcrumb"},"inLanguage":"nl-NL","potentialAction":[{"@type":"ReadAction","target":["https:\/\/southamericaplanet.com\/nl\/politica-integrada-de-gestion\/"]}]},{"@type":"ImageObject","inLanguage":"nl-NL","@id":"https:\/\/southamericaplanet.com\/nl\/politica-integrada-de-gestion\/#primaryimage","url":"https:\/\/southamericaplanet.com\/wp-content\/uploads\/2022\/03\/001-2.png","contentUrl":"https:\/\/southamericaplanet.com\/wp-content\/uploads\/2022\/03\/001-2.png"},{"@type":"BreadcrumbList","@id":"https:\/\/southamericaplanet.com\/nl\/politica-integrada-de-gestion\/#breadcrumb","itemListElement":[{"@type":"ListItem","position":1,"name":"Home","item":"https:\/\/southamericaplanet.com\/nl\/"},{"@type":"ListItem","position":2,"name":"Ge\u00efntegreerd beheerbeleid"}]},{"@type":"WebSite","@id":"https:\/\/southamericaplanet.com\/#website","url":"https:\/\/southamericaplanet.com\/","name":"South America Planet","description":"Reis agent Zuid America, reizen naar Peru, Bolivia, Argentini\u00eb, Chili, Colombia, Ecuador, ook trektochten, offici\u00eble incatrail operator","publisher":{"@id":"https:\/\/southamericaplanet.com\/#organization"},"potentialAction":[{"@type":"SearchAction","target":{"@type":"EntryPoint","urlTemplate":"https:\/\/southamericaplanet.com\/?s={search_term_string}"},"query-input":{"@type":"PropertyValueSpecification","valueRequired":true,"valueName":"search_term_string"}}],"inLanguage":"nl-NL"},{"@type":"Organization","@id":"https:\/\/southamericaplanet.com\/#organization","name":"South America Planet","url":"https:\/\/southamericaplanet.com\/","logo":{"@type":"ImageObject","inLanguage":"nl-NL","@id":"https:\/\/southamericaplanet.com\/#\/schema\/logo\/image\/","url":"https:\/\/southamericaplanet.com\/wp-content\/uploads\/2016\/11\/114-logo.yj6w.jpg","contentUrl":"https:\/\/southamericaplanet.com\/wp-content\/uploads\/2016\/11\/114-logo.yj6w.jpg","width":140,"height":140,"caption":"South America Planet"},"image":{"@id":"https:\/\/southamericaplanet.com\/#\/schema\/logo\/image\/"},"sameAs":["https:\/\/www.facebook.com\/Southamericaplanet"]}]}},"_links":{"self":[{"href":"https:\/\/southamericaplanet.com\/nl\/wp-json\/wp\/v2\/pages\/30121","targetHints":{"allow":["GET"]}}],"collection":[{"href":"https:\/\/southamericaplanet.com\/nl\/wp-json\/wp\/v2\/pages"}],"about":[{"href":"https:\/\/southamericaplanet.com\/nl\/wp-json\/wp\/v2\/types\/page"}],"author":[{"embeddable":true,"href":"https:\/\/southamericaplanet.com\/nl\/wp-json\/wp\/v2\/users\/4"}],"replies":[{"embeddable":true,"href":"https:\/\/southamericaplanet.com\/nl\/wp-json\/wp\/v2\/comments?post=30121"}],"version-history":[{"count":0,"href":"https:\/\/southamericaplanet.com\/nl\/wp-json\/wp\/v2\/pages\/30121\/revisions"}],"wp:attachment":[{"href":"https:\/\/southamericaplanet.com\/nl\/wp-json\/wp\/v2\/media?parent=30121"}],"curies":[{"name":"wp","href":"https:\/\/api.w.org\/{rel}","templated":true}]}}